{"id":9,"date":"2023-02-06T09:42:21","date_gmt":"2023-02-06T09:42:21","guid":{"rendered":"http:\/\/girlyangy.fr\/?page_id=9"},"modified":"2023-02-09T09:45:24","modified_gmt":"2023-02-09T09:45:24","slug":"retours-et-echanges","status":"publish","type":"page","link":"https:\/\/girlyangy.fr\/?page_id=9","title":{"rendered":"retours et \u00e9changes"},"content":{"rendered":"\t\t<div data-elementor-type=\"wp-page\" data-elementor-id=\"9\" class=\"elementor elementor-9\">\n\t\t\t\t\t\t<section class=\"elementor-section elementor-top-section elementor-element elementor-element-46505ea elementor-section-boxed elementor-section-height-default elementor-section-height-default\" data-id=\"46505ea\" data-element_type=\"section\" data-e-type=\"section\">\n\t\t\t\t\t\t<div class=\"elementor-container elementor-column-gap-default\">\n\t\t\t\t\t<div class=\"elementor-column elementor-col-100 elementor-top-column elementor-element elementor-element-0a3db85\" data-id=\"0a3db85\" data-element_type=\"column\" data-e-type=\"column\">\n\t\t\t<div class=\"elementor-widget-wrap elementor-element-populated\">\n\t\t\t\t\t\t<div class=\"elementor-element elementor-element-4983625 elementor-widget elementor-widget-text-editor\" data-id=\"4983625\" data-element_type=\"widget\" data-e-type=\"widget\" data-widget_type=\"text-editor.default\">\n\t\t\t\t<div class=\"elementor-widget-container\">\n\t\t\t\t\t\t\t\t\t<h1><b>POLITIQUE DE RETOUR<\/b><\/h1><p><span style=\"font-weight: 400;\">Conform\u00e9ment aux dispositions de <\/span><b><i>l\u2019article L 121-20<\/i><\/b> <span style=\"font-weight: 400;\">du Code de la consommation :<\/span><\/p><p><span style=\"font-weight: 400;\">L&rsquo;acheteur dispose d&rsquo;un d\u00e9lai de sept jours, \u00e0 compter de la r\u00e9ception des produits, pour exercer son droit de r\u00e9tractation sans avoir \u00e0 justifier de motifs ni \u00e0 payer de p\u00e9nalit\u00e9s, \u00e0 l&rsquo;exception, le cas \u00e9ch\u00e9ant, des frais de retour retours.<\/span><\/p><p><span style=\"font-weight: 400;\">Les articles seront rembours\u00e9s si et seulement si ils sont renvoy\u00e9s dans le m\u00eame \u00e9tat et dans leur emballage d&rsquo;origine.\u00a0<\/span><\/p><p><span style=\"font-weight: 400;\">Les retours se font via Mondial Relay \u00e0 votre charge. Vous pouvez consulter les tarifs en vigueur pour Mondial Relay sur leur site internet. Les frais varient en fonction du poids du colis.<\/span><\/p><p><span style=\"font-weight: 400;\">La soci\u00e9t\u00e9 Girly Angy n&rsquo;est pas responsable en cas de perte ou d\u00e9t\u00e9rioration des colis retourn\u00e9s.\u00a0<\/span><\/p>\t\t\t\t\t\t\t\t<\/div>\n\t\t\t\t<\/div>\n\t\t\t\t\t<\/div>\n\t\t<\/div>\n\t\t\t\t\t<\/div>\n\t\t<\/section>\n\t\t\t\t<\/div>\n\t\t","protected":false},"excerpt":{"rendered":"<p>POLITIQUE DE RETOUR Conform\u00e9ment aux dispositions de l\u2019article L 121-20 du Code de la consommation : L&rsquo;acheteur dispose d&rsquo;un d\u00e9lai de sept jours, \u00e0 compter de la r\u00e9ception des produits, pour exercer son droit de r\u00e9tractation sans avoir \u00e0 justifier de motifs ni \u00e0 payer de p\u00e9nalit\u00e9s, \u00e0 l&rsquo;exception, le cas \u00e9ch\u00e9ant, des frais de [&hellip;]<\/p>\n","protected":false},"author":1,"featured_media":0,"parent":0,"menu_order":0,"comment_status":"closed","ping_status":"closed","template":"","meta":{"footnotes":""},"class_list":["post-9","page","type-page","status-publish","hentry"],"yoast_head":"<!-- This site is optimized with the Yoast SEO plugin v27.4 - https:\/\/yoast.com\/product\/yoast-seo-wordpress\/ -->\n<title>retours et \u00e9changes - Girly Angy<\/title>\n<meta name=\"robots\" content=\"index, follow, max-snippet:-1, max-image-preview:large, max-video-preview:-1\" \/>\n<link rel=\"canonical\" href=\"https:\/\/girlyangy.fr\/?page_id=9\" \/>\n<meta property=\"og:locale\" content=\"fr_FR\" \/>\n<meta property=\"og:type\" content=\"article\" \/>\n<meta property=\"og:title\" content=\"retours et \u00e9changes - Girly Angy\" \/>\n<meta property=\"og:description\" content=\"POLITIQUE DE RETOUR Conform\u00e9ment aux dispositions de l\u2019article L 121-20 du Code de la consommation : L&rsquo;acheteur dispose d&rsquo;un d\u00e9lai de sept jours, \u00e0 compter de la r\u00e9ception des produits, pour exercer son droit de r\u00e9tractation sans avoir \u00e0 justifier de motifs ni \u00e0 payer de p\u00e9nalit\u00e9s, \u00e0 l&rsquo;exception, le cas \u00e9ch\u00e9ant, des frais de [&hellip;]\" \/>\n<meta property=\"og:url\" content=\"https:\/\/girlyangy.fr\/?page_id=9\" \/>\n<meta property=\"og:site_name\" content=\"Girly Angy\" \/>\n<meta property=\"article:publisher\" content=\"https:\/\/www.facebook.com\/profile.php?id=100070618441117\" \/>\n<meta property=\"article:modified_time\" content=\"2023-02-09T09:45:24+00:00\" \/>\n<meta name=\"twitter:card\" content=\"summary_large_image\" \/>\n<meta name=\"twitter:label1\" content=\"Dur\u00e9e de lecture estim\u00e9e\" \/>\n\t<meta name=\"twitter:data1\" content=\"1 minute\" \/>\n<script type=\"application\/ld+json\" class=\"yoast-schema-graph\">{\"@context\":\"https:\\\/\\\/schema.org\",\"@graph\":[{\"@type\":\"WebPage\",\"@id\":\"https:\\\/\\\/girlyangy.fr\\\/?page_id=9\",\"url\":\"https:\\\/\\\/girlyangy.fr\\\/?page_id=9\",\"name\":\"retours et \u00e9changes - Girly Angy\",\"isPartOf\":{\"@id\":\"https:\\\/\\\/girlyangy.fr\\\/#website\"},\"datePublished\":\"2023-02-06T09:42:21+00:00\",\"dateModified\":\"2023-02-09T09:45:24+00:00\",\"breadcrumb\":{\"@id\":\"https:\\\/\\\/girlyangy.fr\\\/?page_id=9#breadcrumb\"},\"inLanguage\":\"fr-FR\",\"potentialAction\":[{\"@type\":\"ReadAction\",\"target\":[\"https:\\\/\\\/girlyangy.fr\\\/?page_id=9\"]}]},{\"@type\":\"BreadcrumbList\",\"@id\":\"https:\\\/\\\/girlyangy.fr\\\/?page_id=9#breadcrumb\",\"itemListElement\":[{\"@type\":\"ListItem\",\"position\":1,\"name\":\"Accueil\",\"item\":\"https:\\\/\\\/girlyangy.fr\\\/\"},{\"@type\":\"ListItem\",\"position\":2,\"name\":\"retours et \u00e9changes\"}]},{\"@type\":\"WebSite\",\"@id\":\"https:\\\/\\\/girlyangy.fr\\\/#website\",\"url\":\"https:\\\/\\\/girlyangy.fr\\\/\",\"name\":\"Girly Angy\",\"description\":\"R\u00e9v\u00e9lez votre f\u00e9minit\u00e9\",\"publisher\":{\"@id\":\"https:\\\/\\\/girlyangy.fr\\\/#organization\"},\"potentialAction\":[{\"@type\":\"SearchAction\",\"target\":{\"@type\":\"EntryPoint\",\"urlTemplate\":\"https:\\\/\\\/girlyangy.fr\\\/?s={search_term_string}\"},\"query-input\":{\"@type\":\"PropertyValueSpecification\",\"valueRequired\":true,\"valueName\":\"search_term_string\"}}],\"inLanguage\":\"fr-FR\"},{\"@type\":\"Organization\",\"@id\":\"https:\\\/\\\/girlyangy.fr\\\/#organization\",\"name\":\"Girly Angy\",\"url\":\"https:\\\/\\\/girlyangy.fr\\\/\",\"logo\":{\"@type\":\"ImageObject\",\"inLanguage\":\"fr-FR\",\"@id\":\"https:\\\/\\\/girlyangy.fr\\\/#\\\/schema\\\/logo\\\/image\\\/\",\"url\":\"https:\\\/\\\/girlyangy.fr\\\/wp-content\\\/uploads\\\/2023\\\/02\\\/cropped-logo-girly-angy.png\",\"contentUrl\":\"https:\\\/\\\/girlyangy.fr\\\/wp-content\\\/uploads\\\/2023\\\/02\\\/cropped-logo-girly-angy.png\",\"width\":512,\"height\":512,\"caption\":\"Girly Angy\"},\"image\":{\"@id\":\"https:\\\/\\\/girlyangy.fr\\\/#\\\/schema\\\/logo\\\/image\\\/\"},\"sameAs\":[\"https:\\\/\\\/www.facebook.com\\\/profile.php?id=100070618441117\",\"https:\\\/\\\/www.instagram.com\\\/girly.shop76\"]}]}<\/script>\n<!-- \/ Yoast SEO plugin. -->","yoast_head_json":{"title":"retours et \u00e9changes - Girly Angy","robots":{"index":"index","follow":"follow","max-snippet":"max-snippet:-1","max-image-preview":"max-image-preview:large","max-video-preview":"max-video-preview:-1"},"canonical":"https:\/\/girlyangy.fr\/?page_id=9","og_locale":"fr_FR","og_type":"article","og_title":"retours et \u00e9changes - Girly Angy","og_description":"POLITIQUE DE RETOUR Conform\u00e9ment aux dispositions de l\u2019article L 121-20 du Code de la consommation : L&rsquo;acheteur dispose d&rsquo;un d\u00e9lai de sept jours, \u00e0 compter de la r\u00e9ception des produits, pour exercer son droit de r\u00e9tractation sans avoir \u00e0 justifier de motifs ni \u00e0 payer de p\u00e9nalit\u00e9s, \u00e0 l&rsquo;exception, le cas \u00e9ch\u00e9ant, des frais de [&hellip;]","og_url":"https:\/\/girlyangy.fr\/?page_id=9","og_site_name":"Girly Angy","article_publisher":"https:\/\/www.facebook.com\/profile.php?id=100070618441117","article_modified_time":"2023-02-09T09:45:24+00:00","twitter_card":"summary_large_image","twitter_misc":{"Dur\u00e9e de lecture estim\u00e9e":"1 minute"},"schema":{"@context":"https:\/\/schema.org","@graph":[{"@type":"WebPage","@id":"https:\/\/girlyangy.fr\/?page_id=9","url":"https:\/\/girlyangy.fr\/?page_id=9","name":"retours et \u00e9changes - Girly Angy","isPartOf":{"@id":"https:\/\/girlyangy.fr\/#website"},"datePublished":"2023-02-06T09:42:21+00:00","dateModified":"2023-02-09T09:45:24+00:00","breadcrumb":{"@id":"https:\/\/girlyangy.fr\/?page_id=9#breadcrumb"},"inLanguage":"fr-FR","potentialAction":[{"@type":"ReadAction","target":["https:\/\/girlyangy.fr\/?page_id=9"]}]},{"@type":"BreadcrumbList","@id":"https:\/\/girlyangy.fr\/?page_id=9#breadcrumb","itemListElement":[{"@type":"ListItem","position":1,"name":"Accueil","item":"https:\/\/girlyangy.fr\/"},{"@type":"ListItem","position":2,"name":"retours et \u00e9changes"}]},{"@type":"WebSite","@id":"https:\/\/girlyangy.fr\/#website","url":"https:\/\/girlyangy.fr\/","name":"Girly Angy","description":"R\u00e9v\u00e9lez votre f\u00e9minit\u00e9","publisher":{"@id":"https:\/\/girlyangy.fr\/#organization"},"potentialAction":[{"@type":"SearchAction","target":{"@type":"EntryPoint","urlTemplate":"https:\/\/girlyangy.fr\/?s={search_term_string}"},"query-input":{"@type":"PropertyValueSpecification","valueRequired":true,"valueName":"search_term_string"}}],"inLanguage":"fr-FR"},{"@type":"Organization","@id":"https:\/\/girlyangy.fr\/#organization","name":"Girly Angy","url":"https:\/\/girlyangy.fr\/","logo":{"@type":"ImageObject","inLanguage":"fr-FR","@id":"https:\/\/girlyangy.fr\/#\/schema\/logo\/image\/","url":"https:\/\/girlyangy.fr\/wp-content\/uploads\/2023\/02\/cropped-logo-girly-angy.png","contentUrl":"https:\/\/girlyangy.fr\/wp-content\/uploads\/2023\/02\/cropped-logo-girly-angy.png","width":512,"height":512,"caption":"Girly Angy"},"image":{"@id":"https:\/\/girlyangy.fr\/#\/schema\/logo\/image\/"},"sameAs":["https:\/\/www.facebook.com\/profile.php?id=100070618441117","https:\/\/www.instagram.com\/girly.shop76"]}]}},"jetpack_sharing_enabled":true,"_links":{"self":[{"href":"https:\/\/girlyangy.fr\/index.php?rest_route=\/wp\/v2\/pages\/9","targetHints":{"allow":["GET"]}}],"collection":[{"href":"https:\/\/girlyangy.fr\/index.php?rest_route=\/wp\/v2\/pages"}],"about":[{"href":"https:\/\/girlyangy.fr\/index.php?rest_route=\/wp\/v2\/types\/page"}],"author":[{"embeddable":true,"href":"https:\/\/girlyangy.fr\/index.php?rest_route=\/wp\/v2\/users\/1"}],"replies":[{"embeddable":true,"href":"https:\/\/girlyangy.fr\/index.php?rest_route=%2Fwp%2Fv2%2Fcomments&post=9"}],"version-history":[{"count":7,"href":"https:\/\/girlyangy.fr\/index.php?rest_route=\/wp\/v2\/pages\/9\/revisions"}],"predecessor-version":[{"id":870,"href":"https:\/\/girlyangy.fr\/index.php?rest_route=\/wp\/v2\/pages\/9\/revisions\/870"}],"wp:attachment":[{"href":"https:\/\/girlyangy.fr\/index.php?rest_route=%2Fwp%2Fv2%2Fmedia&parent=9"}],"curies":[{"name":"wp","href":"https:\/\/api.w.org\/{rel}","templated":true}]}}