{"id":4450,"date":"2023-12-14T07:56:18","date_gmt":"2023-12-14T07:56:18","guid":{"rendered":"https:\/\/girlyangy.fr\/?product=spray-interieur-candy-shop"},"modified":"2023-12-14T07:56:18","modified_gmt":"2023-12-14T07:56:18","slug":"spray-interieur-candy-shop","status":"publish","type":"product","link":"https:\/\/girlyangy.fr\/?product=spray-interieur-candy-shop","title":{"rendered":"Spray int\u00e9rieur Candy shop"},"content":{"rendered":"<p style=\"margin: 0px;padding: 0px;font-family: todayshop-regularregular;font-size: 16px;font-style: normal;font-weight: 400;letter-spacing: normal;text-align: start;text-indent: 0px;text-transform: none;text-decoration: none\"><strong>D\u00e9couvrez le&nbsp;Spray D\u00e9sodorisant Candy Shop de The Fruit Company&nbsp;!<\/strong><\/p>\n<p style=\"margin: 0px;padding: 0px;font-family: todayshop-regularregular;font-size: 16px;font-style: normal;font-weight: 400;letter-spacing: normal;text-align: start;text-indent: 0px;text-transform: none;text-decoration: none\"><strong>Avec son d\u00e9licieux ar\u00f4me d&rsquo;ours gommeux, ce spray multi-usages de 200 ml est parfait pour rafra\u00eechir vos tissus pr\u00e9f\u00e9r\u00e9s et \u00e9liminer les mauvaises odeurs sans tacher. Utilisez-le dans n&rsquo;importe quelle pi\u00e8ce et renouvelez l&rsquo;atmosph\u00e8re !<\/strong><\/p>\n<p style=\"margin: 0px;padding: 0px;font-family: todayshop-regularregular;font-size: 16px;font-style: normal;font-weight: 400;letter-spacing: normal;text-align: start;text-indent: 0px;text-transform: none;text-decoration: none\"><strong>Avec un excellent spray, votre maison sera impr\u00e9gn\u00e9e d&rsquo;un parfum irr\u00e9sistible qui vous donnera l&rsquo;impression d&rsquo;\u00eatre dans un magasin de bonbons, remplissant chaque recoin de votre maison d&rsquo;une joie et d&rsquo;une douceur sans pr\u00e9c\u00e9dent.<\/strong><\/p>\n<p style=\"margin: 0px;padding: 0px;font-family: todayshop-regularregular;font-size: 16px;font-style: normal;font-weight: 400;letter-spacing: normal;text-align: start;text-indent: 0px;text-transform: none;text-decoration: none\"><strong>Description olfactive : Un m\u00e9lange fruit\u00e9 de banane et de fraise accompagn\u00e9 d&rsquo;un c\u0153ur de melon aux notes florales de jasmin, m\u00eal\u00e9 \u00e0 de la vanille exotique de Tahiti pour cr\u00e9er un parfum d&rsquo;une douceur unique.<\/strong><\/p>\n","protected":false},"excerpt":{"rendered":"<p>D\u00e9couvrez le&nbsp;Spray D\u00e9sodorisant Candy Shop de The Fruit Company&nbsp;! Avec son d\u00e9licieux ar\u00f4me d&rsquo;ours gommeux, ce spray multi-usages de 200 ml est parfait pour rafra\u00eechir vos tissus pr\u00e9f\u00e9r\u00e9s et \u00e9liminer les mauvaises odeurs sans tacher. Utilisez-le dans n&rsquo;importe quelle pi\u00e8ce et renouvelez l&rsquo;atmosph\u00e8re ! Avec un excellent spray, votre maison sera impr\u00e9gn\u00e9e d&rsquo;un parfum irr\u00e9sistible [&hellip;]<\/p>\n","protected":false},"featured_media":4449,"comment_status":"open","ping_status":"closed","template":"","meta":[],"product_brand":[],"product_cat":[44,21],"product_tag":[],"class_list":{"0":"post-4450","1":"product","2":"type-product","3":"status-publish","4":"has-post-thumbnail","6":"product_cat-autres-senteurs","7":"product_cat-senteurs","8":"product_shipping_class-mondial-relay","10":"first","11":"instock","12":"shipping-taxable","13":"purchasable","14":"product-type-simple"},"yoast_head":"<!-- This site is optimized with the Yoast SEO plugin v27.4 - https:\/\/yoast.com\/product\/yoast-seo-wordpress\/ -->\n<title>Spray int\u00e9rieur Candy shop - Girly Angy<\/title>\n<meta name=\"robots\" content=\"index, follow, max-snippet:-1, max-image-preview:large, max-video-preview:-1\" \/>\n<link rel=\"canonical\" href=\"https:\/\/girlyangy.fr\/?product=spray-interieur-candy-shop\" \/>\n<meta property=\"og:locale\" content=\"fr_FR\" \/>\n<meta property=\"og:type\" content=\"article\" \/>\n<meta property=\"og:title\" content=\"Spray int\u00e9rieur Candy shop - Girly Angy\" \/>\n<meta property=\"og:description\" content=\"D\u00e9couvrez le&nbsp;Spray D\u00e9sodorisant Candy Shop de The Fruit Company&nbsp;! Avec son d\u00e9licieux ar\u00f4me d&rsquo;ours gommeux, ce spray multi-usages de 200 ml est parfait pour rafra\u00eechir vos tissus pr\u00e9f\u00e9r\u00e9s et \u00e9liminer les mauvaises odeurs sans tacher. Utilisez-le dans n&rsquo;importe quelle pi\u00e8ce et renouvelez l&rsquo;atmosph\u00e8re ! Avec un excellent spray, votre maison sera impr\u00e9gn\u00e9e d&rsquo;un parfum irr\u00e9sistible [&hellip;]\" \/>\n<meta property=\"og:url\" content=\"https:\/\/girlyangy.fr\/?product=spray-interieur-candy-shop\" \/>\n<meta property=\"og:site_name\" content=\"Girly Angy\" \/>\n<meta property=\"article:publisher\" content=\"https:\/\/www.facebook.com\/profile.php?id=100070618441117\" \/>\n<meta name=\"twitter:card\" content=\"summary_large_image\" \/>\n<meta name=\"twitter:label1\" content=\"Dur\u00e9e de lecture estim\u00e9e\" \/>\n\t<meta name=\"twitter:data1\" content=\"1 minute\" \/>\n<script type=\"application\/ld+json\" class=\"yoast-schema-graph\">{\"@context\":\"https:\\\/\\\/schema.org\",\"@graph\":[{\"@type\":\"WebPage\",\"@id\":\"https:\\\/\\\/girlyangy.fr\\\/?product=spray-interieur-candy-shop\",\"url\":\"https:\\\/\\\/girlyangy.fr\\\/?product=spray-interieur-candy-shop\",\"name\":\"Spray int\u00e9rieur Candy shop - Girly Angy\",\"isPartOf\":{\"@id\":\"https:\\\/\\\/girlyangy.fr\\\/#website\"},\"primaryImageOfPage\":{\"@id\":\"https:\\\/\\\/girlyangy.fr\\\/?product=spray-interieur-candy-shop#primaryimage\"},\"image\":{\"@id\":\"https:\\\/\\\/girlyangy.fr\\\/?product=spray-interieur-candy-shop#primaryimage\"},\"thumbnailUrl\":\"https:\\\/\\\/i0.wp.com\\\/girlyangy.fr\\\/wp-content\\\/uploads\\\/2023\\\/12\\\/img_4736.jpeg?fit=1240%2C1400&ssl=1\",\"datePublished\":\"2023-12-14T07:56:18+00:00\",\"breadcrumb\":{\"@id\":\"https:\\\/\\\/girlyangy.fr\\\/?product=spray-interieur-candy-shop#breadcrumb\"},\"inLanguage\":\"fr-FR\",\"potentialAction\":[{\"@type\":\"ReadAction\",\"target\":[\"https:\\\/\\\/girlyangy.fr\\\/?product=spray-interieur-candy-shop\"]}]},{\"@type\":\"ImageObject\",\"inLanguage\":\"fr-FR\",\"@id\":\"https:\\\/\\\/girlyangy.fr\\\/?product=spray-interieur-candy-shop#primaryimage\",\"url\":\"https:\\\/\\\/i0.wp.com\\\/girlyangy.fr\\\/wp-content\\\/uploads\\\/2023\\\/12\\\/img_4736.jpeg?fit=1240%2C1400&ssl=1\",\"contentUrl\":\"https:\\\/\\\/i0.wp.com\\\/girlyangy.fr\\\/wp-content\\\/uploads\\\/2023\\\/12\\\/img_4736.jpeg?fit=1240%2C1400&ssl=1\",\"width\":1240,\"height\":1400},{\"@type\":\"BreadcrumbList\",\"@id\":\"https:\\\/\\\/girlyangy.fr\\\/?product=spray-interieur-candy-shop#breadcrumb\",\"itemListElement\":[{\"@type\":\"ListItem\",\"position\":1,\"name\":\"Accueil\",\"item\":\"https:\\\/\\\/girlyangy.fr\\\/\"},{\"@type\":\"ListItem\",\"position\":2,\"name\":\"boutique\",\"item\":\"https:\\\/\\\/girlyangy.fr\\\/?page_id=5\"},{\"@type\":\"ListItem\",\"position\":3,\"name\":\"Spray int\u00e9rieur Candy shop\"}]},{\"@type\":\"WebSite\",\"@id\":\"https:\\\/\\\/girlyangy.fr\\\/#website\",\"url\":\"https:\\\/\\\/girlyangy.fr\\\/\",\"name\":\"Girly Angy\",\"description\":\"R\u00e9v\u00e9lez votre f\u00e9minit\u00e9\",\"publisher\":{\"@id\":\"https:\\\/\\\/girlyangy.fr\\\/#organization\"},\"potentialAction\":[{\"@type\":\"SearchAction\",\"target\":{\"@type\":\"EntryPoint\",\"urlTemplate\":\"https:\\\/\\\/girlyangy.fr\\\/?s={search_term_string}\"},\"query-input\":{\"@type\":\"PropertyValueSpecification\",\"valueRequired\":true,\"valueName\":\"search_term_string\"}}],\"inLanguage\":\"fr-FR\"},{\"@type\":\"Organization\",\"@id\":\"https:\\\/\\\/girlyangy.fr\\\/#organization\",\"name\":\"Girly Angy\",\"url\":\"https:\\\/\\\/girlyangy.fr\\\/\",\"logo\":{\"@type\":\"ImageObject\",\"inLanguage\":\"fr-FR\",\"@id\":\"https:\\\/\\\/girlyangy.fr\\\/#\\\/schema\\\/logo\\\/image\\\/\",\"url\":\"https:\\\/\\\/girlyangy.fr\\\/wp-content\\\/uploads\\\/2023\\\/02\\\/cropped-logo-girly-angy.png\",\"contentUrl\":\"https:\\\/\\\/girlyangy.fr\\\/wp-content\\\/uploads\\\/2023\\\/02\\\/cropped-logo-girly-angy.png\",\"width\":512,\"height\":512,\"caption\":\"Girly Angy\"},\"image\":{\"@id\":\"https:\\\/\\\/girlyangy.fr\\\/#\\\/schema\\\/logo\\\/image\\\/\"},\"sameAs\":[\"https:\\\/\\\/www.facebook.com\\\/profile.php?id=100070618441117\",\"https:\\\/\\\/www.instagram.com\\\/girly.shop76\"]}]}<\/script>\n<!-- \/ Yoast SEO plugin. -->","yoast_head_json":{"title":"Spray int\u00e9rieur Candy shop - Girly Angy","robots":{"index":"index","follow":"follow","max-snippet":"max-snippet:-1","max-image-preview":"max-image-preview:large","max-video-preview":"max-video-preview:-1"},"canonical":"https:\/\/girlyangy.fr\/?product=spray-interieur-candy-shop","og_locale":"fr_FR","og_type":"article","og_title":"Spray int\u00e9rieur Candy shop - Girly Angy","og_description":"D\u00e9couvrez le&nbsp;Spray D\u00e9sodorisant Candy Shop de The Fruit Company&nbsp;! Avec son d\u00e9licieux ar\u00f4me d&rsquo;ours gommeux, ce spray multi-usages de 200 ml est parfait pour rafra\u00eechir vos tissus pr\u00e9f\u00e9r\u00e9s et \u00e9liminer les mauvaises odeurs sans tacher. Utilisez-le dans n&rsquo;importe quelle pi\u00e8ce et renouvelez l&rsquo;atmosph\u00e8re ! Avec un excellent spray, votre maison sera impr\u00e9gn\u00e9e d&rsquo;un parfum irr\u00e9sistible [&hellip;]","og_url":"https:\/\/girlyangy.fr\/?product=spray-interieur-candy-shop","og_site_name":"Girly Angy","article_publisher":"https:\/\/www.facebook.com\/profile.php?id=100070618441117","twitter_card":"summary_large_image","twitter_misc":{"Dur\u00e9e de lecture estim\u00e9e":"1 minute"},"schema":{"@context":"https:\/\/schema.org","@graph":[{"@type":"WebPage","@id":"https:\/\/girlyangy.fr\/?product=spray-interieur-candy-shop","url":"https:\/\/girlyangy.fr\/?product=spray-interieur-candy-shop","name":"Spray int\u00e9rieur Candy shop - Girly Angy","isPartOf":{"@id":"https:\/\/girlyangy.fr\/#website"},"primaryImageOfPage":{"@id":"https:\/\/girlyangy.fr\/?product=spray-interieur-candy-shop#primaryimage"},"image":{"@id":"https:\/\/girlyangy.fr\/?product=spray-interieur-candy-shop#primaryimage"},"thumbnailUrl":"https:\/\/i0.wp.com\/girlyangy.fr\/wp-content\/uploads\/2023\/12\/img_4736.jpeg?fit=1240%2C1400&ssl=1","datePublished":"2023-12-14T07:56:18+00:00","breadcrumb":{"@id":"https:\/\/girlyangy.fr\/?product=spray-interieur-candy-shop#breadcrumb"},"inLanguage":"fr-FR","potentialAction":[{"@type":"ReadAction","target":["https:\/\/girlyangy.fr\/?product=spray-interieur-candy-shop"]}]},{"@type":"ImageObject","inLanguage":"fr-FR","@id":"https:\/\/girlyangy.fr\/?product=spray-interieur-candy-shop#primaryimage","url":"https:\/\/i0.wp.com\/girlyangy.fr\/wp-content\/uploads\/2023\/12\/img_4736.jpeg?fit=1240%2C1400&ssl=1","contentUrl":"https:\/\/i0.wp.com\/girlyangy.fr\/wp-content\/uploads\/2023\/12\/img_4736.jpeg?fit=1240%2C1400&ssl=1","width":1240,"height":1400},{"@type":"BreadcrumbList","@id":"https:\/\/girlyangy.fr\/?product=spray-interieur-candy-shop#breadcrumb","itemListElement":[{"@type":"ListItem","position":1,"name":"Accueil","item":"https:\/\/girlyangy.fr\/"},{"@type":"ListItem","position":2,"name":"boutique","item":"https:\/\/girlyangy.fr\/?page_id=5"},{"@type":"ListItem","position":3,"name":"Spray int\u00e9rieur Candy shop"}]},{"@type":"WebSite","@id":"https:\/\/girlyangy.fr\/#website","url":"https:\/\/girlyangy.fr\/","name":"Girly Angy","description":"R\u00e9v\u00e9lez votre f\u00e9minit\u00e9","publisher":{"@id":"https:\/\/girlyangy.fr\/#organization"},"potentialAction":[{"@type":"SearchAction","target":{"@type":"EntryPoint","urlTemplate":"https:\/\/girlyangy.fr\/?s={search_term_string}"},"query-input":{"@type":"PropertyValueSpecification","valueRequired":true,"valueName":"search_term_string"}}],"inLanguage":"fr-FR"},{"@type":"Organization","@id":"https:\/\/girlyangy.fr\/#organization","name":"Girly Angy","url":"https:\/\/girlyangy.fr\/","logo":{"@type":"ImageObject","inLanguage":"fr-FR","@id":"https:\/\/girlyangy.fr\/#\/schema\/logo\/image\/","url":"https:\/\/girlyangy.fr\/wp-content\/uploads\/2023\/02\/cropped-logo-girly-angy.png","contentUrl":"https:\/\/girlyangy.fr\/wp-content\/uploads\/2023\/02\/cropped-logo-girly-angy.png","width":512,"height":512,"caption":"Girly Angy"},"image":{"@id":"https:\/\/girlyangy.fr\/#\/schema\/logo\/image\/"},"sameAs":["https:\/\/www.facebook.com\/profile.php?id=100070618441117","https:\/\/www.instagram.com\/girly.shop76"]}]}},"jetpack_sharing_enabled":true,"_links":{"self":[{"href":"https:\/\/girlyangy.fr\/index.php?rest_route=\/wp\/v2\/product\/4450","targetHints":{"allow":["GET"]}}],"collection":[{"href":"https:\/\/girlyangy.fr\/index.php?rest_route=\/wp\/v2\/product"}],"about":[{"href":"https:\/\/girlyangy.fr\/index.php?rest_route=\/wp\/v2\/types\/product"}],"replies":[{"embeddable":true,"href":"https:\/\/girlyangy.fr\/index.php?rest_route=%2Fwp%2Fv2%2Fcomments&post=4450"}],"wp:featuredmedia":[{"embeddable":true,"href":"https:\/\/girlyangy.fr\/index.php?rest_route=\/wp\/v2\/media\/4449"}],"wp:attachment":[{"href":"https:\/\/girlyangy.fr\/index.php?rest_route=%2Fwp%2Fv2%2Fmedia&parent=4450"}],"wp:term":[{"taxonomy":"product_brand","embeddable":true,"href":"https:\/\/girlyangy.fr\/index.php?rest_route=%2Fwp%2Fv2%2Fproduct_brand&post=4450"},{"taxonomy":"product_cat","embeddable":true,"href":"https:\/\/girlyangy.fr\/index.php?rest_route=%2Fwp%2Fv2%2Fproduct_cat&post=4450"},{"taxonomy":"product_tag","embeddable":true,"href":"https:\/\/girlyangy.fr\/index.php?rest_route=%2Fwp%2Fv2%2Fproduct_tag&post=4450"}],"curies":[{"name":"wp","href":"https:\/\/api.w.org\/{rel}","templated":true}]}}