{"id":4703,"date":"2024-01-14T11:28:28","date_gmt":"2024-01-14T11:28:28","guid":{"rendered":"https:\/\/girlyangy.fr\/?post_type=product&#038;p=4703"},"modified":"2024-01-14T11:33:27","modified_gmt":"2024-01-14T11:33:27","slug":"savon-feuilles","status":"publish","type":"product","link":"https:\/\/girlyangy.fr\/?product=savon-feuilles","title":{"rendered":"Savon (feuilles)"},"content":{"rendered":"<p style=\"border: 0px;margin: 0px;padding: 5px 0px;font-family: Arial, sans-serif;font-size: 12px;font-style: normal;font-weight: 400;letter-spacing: normal;text-align: start;text-indent: 0px;text-transform: none;text-decoration: none\"><strong>\u00c0 qui il n\u2019est jamais arriver d\u2019aller dans un lieu public et d\u00e9couvrir qu\u2019il n\u2019y a pas de savon pour se laver les mains ?<\/strong><\/p>\n<p style=\"border: 0px;margin: 0px;padding: 5px 0px;font-family: Arial, sans-serif;font-size: 12px;font-style: normal;font-weight: 400;letter-spacing: normal;text-align: start;text-indent: 0px;text-transform: none;text-decoration: none\"><strong>Compact, pratique et facile \u00e0 utiliser, nous vous proposons les feuilles de savon livr\u00e9es dans leur petit \u00e9tui en PVC pour une hygi\u00e8ne parfaite n&rsquo;importe o\u00f9 n&rsquo;importe quand&nbsp;!&nbsp;<br \/>\nIl suffit tout simplement d&rsquo;ajouter de l&rsquo;eau \u00e0 ces feuilles de savon dans la paume de votre main. Tr\u00e8s minces, elles se transformeront instantan\u00e9ment en une mousse de savon pour se laver les mains.<br \/>\nChaque feuille est suffisant pour un lavage impeccable des mains. Enti\u00e8rement biod\u00e9gradable et sans danger pour l&rsquo;environnement.<\/p>\n<p>Chaque \u00e9tui contient 20 feuilles \u00e0 usage unique. Ce produit est tr\u00e8s utile, compact et vous l\u2019emporterez partout avec vous (en voyage, au bureau, dans votre voiture, un sac de sport ou dans votre poche pour une utilisation quotidienne \u00e0 port\u00e9e de main).<\/strong><\/p>\n","protected":false},"excerpt":{"rendered":"<p>\u00c0 qui il n\u2019est jamais arriver d\u2019aller dans un lieu public et d\u00e9couvrir qu\u2019il n\u2019y a pas de savon pour se laver les mains ? Compact, pratique et facile \u00e0 utiliser, nous vous proposons les feuilles de savon livr\u00e9es dans leur petit \u00e9tui en PVC pour une hygi\u00e8ne parfaite n&rsquo;importe o\u00f9 n&rsquo;importe quand&nbsp;!&nbsp; Il suffit [&hellip;]<\/p>\n","protected":false},"featured_media":4702,"comment_status":"open","ping_status":"closed","template":"","meta":[],"product_brand":[],"product_cat":[169,43],"product_tag":[],"class_list":{"0":"post-4703","1":"product","2":"type-product","3":"status-publish","4":"has-post-thumbnail","6":"product_cat-bien-etre","7":"product_cat-soins-du-corps","8":"product_shipping_class-mondial-relay","10":"first","11":"instock","12":"shipping-taxable","13":"purchasable","14":"product-type-variable"},"yoast_head":"<!-- This site is optimized with the Yoast SEO plugin v27.4 - https:\/\/yoast.com\/product\/yoast-seo-wordpress\/ -->\n<title>Savon (feuilles) - Girly Angy<\/title>\n<meta name=\"robots\" content=\"index, follow, max-snippet:-1, max-image-preview:large, max-video-preview:-1\" \/>\n<link rel=\"canonical\" href=\"https:\/\/girlyangy.fr\/?product=savon-feuilles\" \/>\n<meta property=\"og:locale\" content=\"fr_FR\" \/>\n<meta property=\"og:type\" content=\"article\" \/>\n<meta property=\"og:title\" content=\"Savon (feuilles) - Girly Angy\" \/>\n<meta property=\"og:description\" content=\"\u00c0 qui il n\u2019est jamais arriver d\u2019aller dans un lieu public et d\u00e9couvrir qu\u2019il n\u2019y a pas de savon pour se laver les mains ? Compact, pratique et facile \u00e0 utiliser, nous vous proposons les feuilles de savon livr\u00e9es dans leur petit \u00e9tui en PVC pour une hygi\u00e8ne parfaite n&rsquo;importe o\u00f9 n&rsquo;importe quand&nbsp;!&nbsp; Il suffit [&hellip;]\" \/>\n<meta property=\"og:url\" content=\"https:\/\/girlyangy.fr\/?product=savon-feuilles\" \/>\n<meta property=\"og:site_name\" content=\"Girly Angy\" \/>\n<meta property=\"article:publisher\" content=\"https:\/\/www.facebook.com\/profile.php?id=100070618441117\" \/>\n<meta property=\"article:modified_time\" content=\"2024-01-14T11:33:27+00:00\" \/>\n<meta property=\"og:image\" content=\"https:\/\/girlyangy.fr\/wp-content\/uploads\/2024\/01\/img_5922.png\" \/>\n\t<meta property=\"og:image:width\" content=\"800\" \/>\n\t<meta property=\"og:image:height\" content=\"600\" \/>\n\t<meta property=\"og:image:type\" content=\"image\/png\" \/>\n<meta name=\"twitter:card\" content=\"summary_large_image\" \/>\n<meta name=\"twitter:label1\" content=\"Dur\u00e9e de lecture estim\u00e9e\" \/>\n\t<meta name=\"twitter:data1\" content=\"1 minute\" \/>\n<script type=\"application\/ld+json\" class=\"yoast-schema-graph\">{\"@context\":\"https:\\\/\\\/schema.org\",\"@graph\":[{\"@type\":\"WebPage\",\"@id\":\"https:\\\/\\\/girlyangy.fr\\\/?product=savon-feuilles\",\"url\":\"https:\\\/\\\/girlyangy.fr\\\/?product=savon-feuilles\",\"name\":\"Savon (feuilles) - Girly Angy\",\"isPartOf\":{\"@id\":\"https:\\\/\\\/girlyangy.fr\\\/#website\"},\"primaryImageOfPage\":{\"@id\":\"https:\\\/\\\/girlyangy.fr\\\/?product=savon-feuilles#primaryimage\"},\"image\":{\"@id\":\"https:\\\/\\\/girlyangy.fr\\\/?product=savon-feuilles#primaryimage\"},\"thumbnailUrl\":\"https:\\\/\\\/i0.wp.com\\\/girlyangy.fr\\\/wp-content\\\/uploads\\\/2024\\\/01\\\/img_5922.png?fit=800%2C600&ssl=1\",\"datePublished\":\"2024-01-14T11:28:28+00:00\",\"dateModified\":\"2024-01-14T11:33:27+00:00\",\"breadcrumb\":{\"@id\":\"https:\\\/\\\/girlyangy.fr\\\/?product=savon-feuilles#breadcrumb\"},\"inLanguage\":\"fr-FR\",\"potentialAction\":[{\"@type\":\"ReadAction\",\"target\":[\"https:\\\/\\\/girlyangy.fr\\\/?product=savon-feuilles\"]}]},{\"@type\":\"ImageObject\",\"inLanguage\":\"fr-FR\",\"@id\":\"https:\\\/\\\/girlyangy.fr\\\/?product=savon-feuilles#primaryimage\",\"url\":\"https:\\\/\\\/i0.wp.com\\\/girlyangy.fr\\\/wp-content\\\/uploads\\\/2024\\\/01\\\/img_5922.png?fit=800%2C600&ssl=1\",\"contentUrl\":\"https:\\\/\\\/i0.wp.com\\\/girlyangy.fr\\\/wp-content\\\/uploads\\\/2024\\\/01\\\/img_5922.png?fit=800%2C600&ssl=1\",\"width\":800,\"height\":600},{\"@type\":\"BreadcrumbList\",\"@id\":\"https:\\\/\\\/girlyangy.fr\\\/?product=savon-feuilles#breadcrumb\",\"itemListElement\":[{\"@type\":\"ListItem\",\"position\":1,\"name\":\"Accueil\",\"item\":\"https:\\\/\\\/girlyangy.fr\\\/\"},{\"@type\":\"ListItem\",\"position\":2,\"name\":\"boutique\",\"item\":\"https:\\\/\\\/girlyangy.fr\\\/?page_id=5\"},{\"@type\":\"ListItem\",\"position\":3,\"name\":\"Savon (feuilles)\"}]},{\"@type\":\"WebSite\",\"@id\":\"https:\\\/\\\/girlyangy.fr\\\/#website\",\"url\":\"https:\\\/\\\/girlyangy.fr\\\/\",\"name\":\"Girly Angy\",\"description\":\"R\u00e9v\u00e9lez votre f\u00e9minit\u00e9\",\"publisher\":{\"@id\":\"https:\\\/\\\/girlyangy.fr\\\/#organization\"},\"potentialAction\":[{\"@type\":\"SearchAction\",\"target\":{\"@type\":\"EntryPoint\",\"urlTemplate\":\"https:\\\/\\\/girlyangy.fr\\\/?s={search_term_string}\"},\"query-input\":{\"@type\":\"PropertyValueSpecification\",\"valueRequired\":true,\"valueName\":\"search_term_string\"}}],\"inLanguage\":\"fr-FR\"},{\"@type\":\"Organization\",\"@id\":\"https:\\\/\\\/girlyangy.fr\\\/#organization\",\"name\":\"Girly Angy\",\"url\":\"https:\\\/\\\/girlyangy.fr\\\/\",\"logo\":{\"@type\":\"ImageObject\",\"inLanguage\":\"fr-FR\",\"@id\":\"https:\\\/\\\/girlyangy.fr\\\/#\\\/schema\\\/logo\\\/image\\\/\",\"url\":\"https:\\\/\\\/girlyangy.fr\\\/wp-content\\\/uploads\\\/2023\\\/02\\\/cropped-logo-girly-angy.png\",\"contentUrl\":\"https:\\\/\\\/girlyangy.fr\\\/wp-content\\\/uploads\\\/2023\\\/02\\\/cropped-logo-girly-angy.png\",\"width\":512,\"height\":512,\"caption\":\"Girly Angy\"},\"image\":{\"@id\":\"https:\\\/\\\/girlyangy.fr\\\/#\\\/schema\\\/logo\\\/image\\\/\"},\"sameAs\":[\"https:\\\/\\\/www.facebook.com\\\/profile.php?id=100070618441117\",\"https:\\\/\\\/www.instagram.com\\\/girly.shop76\"]}]}<\/script>\n<!-- \/ Yoast SEO plugin. -->","yoast_head_json":{"title":"Savon (feuilles) - Girly Angy","robots":{"index":"index","follow":"follow","max-snippet":"max-snippet:-1","max-image-preview":"max-image-preview:large","max-video-preview":"max-video-preview:-1"},"canonical":"https:\/\/girlyangy.fr\/?product=savon-feuilles","og_locale":"fr_FR","og_type":"article","og_title":"Savon (feuilles) - Girly Angy","og_description":"\u00c0 qui il n\u2019est jamais arriver d\u2019aller dans un lieu public et d\u00e9couvrir qu\u2019il n\u2019y a pas de savon pour se laver les mains ? Compact, pratique et facile \u00e0 utiliser, nous vous proposons les feuilles de savon livr\u00e9es dans leur petit \u00e9tui en PVC pour une hygi\u00e8ne parfaite n&rsquo;importe o\u00f9 n&rsquo;importe quand&nbsp;!&nbsp; Il suffit [&hellip;]","og_url":"https:\/\/girlyangy.fr\/?product=savon-feuilles","og_site_name":"Girly Angy","article_publisher":"https:\/\/www.facebook.com\/profile.php?id=100070618441117","article_modified_time":"2024-01-14T11:33:27+00:00","og_image":[{"width":800,"height":600,"url":"https:\/\/girlyangy.fr\/wp-content\/uploads\/2024\/01\/img_5922.png","type":"image\/png"}],"twitter_card":"summary_large_image","twitter_misc":{"Dur\u00e9e de lecture estim\u00e9e":"1 minute"},"schema":{"@context":"https:\/\/schema.org","@graph":[{"@type":"WebPage","@id":"https:\/\/girlyangy.fr\/?product=savon-feuilles","url":"https:\/\/girlyangy.fr\/?product=savon-feuilles","name":"Savon (feuilles) - Girly Angy","isPartOf":{"@id":"https:\/\/girlyangy.fr\/#website"},"primaryImageOfPage":{"@id":"https:\/\/girlyangy.fr\/?product=savon-feuilles#primaryimage"},"image":{"@id":"https:\/\/girlyangy.fr\/?product=savon-feuilles#primaryimage"},"thumbnailUrl":"https:\/\/i0.wp.com\/girlyangy.fr\/wp-content\/uploads\/2024\/01\/img_5922.png?fit=800%2C600&ssl=1","datePublished":"2024-01-14T11:28:28+00:00","dateModified":"2024-01-14T11:33:27+00:00","breadcrumb":{"@id":"https:\/\/girlyangy.fr\/?product=savon-feuilles#breadcrumb"},"inLanguage":"fr-FR","potentialAction":[{"@type":"ReadAction","target":["https:\/\/girlyangy.fr\/?product=savon-feuilles"]}]},{"@type":"ImageObject","inLanguage":"fr-FR","@id":"https:\/\/girlyangy.fr\/?product=savon-feuilles#primaryimage","url":"https:\/\/i0.wp.com\/girlyangy.fr\/wp-content\/uploads\/2024\/01\/img_5922.png?fit=800%2C600&ssl=1","contentUrl":"https:\/\/i0.wp.com\/girlyangy.fr\/wp-content\/uploads\/2024\/01\/img_5922.png?fit=800%2C600&ssl=1","width":800,"height":600},{"@type":"BreadcrumbList","@id":"https:\/\/girlyangy.fr\/?product=savon-feuilles#breadcrumb","itemListElement":[{"@type":"ListItem","position":1,"name":"Accueil","item":"https:\/\/girlyangy.fr\/"},{"@type":"ListItem","position":2,"name":"boutique","item":"https:\/\/girlyangy.fr\/?page_id=5"},{"@type":"ListItem","position":3,"name":"Savon (feuilles)"}]},{"@type":"WebSite","@id":"https:\/\/girlyangy.fr\/#website","url":"https:\/\/girlyangy.fr\/","name":"Girly Angy","description":"R\u00e9v\u00e9lez votre f\u00e9minit\u00e9","publisher":{"@id":"https:\/\/girlyangy.fr\/#organization"},"potentialAction":[{"@type":"SearchAction","target":{"@type":"EntryPoint","urlTemplate":"https:\/\/girlyangy.fr\/?s={search_term_string}"},"query-input":{"@type":"PropertyValueSpecification","valueRequired":true,"valueName":"search_term_string"}}],"inLanguage":"fr-FR"},{"@type":"Organization","@id":"https:\/\/girlyangy.fr\/#organization","name":"Girly Angy","url":"https:\/\/girlyangy.fr\/","logo":{"@type":"ImageObject","inLanguage":"fr-FR","@id":"https:\/\/girlyangy.fr\/#\/schema\/logo\/image\/","url":"https:\/\/girlyangy.fr\/wp-content\/uploads\/2023\/02\/cropped-logo-girly-angy.png","contentUrl":"https:\/\/girlyangy.fr\/wp-content\/uploads\/2023\/02\/cropped-logo-girly-angy.png","width":512,"height":512,"caption":"Girly Angy"},"image":{"@id":"https:\/\/girlyangy.fr\/#\/schema\/logo\/image\/"},"sameAs":["https:\/\/www.facebook.com\/profile.php?id=100070618441117","https:\/\/www.instagram.com\/girly.shop76"]}]}},"jetpack_sharing_enabled":true,"_links":{"self":[{"href":"https:\/\/girlyangy.fr\/index.php?rest_route=\/wp\/v2\/product\/4703","targetHints":{"allow":["GET"]}}],"collection":[{"href":"https:\/\/girlyangy.fr\/index.php?rest_route=\/wp\/v2\/product"}],"about":[{"href":"https:\/\/girlyangy.fr\/index.php?rest_route=\/wp\/v2\/types\/product"}],"replies":[{"embeddable":true,"href":"https:\/\/girlyangy.fr\/index.php?rest_route=%2Fwp%2Fv2%2Fcomments&post=4703"}],"wp:featuredmedia":[{"embeddable":true,"href":"https:\/\/girlyangy.fr\/index.php?rest_route=\/wp\/v2\/media\/4702"}],"wp:attachment":[{"href":"https:\/\/girlyangy.fr\/index.php?rest_route=%2Fwp%2Fv2%2Fmedia&parent=4703"}],"wp:term":[{"taxonomy":"product_brand","embeddable":true,"href":"https:\/\/girlyangy.fr\/index.php?rest_route=%2Fwp%2Fv2%2Fproduct_brand&post=4703"},{"taxonomy":"product_cat","embeddable":true,"href":"https:\/\/girlyangy.fr\/index.php?rest_route=%2Fwp%2Fv2%2Fproduct_cat&post=4703"},{"taxonomy":"product_tag","embeddable":true,"href":"https:\/\/girlyangy.fr\/index.php?rest_route=%2Fwp%2Fv2%2Fproduct_tag&post=4703"}],"curies":[{"name":"wp","href":"https:\/\/api.w.org\/{rel}","templated":true}]}}