{"id":5001,"date":"2024-03-10T21:03:55","date_gmt":"2024-03-10T21:03:55","guid":{"rendered":"https:\/\/girlyangy.fr\/?product=bruleur-2"},"modified":"2024-03-12T19:27:52","modified_gmt":"2024-03-12T19:27:52","slug":"bruleur-2","status":"publish","type":"product","link":"https:\/\/girlyangy.fr\/?product=bruleur-2","title":{"rendered":"br\u00fbleur"},"content":{"rendered":"<p><span style=\"font-family:Raleway,sans-serif;font-size:14px;font-style:normal;font-weight:400;letter-spacing:normal;text-transform:none;float:none;text-align:left\">Un br\u00fbleur \u00e0 huile rond sur pied avec une fusion harmonieuse de c\u00e9ramique et de m\u00e9tal, rayonnant d&rsquo;un charme intemporel dans n&rsquo;importe quel environnement. <\/span><\/p>\n","protected":false},"excerpt":{"rendered":"<p style=\"margin:0px0px10px;padding:0px;border:0px;font-size:14px;vertical-align:baseline;position:relative;line-height:19.6px;font-family:Raleway,sans-serif;font-style:normal;font-weight:400;letter-spacing:normal;text-transform:none;text-align:left\"><span style=\"margin:0px;padding:0px;border:0px;font-size:15px;vertical-align:baseline\"><strong style=\"margin: 0px;padding: 0px;border: 0px;font-size: 15px;vertical-align: baseline;font-family: Ubuntu, Helvetica, Arial, sans-serif\">Attention<\/strong><\/span><span style=\"margin:0px;padding:0px;border:0px;font-size:15px;vertical-align:baseline\"><strong style=\"margin: 0px;padding: 0px;border: 0px;font-size: 15px;vertical-align: baseline;font-family: Ubuntu, Helvetica, Arial, sans-serif\"> : Placez toujours le br\u00fbleur \u00e0 huile sur un tapis r\u00e9sistant \u00e0 la chaleur.<\/strong><\/span><strong style=\"margin: 0px;padding: 0px;border: 0px;font-size: 15px;vertical-align: baseline;font-family: Ubuntu, Helvetica, Arial, sans-serif\"> <\/strong><\/p>\n<p style=\"margin:0px0px10px;padding:0px;border:0px;font-size:14px;vertical-align:baseline;position:relative;line-height:19.6px;font-family:Raleway,sans-serif;font-style:normal;font-weight:400;letter-spacing:normal;text-transform:none;text-align:left\"><span style=\"margin:0px;padding:0px;border:0px;font-size:15px;vertical-align:baseline\"><strong style=\"margin: 0px;padding: 0px;border: 0px;font-size: 15px;vertical-align: baseline;font-family: Ubuntu, Helvetica, Arial, sans-serif\">Veillez \u00e0 ce qu&rsquo;il y ait suffisamment d&rsquo;eau dans le r\u00e9cipient situ\u00e9 au-dessus du br\u00fbleur. Utilisez des bougies chauffe-plat de bonne qualit\u00e9. Ne les laissez jamais sans surveillance lorsqu&rsquo;elles sont allum\u00e9es et tenez-les \u00e9loign\u00e9es des rideaux.<\/strong><\/span><strong style=\"margin: 0px;padding: 0px;border: 0px;font-size: 15px;vertical-align: baseline;font-family: Ubuntu, Helvetica, Arial, sans-serif\"> <\/strong><\/p>\n<p style=\"margin:0px0px10px;padding:0px;border:0px;font-size:14px;vertical-align:baseline;position:relative;line-height:19.6px;font-family:Raleway,sans-serif;font-style:normal;font-weight:400;letter-spacing:normal;text-transform:none;text-align:left\"><span style=\"margin:0px;padding:0px;border:0px;font-size:15px;vertical-align:baseline\"><strong style=\"margin: 0px;padding: 0px;border: 0px;font-size: 15px;vertical-align: baseline;font-family: Ubuntu, Helvetica, Arial, sans-serif\">Si la flamme devient dangereuse, \u00e9teignez-la avec un chiffon humide. Tenir hors de port\u00e9e des enfants.<\/strong><\/span><\/p>\n","protected":false},"featured_media":5000,"comment_status":"open","ping_status":"closed","template":"","meta":[],"product_brand":[],"product_cat":[41],"product_tag":[],"class_list":{"0":"post-5001","1":"product","2":"type-product","3":"status-publish","4":"has-post-thumbnail","6":"product_cat-bougies","7":"product_shipping_class-mondial-relay","9":"first","10":"instock","11":"shipping-taxable","12":"purchasable","13":"product-type-simple"},"yoast_head":"<!-- This site is optimized with the Yoast SEO plugin v27.4 - https:\/\/yoast.com\/product\/yoast-seo-wordpress\/ -->\n<title>br\u00fbleur - Girly Angy<\/title>\n<meta name=\"robots\" content=\"index, follow, max-snippet:-1, max-image-preview:large, max-video-preview:-1\" \/>\n<link rel=\"canonical\" href=\"https:\/\/girlyangy.fr\/?product=bruleur-2\" \/>\n<meta property=\"og:locale\" content=\"fr_FR\" \/>\n<meta property=\"og:type\" content=\"article\" \/>\n<meta property=\"og:title\" content=\"br\u00fbleur - Girly Angy\" \/>\n<meta property=\"og:description\" content=\"Attention : Placez toujours le br\u00fbleur \u00e0 huile sur un tapis r\u00e9sistant \u00e0 la chaleur. Veillez \u00e0 ce qu&#039;il y ait suffisamment d&#039;eau dans le r\u00e9cipient situ\u00e9 au-dessus du br\u00fbleur. Utilisez des bougies chauffe-plat de bonne qualit\u00e9. Ne les laissez jamais sans surveillance lorsqu&#039;elles sont allum\u00e9es et tenez-les \u00e9loign\u00e9es des rideaux. Si la flamme devient dangereuse, \u00e9teignez-la avec un chiffon humide. Tenir hors de port\u00e9e des enfants.\" \/>\n<meta property=\"og:url\" content=\"https:\/\/girlyangy.fr\/?product=bruleur-2\" \/>\n<meta property=\"og:site_name\" content=\"Girly Angy\" \/>\n<meta property=\"article:publisher\" content=\"https:\/\/www.facebook.com\/profile.php?id=100070618441117\" \/>\n<meta property=\"article:modified_time\" content=\"2024-03-12T19:27:52+00:00\" \/>\n<meta name=\"twitter:card\" content=\"summary_large_image\" \/>\n<script type=\"application\/ld+json\" class=\"yoast-schema-graph\">{\"@context\":\"https:\\\/\\\/schema.org\",\"@graph\":[{\"@type\":\"WebPage\",\"@id\":\"https:\\\/\\\/girlyangy.fr\\\/?product=bruleur-2\",\"url\":\"https:\\\/\\\/girlyangy.fr\\\/?product=bruleur-2\",\"name\":\"br\u00fbleur - Girly Angy\",\"isPartOf\":{\"@id\":\"https:\\\/\\\/girlyangy.fr\\\/#website\"},\"primaryImageOfPage\":{\"@id\":\"https:\\\/\\\/girlyangy.fr\\\/?product=bruleur-2#primaryimage\"},\"image\":{\"@id\":\"https:\\\/\\\/girlyangy.fr\\\/?product=bruleur-2#primaryimage\"},\"thumbnailUrl\":\"https:\\\/\\\/i0.wp.com\\\/girlyangy.fr\\\/wp-content\\\/uploads\\\/2024\\\/03\\\/1000050319.jpg?fit=330%2C330&ssl=1\",\"datePublished\":\"2024-03-10T21:03:55+00:00\",\"dateModified\":\"2024-03-12T19:27:52+00:00\",\"breadcrumb\":{\"@id\":\"https:\\\/\\\/girlyangy.fr\\\/?product=bruleur-2#breadcrumb\"},\"inLanguage\":\"fr-FR\",\"potentialAction\":[{\"@type\":\"ReadAction\",\"target\":[\"https:\\\/\\\/girlyangy.fr\\\/?product=bruleur-2\"]}]},{\"@type\":\"ImageObject\",\"inLanguage\":\"fr-FR\",\"@id\":\"https:\\\/\\\/girlyangy.fr\\\/?product=bruleur-2#primaryimage\",\"url\":\"https:\\\/\\\/i0.wp.com\\\/girlyangy.fr\\\/wp-content\\\/uploads\\\/2024\\\/03\\\/1000050319.jpg?fit=330%2C330&ssl=1\",\"contentUrl\":\"https:\\\/\\\/i0.wp.com\\\/girlyangy.fr\\\/wp-content\\\/uploads\\\/2024\\\/03\\\/1000050319.jpg?fit=330%2C330&ssl=1\",\"width\":330,\"height\":330},{\"@type\":\"BreadcrumbList\",\"@id\":\"https:\\\/\\\/girlyangy.fr\\\/?product=bruleur-2#breadcrumb\",\"itemListElement\":[{\"@type\":\"ListItem\",\"position\":1,\"name\":\"Accueil\",\"item\":\"https:\\\/\\\/girlyangy.fr\\\/\"},{\"@type\":\"ListItem\",\"position\":2,\"name\":\"boutique\",\"item\":\"https:\\\/\\\/girlyangy.fr\\\/?page_id=5\"},{\"@type\":\"ListItem\",\"position\":3,\"name\":\"br\u00fbleur\"}]},{\"@type\":\"WebSite\",\"@id\":\"https:\\\/\\\/girlyangy.fr\\\/#website\",\"url\":\"https:\\\/\\\/girlyangy.fr\\\/\",\"name\":\"Girly Angy\",\"description\":\"R\u00e9v\u00e9lez votre f\u00e9minit\u00e9\",\"publisher\":{\"@id\":\"https:\\\/\\\/girlyangy.fr\\\/#organization\"},\"potentialAction\":[{\"@type\":\"SearchAction\",\"target\":{\"@type\":\"EntryPoint\",\"urlTemplate\":\"https:\\\/\\\/girlyangy.fr\\\/?s={search_term_string}\"},\"query-input\":{\"@type\":\"PropertyValueSpecification\",\"valueRequired\":true,\"valueName\":\"search_term_string\"}}],\"inLanguage\":\"fr-FR\"},{\"@type\":\"Organization\",\"@id\":\"https:\\\/\\\/girlyangy.fr\\\/#organization\",\"name\":\"Girly Angy\",\"url\":\"https:\\\/\\\/girlyangy.fr\\\/\",\"logo\":{\"@type\":\"ImageObject\",\"inLanguage\":\"fr-FR\",\"@id\":\"https:\\\/\\\/girlyangy.fr\\\/#\\\/schema\\\/logo\\\/image\\\/\",\"url\":\"https:\\\/\\\/girlyangy.fr\\\/wp-content\\\/uploads\\\/2023\\\/02\\\/cropped-logo-girly-angy.png\",\"contentUrl\":\"https:\\\/\\\/girlyangy.fr\\\/wp-content\\\/uploads\\\/2023\\\/02\\\/cropped-logo-girly-angy.png\",\"width\":512,\"height\":512,\"caption\":\"Girly Angy\"},\"image\":{\"@id\":\"https:\\\/\\\/girlyangy.fr\\\/#\\\/schema\\\/logo\\\/image\\\/\"},\"sameAs\":[\"https:\\\/\\\/www.facebook.com\\\/profile.php?id=100070618441117\",\"https:\\\/\\\/www.instagram.com\\\/girly.shop76\"]}]}<\/script>\n<!-- \/ Yoast SEO plugin. -->","yoast_head_json":{"title":"br\u00fbleur - Girly Angy","robots":{"index":"index","follow":"follow","max-snippet":"max-snippet:-1","max-image-preview":"max-image-preview:large","max-video-preview":"max-video-preview:-1"},"canonical":"https:\/\/girlyangy.fr\/?product=bruleur-2","og_locale":"fr_FR","og_type":"article","og_title":"br\u00fbleur - Girly Angy","og_description":"Attention : Placez toujours le br\u00fbleur \u00e0 huile sur un tapis r\u00e9sistant \u00e0 la chaleur. Veillez \u00e0 ce qu'il y ait suffisamment d'eau dans le r\u00e9cipient situ\u00e9 au-dessus du br\u00fbleur. Utilisez des bougies chauffe-plat de bonne qualit\u00e9. Ne les laissez jamais sans surveillance lorsqu'elles sont allum\u00e9es et tenez-les \u00e9loign\u00e9es des rideaux. Si la flamme devient dangereuse, \u00e9teignez-la avec un chiffon humide. Tenir hors de port\u00e9e des enfants.","og_url":"https:\/\/girlyangy.fr\/?product=bruleur-2","og_site_name":"Girly Angy","article_publisher":"https:\/\/www.facebook.com\/profile.php?id=100070618441117","article_modified_time":"2024-03-12T19:27:52+00:00","twitter_card":"summary_large_image","schema":{"@context":"https:\/\/schema.org","@graph":[{"@type":"WebPage","@id":"https:\/\/girlyangy.fr\/?product=bruleur-2","url":"https:\/\/girlyangy.fr\/?product=bruleur-2","name":"br\u00fbleur - Girly Angy","isPartOf":{"@id":"https:\/\/girlyangy.fr\/#website"},"primaryImageOfPage":{"@id":"https:\/\/girlyangy.fr\/?product=bruleur-2#primaryimage"},"image":{"@id":"https:\/\/girlyangy.fr\/?product=bruleur-2#primaryimage"},"thumbnailUrl":"https:\/\/i0.wp.com\/girlyangy.fr\/wp-content\/uploads\/2024\/03\/1000050319.jpg?fit=330%2C330&ssl=1","datePublished":"2024-03-10T21:03:55+00:00","dateModified":"2024-03-12T19:27:52+00:00","breadcrumb":{"@id":"https:\/\/girlyangy.fr\/?product=bruleur-2#breadcrumb"},"inLanguage":"fr-FR","potentialAction":[{"@type":"ReadAction","target":["https:\/\/girlyangy.fr\/?product=bruleur-2"]}]},{"@type":"ImageObject","inLanguage":"fr-FR","@id":"https:\/\/girlyangy.fr\/?product=bruleur-2#primaryimage","url":"https:\/\/i0.wp.com\/girlyangy.fr\/wp-content\/uploads\/2024\/03\/1000050319.jpg?fit=330%2C330&ssl=1","contentUrl":"https:\/\/i0.wp.com\/girlyangy.fr\/wp-content\/uploads\/2024\/03\/1000050319.jpg?fit=330%2C330&ssl=1","width":330,"height":330},{"@type":"BreadcrumbList","@id":"https:\/\/girlyangy.fr\/?product=bruleur-2#breadcrumb","itemListElement":[{"@type":"ListItem","position":1,"name":"Accueil","item":"https:\/\/girlyangy.fr\/"},{"@type":"ListItem","position":2,"name":"boutique","item":"https:\/\/girlyangy.fr\/?page_id=5"},{"@type":"ListItem","position":3,"name":"br\u00fbleur"}]},{"@type":"WebSite","@id":"https:\/\/girlyangy.fr\/#website","url":"https:\/\/girlyangy.fr\/","name":"Girly Angy","description":"R\u00e9v\u00e9lez votre f\u00e9minit\u00e9","publisher":{"@id":"https:\/\/girlyangy.fr\/#organization"},"potentialAction":[{"@type":"SearchAction","target":{"@type":"EntryPoint","urlTemplate":"https:\/\/girlyangy.fr\/?s={search_term_string}"},"query-input":{"@type":"PropertyValueSpecification","valueRequired":true,"valueName":"search_term_string"}}],"inLanguage":"fr-FR"},{"@type":"Organization","@id":"https:\/\/girlyangy.fr\/#organization","name":"Girly Angy","url":"https:\/\/girlyangy.fr\/","logo":{"@type":"ImageObject","inLanguage":"fr-FR","@id":"https:\/\/girlyangy.fr\/#\/schema\/logo\/image\/","url":"https:\/\/girlyangy.fr\/wp-content\/uploads\/2023\/02\/cropped-logo-girly-angy.png","contentUrl":"https:\/\/girlyangy.fr\/wp-content\/uploads\/2023\/02\/cropped-logo-girly-angy.png","width":512,"height":512,"caption":"Girly Angy"},"image":{"@id":"https:\/\/girlyangy.fr\/#\/schema\/logo\/image\/"},"sameAs":["https:\/\/www.facebook.com\/profile.php?id=100070618441117","https:\/\/www.instagram.com\/girly.shop76"]}]}},"jetpack_sharing_enabled":true,"_links":{"self":[{"href":"https:\/\/girlyangy.fr\/index.php?rest_route=\/wp\/v2\/product\/5001","targetHints":{"allow":["GET"]}}],"collection":[{"href":"https:\/\/girlyangy.fr\/index.php?rest_route=\/wp\/v2\/product"}],"about":[{"href":"https:\/\/girlyangy.fr\/index.php?rest_route=\/wp\/v2\/types\/product"}],"replies":[{"embeddable":true,"href":"https:\/\/girlyangy.fr\/index.php?rest_route=%2Fwp%2Fv2%2Fcomments&post=5001"}],"wp:featuredmedia":[{"embeddable":true,"href":"https:\/\/girlyangy.fr\/index.php?rest_route=\/wp\/v2\/media\/5000"}],"wp:attachment":[{"href":"https:\/\/girlyangy.fr\/index.php?rest_route=%2Fwp%2Fv2%2Fmedia&parent=5001"}],"wp:term":[{"taxonomy":"product_brand","embeddable":true,"href":"https:\/\/girlyangy.fr\/index.php?rest_route=%2Fwp%2Fv2%2Fproduct_brand&post=5001"},{"taxonomy":"product_cat","embeddable":true,"href":"https:\/\/girlyangy.fr\/index.php?rest_route=%2Fwp%2Fv2%2Fproduct_cat&post=5001"},{"taxonomy":"product_tag","embeddable":true,"href":"https:\/\/girlyangy.fr\/index.php?rest_route=%2Fwp%2Fv2%2Fproduct_tag&post=5001"}],"curies":[{"name":"wp","href":"https:\/\/api.w.org\/{rel}","templated":true}]}}