{"id":5125,"date":"2024-03-18T09:59:45","date_gmt":"2024-03-18T09:59:45","guid":{"rendered":"https:\/\/girlyangy.fr\/?post_type=product&#038;p=5125"},"modified":"2024-12-16T20:06:00","modified_gmt":"2024-12-16T20:06:00","slug":"essence-soluble-dans-leau-pour-humidificateur","status":"publish","type":"product","link":"https:\/\/girlyangy.fr\/?product=essence-soluble-dans-leau-pour-humidificateur","title":{"rendered":"Essence soluble dans l&rsquo;eau pour humidificateur"},"content":{"rendered":"<p><strong>Les&nbsp;Essences Hydrosolubles d&rsquo;Ambar, avec leur parfum agr\u00e9able et relaxant, changeront l&rsquo;atmosph\u00e8re de votre maison. Vous pouvez l&rsquo;utiliser \u00e0 la fois dans les br\u00fbleurs et les humidificateurs pour \u00e9liminer les odeurs d\u00e9sagr\u00e9ables et cr\u00e9er une atmosph\u00e8re rafra\u00eechissante.<\/strong><\/p>\n<div class=\"dropdown-list__item dropdown-list__item--collapse accordion \" style=\"border-bottom-width: 1px;border-bottom-style: solid;font-size: 14px;position: relative;width: 366px\">\n<div id=\"accordion-product_accordion_description\" class=\"dropdown-list__content accordion__content\" aria-hidden=\"false\" style=\"overflow: hidden;font-size: 14px;margin-bottom: 16px;padding-bottom: 16px\">\n<div class=\"product attribute \">\n<div class=\"value\">\n<p style=\"margin: 0px\"><strong>Contient 50 ml<br \/>\n<\/strong><\/p>\n<\/div>\n<\/div>\n<\/div>\n<\/div>\n<div class=\"dropdown-list__item dropdown-list__item--collapse accordion \" style=\"border-bottom-width: 1px;border-bottom-style: solid;font-size: 14px;position: relative;width: 366px\"><strong><\/strong><\/div>\n<p><strong><br \/>\n<\/strong><\/p>\n","protected":false},"excerpt":{"rendered":"<p><span><strong>Essence hydrosoluble<\/strong><\/span><\/p>\n<p><strong><span>50 ml pour humidificateur. Qualit\u00e9 Premium. Utilisations : <\/span>uniquement<span> humidificateur<\/span><\/strong><\/p>\n","protected":false},"featured_media":5124,"comment_status":"open","ping_status":"closed","template":"","meta":[],"product_brand":[],"product_cat":[44,21],"product_tag":[],"class_list":{"0":"post-5125","1":"product","2":"type-product","3":"status-publish","4":"has-post-thumbnail","6":"product_cat-autres-senteurs","7":"product_cat-senteurs","8":"product_shipping_class-mondial-relay","10":"first","11":"instock","12":"shipping-taxable","13":"purchasable","14":"product-type-variable"},"yoast_head":"<!-- This site is optimized with the Yoast SEO plugin v27.4 - https:\/\/yoast.com\/product\/yoast-seo-wordpress\/ -->\n<title>Essence soluble dans l&#039;eau pour humidificateur - Girly Angy<\/title>\n<meta name=\"robots\" content=\"index, follow, max-snippet:-1, max-image-preview:large, max-video-preview:-1\" \/>\n<link rel=\"canonical\" href=\"https:\/\/girlyangy.fr\/?product=essence-soluble-dans-leau-pour-humidificateur\" \/>\n<meta property=\"og:locale\" content=\"fr_FR\" \/>\n<meta property=\"og:type\" content=\"article\" \/>\n<meta property=\"og:title\" content=\"Essence soluble dans l&#039;eau pour humidificateur - Girly Angy\" \/>\n<meta property=\"og:description\" content=\"Essence hydrosoluble 50 ml pour humidificateur. Qualit\u00e9 Premium. Utilisations : uniquement humidificateur\" \/>\n<meta property=\"og:url\" content=\"https:\/\/girlyangy.fr\/?product=essence-soluble-dans-leau-pour-humidificateur\" \/>\n<meta property=\"og:site_name\" content=\"Girly Angy\" \/>\n<meta property=\"article:publisher\" content=\"https:\/\/www.facebook.com\/profile.php?id=100070618441117\" \/>\n<meta property=\"article:modified_time\" content=\"2024-12-16T20:06:00+00:00\" \/>\n<meta property=\"og:image\" content=\"https:\/\/girlyangy.fr\/wp-content\/uploads\/2024\/03\/img_7473.jpeg\" \/>\n\t<meta property=\"og:image:width\" content=\"894\" \/>\n\t<meta property=\"og:image:height\" content=\"896\" \/>\n\t<meta property=\"og:image:type\" content=\"image\/jpeg\" \/>\n<meta name=\"twitter:card\" content=\"summary_large_image\" \/>\n<script type=\"application\/ld+json\" class=\"yoast-schema-graph\">{\"@context\":\"https:\\\/\\\/schema.org\",\"@graph\":[{\"@type\":\"WebPage\",\"@id\":\"https:\\\/\\\/girlyangy.fr\\\/?product=essence-soluble-dans-leau-pour-humidificateur\",\"url\":\"https:\\\/\\\/girlyangy.fr\\\/?product=essence-soluble-dans-leau-pour-humidificateur\",\"name\":\"Essence soluble dans l'eau pour humidificateur - Girly Angy\",\"isPartOf\":{\"@id\":\"https:\\\/\\\/girlyangy.fr\\\/#website\"},\"primaryImageOfPage\":{\"@id\":\"https:\\\/\\\/girlyangy.fr\\\/?product=essence-soluble-dans-leau-pour-humidificateur#primaryimage\"},\"image\":{\"@id\":\"https:\\\/\\\/girlyangy.fr\\\/?product=essence-soluble-dans-leau-pour-humidificateur#primaryimage\"},\"thumbnailUrl\":\"https:\\\/\\\/i0.wp.com\\\/girlyangy.fr\\\/wp-content\\\/uploads\\\/2024\\\/03\\\/img_7473.jpeg?fit=894%2C896&ssl=1\",\"datePublished\":\"2024-03-18T09:59:45+00:00\",\"dateModified\":\"2024-12-16T20:06:00+00:00\",\"breadcrumb\":{\"@id\":\"https:\\\/\\\/girlyangy.fr\\\/?product=essence-soluble-dans-leau-pour-humidificateur#breadcrumb\"},\"inLanguage\":\"fr-FR\",\"potentialAction\":[{\"@type\":\"ReadAction\",\"target\":[\"https:\\\/\\\/girlyangy.fr\\\/?product=essence-soluble-dans-leau-pour-humidificateur\"]}]},{\"@type\":\"ImageObject\",\"inLanguage\":\"fr-FR\",\"@id\":\"https:\\\/\\\/girlyangy.fr\\\/?product=essence-soluble-dans-leau-pour-humidificateur#primaryimage\",\"url\":\"https:\\\/\\\/i0.wp.com\\\/girlyangy.fr\\\/wp-content\\\/uploads\\\/2024\\\/03\\\/img_7473.jpeg?fit=894%2C896&ssl=1\",\"contentUrl\":\"https:\\\/\\\/i0.wp.com\\\/girlyangy.fr\\\/wp-content\\\/uploads\\\/2024\\\/03\\\/img_7473.jpeg?fit=894%2C896&ssl=1\",\"width\":894,\"height\":896},{\"@type\":\"BreadcrumbList\",\"@id\":\"https:\\\/\\\/girlyangy.fr\\\/?product=essence-soluble-dans-leau-pour-humidificateur#breadcrumb\",\"itemListElement\":[{\"@type\":\"ListItem\",\"position\":1,\"name\":\"Accueil\",\"item\":\"https:\\\/\\\/girlyangy.fr\\\/\"},{\"@type\":\"ListItem\",\"position\":2,\"name\":\"boutique\",\"item\":\"https:\\\/\\\/girlyangy.fr\\\/?page_id=5\"},{\"@type\":\"ListItem\",\"position\":3,\"name\":\"Essence soluble dans l&#8217;eau pour humidificateur\"}]},{\"@type\":\"WebSite\",\"@id\":\"https:\\\/\\\/girlyangy.fr\\\/#website\",\"url\":\"https:\\\/\\\/girlyangy.fr\\\/\",\"name\":\"Girly Angy\",\"description\":\"R\u00e9v\u00e9lez votre f\u00e9minit\u00e9\",\"publisher\":{\"@id\":\"https:\\\/\\\/girlyangy.fr\\\/#organization\"},\"potentialAction\":[{\"@type\":\"SearchAction\",\"target\":{\"@type\":\"EntryPoint\",\"urlTemplate\":\"https:\\\/\\\/girlyangy.fr\\\/?s={search_term_string}\"},\"query-input\":{\"@type\":\"PropertyValueSpecification\",\"valueRequired\":true,\"valueName\":\"search_term_string\"}}],\"inLanguage\":\"fr-FR\"},{\"@type\":\"Organization\",\"@id\":\"https:\\\/\\\/girlyangy.fr\\\/#organization\",\"name\":\"Girly Angy\",\"url\":\"https:\\\/\\\/girlyangy.fr\\\/\",\"logo\":{\"@type\":\"ImageObject\",\"inLanguage\":\"fr-FR\",\"@id\":\"https:\\\/\\\/girlyangy.fr\\\/#\\\/schema\\\/logo\\\/image\\\/\",\"url\":\"https:\\\/\\\/girlyangy.fr\\\/wp-content\\\/uploads\\\/2023\\\/02\\\/cropped-logo-girly-angy.png\",\"contentUrl\":\"https:\\\/\\\/girlyangy.fr\\\/wp-content\\\/uploads\\\/2023\\\/02\\\/cropped-logo-girly-angy.png\",\"width\":512,\"height\":512,\"caption\":\"Girly Angy\"},\"image\":{\"@id\":\"https:\\\/\\\/girlyangy.fr\\\/#\\\/schema\\\/logo\\\/image\\\/\"},\"sameAs\":[\"https:\\\/\\\/www.facebook.com\\\/profile.php?id=100070618441117\",\"https:\\\/\\\/www.instagram.com\\\/girly.shop76\"]}]}<\/script>\n<!-- \/ Yoast SEO plugin. -->","yoast_head_json":{"title":"Essence soluble dans l'eau pour humidificateur - Girly Angy","robots":{"index":"index","follow":"follow","max-snippet":"max-snippet:-1","max-image-preview":"max-image-preview:large","max-video-preview":"max-video-preview:-1"},"canonical":"https:\/\/girlyangy.fr\/?product=essence-soluble-dans-leau-pour-humidificateur","og_locale":"fr_FR","og_type":"article","og_title":"Essence soluble dans l'eau pour humidificateur - Girly Angy","og_description":"Essence hydrosoluble 50 ml pour humidificateur. Qualit\u00e9 Premium. Utilisations : uniquement humidificateur","og_url":"https:\/\/girlyangy.fr\/?product=essence-soluble-dans-leau-pour-humidificateur","og_site_name":"Girly Angy","article_publisher":"https:\/\/www.facebook.com\/profile.php?id=100070618441117","article_modified_time":"2024-12-16T20:06:00+00:00","og_image":[{"width":894,"height":896,"url":"https:\/\/girlyangy.fr\/wp-content\/uploads\/2024\/03\/img_7473.jpeg","type":"image\/jpeg"}],"twitter_card":"summary_large_image","schema":{"@context":"https:\/\/schema.org","@graph":[{"@type":"WebPage","@id":"https:\/\/girlyangy.fr\/?product=essence-soluble-dans-leau-pour-humidificateur","url":"https:\/\/girlyangy.fr\/?product=essence-soluble-dans-leau-pour-humidificateur","name":"Essence soluble dans l'eau pour humidificateur - Girly Angy","isPartOf":{"@id":"https:\/\/girlyangy.fr\/#website"},"primaryImageOfPage":{"@id":"https:\/\/girlyangy.fr\/?product=essence-soluble-dans-leau-pour-humidificateur#primaryimage"},"image":{"@id":"https:\/\/girlyangy.fr\/?product=essence-soluble-dans-leau-pour-humidificateur#primaryimage"},"thumbnailUrl":"https:\/\/i0.wp.com\/girlyangy.fr\/wp-content\/uploads\/2024\/03\/img_7473.jpeg?fit=894%2C896&ssl=1","datePublished":"2024-03-18T09:59:45+00:00","dateModified":"2024-12-16T20:06:00+00:00","breadcrumb":{"@id":"https:\/\/girlyangy.fr\/?product=essence-soluble-dans-leau-pour-humidificateur#breadcrumb"},"inLanguage":"fr-FR","potentialAction":[{"@type":"ReadAction","target":["https:\/\/girlyangy.fr\/?product=essence-soluble-dans-leau-pour-humidificateur"]}]},{"@type":"ImageObject","inLanguage":"fr-FR","@id":"https:\/\/girlyangy.fr\/?product=essence-soluble-dans-leau-pour-humidificateur#primaryimage","url":"https:\/\/i0.wp.com\/girlyangy.fr\/wp-content\/uploads\/2024\/03\/img_7473.jpeg?fit=894%2C896&ssl=1","contentUrl":"https:\/\/i0.wp.com\/girlyangy.fr\/wp-content\/uploads\/2024\/03\/img_7473.jpeg?fit=894%2C896&ssl=1","width":894,"height":896},{"@type":"BreadcrumbList","@id":"https:\/\/girlyangy.fr\/?product=essence-soluble-dans-leau-pour-humidificateur#breadcrumb","itemListElement":[{"@type":"ListItem","position":1,"name":"Accueil","item":"https:\/\/girlyangy.fr\/"},{"@type":"ListItem","position":2,"name":"boutique","item":"https:\/\/girlyangy.fr\/?page_id=5"},{"@type":"ListItem","position":3,"name":"Essence soluble dans l&#8217;eau pour humidificateur"}]},{"@type":"WebSite","@id":"https:\/\/girlyangy.fr\/#website","url":"https:\/\/girlyangy.fr\/","name":"Girly Angy","description":"R\u00e9v\u00e9lez votre f\u00e9minit\u00e9","publisher":{"@id":"https:\/\/girlyangy.fr\/#organization"},"potentialAction":[{"@type":"SearchAction","target":{"@type":"EntryPoint","urlTemplate":"https:\/\/girlyangy.fr\/?s={search_term_string}"},"query-input":{"@type":"PropertyValueSpecification","valueRequired":true,"valueName":"search_term_string"}}],"inLanguage":"fr-FR"},{"@type":"Organization","@id":"https:\/\/girlyangy.fr\/#organization","name":"Girly Angy","url":"https:\/\/girlyangy.fr\/","logo":{"@type":"ImageObject","inLanguage":"fr-FR","@id":"https:\/\/girlyangy.fr\/#\/schema\/logo\/image\/","url":"https:\/\/girlyangy.fr\/wp-content\/uploads\/2023\/02\/cropped-logo-girly-angy.png","contentUrl":"https:\/\/girlyangy.fr\/wp-content\/uploads\/2023\/02\/cropped-logo-girly-angy.png","width":512,"height":512,"caption":"Girly Angy"},"image":{"@id":"https:\/\/girlyangy.fr\/#\/schema\/logo\/image\/"},"sameAs":["https:\/\/www.facebook.com\/profile.php?id=100070618441117","https:\/\/www.instagram.com\/girly.shop76"]}]}},"jetpack_sharing_enabled":true,"_links":{"self":[{"href":"https:\/\/girlyangy.fr\/index.php?rest_route=\/wp\/v2\/product\/5125","targetHints":{"allow":["GET"]}}],"collection":[{"href":"https:\/\/girlyangy.fr\/index.php?rest_route=\/wp\/v2\/product"}],"about":[{"href":"https:\/\/girlyangy.fr\/index.php?rest_route=\/wp\/v2\/types\/product"}],"replies":[{"embeddable":true,"href":"https:\/\/girlyangy.fr\/index.php?rest_route=%2Fwp%2Fv2%2Fcomments&post=5125"}],"wp:featuredmedia":[{"embeddable":true,"href":"https:\/\/girlyangy.fr\/index.php?rest_route=\/wp\/v2\/media\/5124"}],"wp:attachment":[{"href":"https:\/\/girlyangy.fr\/index.php?rest_route=%2Fwp%2Fv2%2Fmedia&parent=5125"}],"wp:term":[{"taxonomy":"product_brand","embeddable":true,"href":"https:\/\/girlyangy.fr\/index.php?rest_route=%2Fwp%2Fv2%2Fproduct_brand&post=5125"},{"taxonomy":"product_cat","embeddable":true,"href":"https:\/\/girlyangy.fr\/index.php?rest_route=%2Fwp%2Fv2%2Fproduct_cat&post=5125"},{"taxonomy":"product_tag","embeddable":true,"href":"https:\/\/girlyangy.fr\/index.php?rest_route=%2Fwp%2Fv2%2Fproduct_tag&post=5125"}],"curies":[{"name":"wp","href":"https:\/\/api.w.org\/{rel}","templated":true}]}}