{"id":5194,"date":"2024-03-20T13:36:28","date_gmt":"2024-03-20T13:36:28","guid":{"rendered":"https:\/\/girlyangy.fr\/?post_type=product&#038;p=5194"},"modified":"2025-03-14T07:39:16","modified_gmt":"2025-03-14T07:39:16","slug":"diffuseur-de-senteurspar-chaleur-douce","status":"publish","type":"product","link":"https:\/\/girlyangy.fr\/?product=diffuseur-de-senteurspar-chaleur-douce","title":{"rendered":"Br\u00fble parfum \u00e9lectrique \nDiffuseur de senteurs\npar chaleur douce"},"content":{"rendered":"<p><strong>\u00c9quip<span style=\"font-size: 12pt;text-align: justify\">\u00e9 d&rsquo;un variateur pour r\u00e9gler la temp\u00e9rature de diffusion et la luminosit\u00e9 de la lampe (<\/span>sauf<span style=\"font-size: 12pt;text-align: justify\"> <\/span>mod\u00e8le<span style=\"font-size: 12pt;text-align: justify\"> 1). La temp\u00e9rature minimale et maximale sont \u00e9tudi\u00e9es pour activer la diffusion des diff\u00e9rents types de senteurs.<br \/>\n&#8211; La temp\u00e9rature minimale est id\u00e9ale pour activer la diffusion des huiles essentielles sans les surchauffer afin d&rsquo;\u00e9viter de les d\u00e9t\u00e9riorer. Ne pas oublier d&rsquo;ajouter de l&rsquo;eau dans la coupelle pour la diffusion d&rsquo;huiles essentielles.<br \/>\n&#8211; La temp\u00e9rature interm\u00e9diaire convient \u00e0 d&rsquo;autres solutions parfum\u00e9es comme extrait de parfum, eau de Cologne etc.<br \/>\n&#8211; La temp\u00e9rature maximale fait fondre les cires parfum\u00e9es en 5 minutes pour lib\u00e9rer tous les senteurs.<\/span><\/strong><\/p>\n<p><strong>Son couvercle amovible facilite son nettoyage et les changements de senteur. Il cr\u00e9e \u00e9galement des projections de lumi\u00e8re \u00e0 proximit\u00e9 pour une ambiance zen et parfum\u00e9e.<br \/>\n<\/strong><\/p>\n<p><strong><span class=\"ng-scope\" style=\"font-family\"><br \/>\n<\/span><br \/>\n<\/strong><\/p>\n","protected":false},"excerpt":{"rendered":"<p>\u00c9quip\u00e9 d&rsquo;un variateur pour r\u00e9gler la temp\u00e9rature de diffusion et la luminosit\u00e9 de la lampe (sauf mod\u00e8le 1). La temp\u00e9rature minimale et maximale sont \u00e9tudi\u00e9es pour activer la diffusion des diff\u00e9rents types de senteurs. &#8211; La temp\u00e9rature minimale est id\u00e9ale pour activer la diffusion des huiles essentielles sans les surchauffer afin d&rsquo;\u00e9viter de les d\u00e9t\u00e9riorer. [&hellip;]<\/p>\n","protected":false},"featured_media":5193,"comment_status":"open","ping_status":"closed","template":"","meta":[],"product_brand":[],"product_cat":[44,21],"product_tag":[],"class_list":{"0":"post-5194","1":"product","2":"type-product","3":"status-publish","4":"has-post-thumbnail","6":"product_cat-autres-senteurs","7":"product_cat-senteurs","8":"product_shipping_class-mondial-relay","10":"first","11":"instock","12":"sale","13":"shipping-taxable","14":"purchasable","15":"product-type-variable"},"yoast_head":"<!-- This site is optimized with the Yoast SEO plugin v27.4 - https:\/\/yoast.com\/product\/yoast-seo-wordpress\/ -->\n<title>Br\u00fble parfum \u00e9lectrique Diffuseur de senteurs par chaleur douce - Girly Angy<\/title>\n<meta name=\"robots\" content=\"index, follow, max-snippet:-1, max-image-preview:large, max-video-preview:-1\" \/>\n<link rel=\"canonical\" href=\"https:\/\/girlyangy.fr\/?product=diffuseur-de-senteurspar-chaleur-douce\" \/>\n<meta property=\"og:locale\" content=\"fr_FR\" \/>\n<meta property=\"og:type\" content=\"article\" \/>\n<meta property=\"og:title\" content=\"Br\u00fble parfum \u00e9lectrique Diffuseur de senteurs par chaleur douce - Girly Angy\" \/>\n<meta property=\"og:description\" content=\"\u00c9quip\u00e9 d&rsquo;un variateur pour r\u00e9gler la temp\u00e9rature de diffusion et la luminosit\u00e9 de la lampe (sauf mod\u00e8le 1). La temp\u00e9rature minimale et maximale sont \u00e9tudi\u00e9es pour activer la diffusion des diff\u00e9rents types de senteurs. &#8211; La temp\u00e9rature minimale est id\u00e9ale pour activer la diffusion des huiles essentielles sans les surchauffer afin d&rsquo;\u00e9viter de les d\u00e9t\u00e9riorer. [&hellip;]\" \/>\n<meta property=\"og:url\" content=\"https:\/\/girlyangy.fr\/?product=diffuseur-de-senteurspar-chaleur-douce\" \/>\n<meta property=\"og:site_name\" content=\"Girly Angy\" \/>\n<meta property=\"article:publisher\" content=\"https:\/\/www.facebook.com\/profile.php?id=100070618441117\" \/>\n<meta property=\"article:modified_time\" content=\"2025-03-14T07:39:16+00:00\" \/>\n<meta property=\"og:image\" content=\"https:\/\/girlyangy.fr\/wp-content\/uploads\/2024\/03\/img_7554.jpeg\" \/>\n\t<meta property=\"og:image:width\" content=\"1170\" \/>\n\t<meta property=\"og:image:height\" content=\"1161\" \/>\n\t<meta property=\"og:image:type\" content=\"image\/jpeg\" \/>\n<meta name=\"twitter:card\" content=\"summary_large_image\" \/>\n<meta name=\"twitter:label1\" content=\"Dur\u00e9e de lecture estim\u00e9e\" \/>\n\t<meta name=\"twitter:data1\" content=\"1 minute\" \/>\n<script type=\"application\/ld+json\" class=\"yoast-schema-graph\">{\"@context\":\"https:\\\/\\\/schema.org\",\"@graph\":[{\"@type\":\"WebPage\",\"@id\":\"https:\\\/\\\/girlyangy.fr\\\/?product=diffuseur-de-senteurspar-chaleur-douce\",\"url\":\"https:\\\/\\\/girlyangy.fr\\\/?product=diffuseur-de-senteurspar-chaleur-douce\",\"name\":\"Br\u00fble parfum \u00e9lectrique Diffuseur de senteurs par chaleur douce - Girly Angy\",\"isPartOf\":{\"@id\":\"https:\\\/\\\/girlyangy.fr\\\/#website\"},\"primaryImageOfPage\":{\"@id\":\"https:\\\/\\\/girlyangy.fr\\\/?product=diffuseur-de-senteurspar-chaleur-douce#primaryimage\"},\"image\":{\"@id\":\"https:\\\/\\\/girlyangy.fr\\\/?product=diffuseur-de-senteurspar-chaleur-douce#primaryimage\"},\"thumbnailUrl\":\"https:\\\/\\\/i0.wp.com\\\/girlyangy.fr\\\/wp-content\\\/uploads\\\/2024\\\/03\\\/img_7554.jpeg?fit=1170%2C1161&ssl=1\",\"datePublished\":\"2024-03-20T13:36:28+00:00\",\"dateModified\":\"2025-03-14T07:39:16+00:00\",\"breadcrumb\":{\"@id\":\"https:\\\/\\\/girlyangy.fr\\\/?product=diffuseur-de-senteurspar-chaleur-douce#breadcrumb\"},\"inLanguage\":\"fr-FR\",\"potentialAction\":[{\"@type\":\"ReadAction\",\"target\":[\"https:\\\/\\\/girlyangy.fr\\\/?product=diffuseur-de-senteurspar-chaleur-douce\"]}]},{\"@type\":\"ImageObject\",\"inLanguage\":\"fr-FR\",\"@id\":\"https:\\\/\\\/girlyangy.fr\\\/?product=diffuseur-de-senteurspar-chaleur-douce#primaryimage\",\"url\":\"https:\\\/\\\/i0.wp.com\\\/girlyangy.fr\\\/wp-content\\\/uploads\\\/2024\\\/03\\\/img_7554.jpeg?fit=1170%2C1161&ssl=1\",\"contentUrl\":\"https:\\\/\\\/i0.wp.com\\\/girlyangy.fr\\\/wp-content\\\/uploads\\\/2024\\\/03\\\/img_7554.jpeg?fit=1170%2C1161&ssl=1\",\"width\":1170,\"height\":1161},{\"@type\":\"BreadcrumbList\",\"@id\":\"https:\\\/\\\/girlyangy.fr\\\/?product=diffuseur-de-senteurspar-chaleur-douce#breadcrumb\",\"itemListElement\":[{\"@type\":\"ListItem\",\"position\":1,\"name\":\"Accueil\",\"item\":\"https:\\\/\\\/girlyangy.fr\\\/\"},{\"@type\":\"ListItem\",\"position\":2,\"name\":\"boutique\",\"item\":\"https:\\\/\\\/girlyangy.fr\\\/?page_id=5\"},{\"@type\":\"ListItem\",\"position\":3,\"name\":\"Br\u00fble parfum \u00e9lectrique Diffuseur de senteurs par chaleur douce\"}]},{\"@type\":\"WebSite\",\"@id\":\"https:\\\/\\\/girlyangy.fr\\\/#website\",\"url\":\"https:\\\/\\\/girlyangy.fr\\\/\",\"name\":\"Girly Angy\",\"description\":\"R\u00e9v\u00e9lez votre f\u00e9minit\u00e9\",\"publisher\":{\"@id\":\"https:\\\/\\\/girlyangy.fr\\\/#organization\"},\"potentialAction\":[{\"@type\":\"SearchAction\",\"target\":{\"@type\":\"EntryPoint\",\"urlTemplate\":\"https:\\\/\\\/girlyangy.fr\\\/?s={search_term_string}\"},\"query-input\":{\"@type\":\"PropertyValueSpecification\",\"valueRequired\":true,\"valueName\":\"search_term_string\"}}],\"inLanguage\":\"fr-FR\"},{\"@type\":\"Organization\",\"@id\":\"https:\\\/\\\/girlyangy.fr\\\/#organization\",\"name\":\"Girly Angy\",\"url\":\"https:\\\/\\\/girlyangy.fr\\\/\",\"logo\":{\"@type\":\"ImageObject\",\"inLanguage\":\"fr-FR\",\"@id\":\"https:\\\/\\\/girlyangy.fr\\\/#\\\/schema\\\/logo\\\/image\\\/\",\"url\":\"https:\\\/\\\/girlyangy.fr\\\/wp-content\\\/uploads\\\/2023\\\/02\\\/cropped-logo-girly-angy.png\",\"contentUrl\":\"https:\\\/\\\/girlyangy.fr\\\/wp-content\\\/uploads\\\/2023\\\/02\\\/cropped-logo-girly-angy.png\",\"width\":512,\"height\":512,\"caption\":\"Girly Angy\"},\"image\":{\"@id\":\"https:\\\/\\\/girlyangy.fr\\\/#\\\/schema\\\/logo\\\/image\\\/\"},\"sameAs\":[\"https:\\\/\\\/www.facebook.com\\\/profile.php?id=100070618441117\",\"https:\\\/\\\/www.instagram.com\\\/girly.shop76\"]}]}<\/script>\n<!-- \/ Yoast SEO plugin. -->","yoast_head_json":{"title":"Br\u00fble parfum \u00e9lectrique Diffuseur de senteurs par chaleur douce - Girly Angy","robots":{"index":"index","follow":"follow","max-snippet":"max-snippet:-1","max-image-preview":"max-image-preview:large","max-video-preview":"max-video-preview:-1"},"canonical":"https:\/\/girlyangy.fr\/?product=diffuseur-de-senteurspar-chaleur-douce","og_locale":"fr_FR","og_type":"article","og_title":"Br\u00fble parfum \u00e9lectrique Diffuseur de senteurs par chaleur douce - Girly Angy","og_description":"\u00c9quip\u00e9 d&rsquo;un variateur pour r\u00e9gler la temp\u00e9rature de diffusion et la luminosit\u00e9 de la lampe (sauf mod\u00e8le 1). La temp\u00e9rature minimale et maximale sont \u00e9tudi\u00e9es pour activer la diffusion des diff\u00e9rents types de senteurs. &#8211; La temp\u00e9rature minimale est id\u00e9ale pour activer la diffusion des huiles essentielles sans les surchauffer afin d&rsquo;\u00e9viter de les d\u00e9t\u00e9riorer. [&hellip;]","og_url":"https:\/\/girlyangy.fr\/?product=diffuseur-de-senteurspar-chaleur-douce","og_site_name":"Girly Angy","article_publisher":"https:\/\/www.facebook.com\/profile.php?id=100070618441117","article_modified_time":"2025-03-14T07:39:16+00:00","og_image":[{"width":1170,"height":1161,"url":"https:\/\/girlyangy.fr\/wp-content\/uploads\/2024\/03\/img_7554.jpeg","type":"image\/jpeg"}],"twitter_card":"summary_large_image","twitter_misc":{"Dur\u00e9e de lecture estim\u00e9e":"1 minute"},"schema":{"@context":"https:\/\/schema.org","@graph":[{"@type":"WebPage","@id":"https:\/\/girlyangy.fr\/?product=diffuseur-de-senteurspar-chaleur-douce","url":"https:\/\/girlyangy.fr\/?product=diffuseur-de-senteurspar-chaleur-douce","name":"Br\u00fble parfum \u00e9lectrique Diffuseur de senteurs par chaleur douce - Girly Angy","isPartOf":{"@id":"https:\/\/girlyangy.fr\/#website"},"primaryImageOfPage":{"@id":"https:\/\/girlyangy.fr\/?product=diffuseur-de-senteurspar-chaleur-douce#primaryimage"},"image":{"@id":"https:\/\/girlyangy.fr\/?product=diffuseur-de-senteurspar-chaleur-douce#primaryimage"},"thumbnailUrl":"https:\/\/i0.wp.com\/girlyangy.fr\/wp-content\/uploads\/2024\/03\/img_7554.jpeg?fit=1170%2C1161&ssl=1","datePublished":"2024-03-20T13:36:28+00:00","dateModified":"2025-03-14T07:39:16+00:00","breadcrumb":{"@id":"https:\/\/girlyangy.fr\/?product=diffuseur-de-senteurspar-chaleur-douce#breadcrumb"},"inLanguage":"fr-FR","potentialAction":[{"@type":"ReadAction","target":["https:\/\/girlyangy.fr\/?product=diffuseur-de-senteurspar-chaleur-douce"]}]},{"@type":"ImageObject","inLanguage":"fr-FR","@id":"https:\/\/girlyangy.fr\/?product=diffuseur-de-senteurspar-chaleur-douce#primaryimage","url":"https:\/\/i0.wp.com\/girlyangy.fr\/wp-content\/uploads\/2024\/03\/img_7554.jpeg?fit=1170%2C1161&ssl=1","contentUrl":"https:\/\/i0.wp.com\/girlyangy.fr\/wp-content\/uploads\/2024\/03\/img_7554.jpeg?fit=1170%2C1161&ssl=1","width":1170,"height":1161},{"@type":"BreadcrumbList","@id":"https:\/\/girlyangy.fr\/?product=diffuseur-de-senteurspar-chaleur-douce#breadcrumb","itemListElement":[{"@type":"ListItem","position":1,"name":"Accueil","item":"https:\/\/girlyangy.fr\/"},{"@type":"ListItem","position":2,"name":"boutique","item":"https:\/\/girlyangy.fr\/?page_id=5"},{"@type":"ListItem","position":3,"name":"Br\u00fble parfum \u00e9lectrique Diffuseur de senteurs par chaleur douce"}]},{"@type":"WebSite","@id":"https:\/\/girlyangy.fr\/#website","url":"https:\/\/girlyangy.fr\/","name":"Girly Angy","description":"R\u00e9v\u00e9lez votre f\u00e9minit\u00e9","publisher":{"@id":"https:\/\/girlyangy.fr\/#organization"},"potentialAction":[{"@type":"SearchAction","target":{"@type":"EntryPoint","urlTemplate":"https:\/\/girlyangy.fr\/?s={search_term_string}"},"query-input":{"@type":"PropertyValueSpecification","valueRequired":true,"valueName":"search_term_string"}}],"inLanguage":"fr-FR"},{"@type":"Organization","@id":"https:\/\/girlyangy.fr\/#organization","name":"Girly Angy","url":"https:\/\/girlyangy.fr\/","logo":{"@type":"ImageObject","inLanguage":"fr-FR","@id":"https:\/\/girlyangy.fr\/#\/schema\/logo\/image\/","url":"https:\/\/girlyangy.fr\/wp-content\/uploads\/2023\/02\/cropped-logo-girly-angy.png","contentUrl":"https:\/\/girlyangy.fr\/wp-content\/uploads\/2023\/02\/cropped-logo-girly-angy.png","width":512,"height":512,"caption":"Girly Angy"},"image":{"@id":"https:\/\/girlyangy.fr\/#\/schema\/logo\/image\/"},"sameAs":["https:\/\/www.facebook.com\/profile.php?id=100070618441117","https:\/\/www.instagram.com\/girly.shop76"]}]}},"jetpack_sharing_enabled":true,"_links":{"self":[{"href":"https:\/\/girlyangy.fr\/index.php?rest_route=\/wp\/v2\/product\/5194","targetHints":{"allow":["GET"]}}],"collection":[{"href":"https:\/\/girlyangy.fr\/index.php?rest_route=\/wp\/v2\/product"}],"about":[{"href":"https:\/\/girlyangy.fr\/index.php?rest_route=\/wp\/v2\/types\/product"}],"replies":[{"embeddable":true,"href":"https:\/\/girlyangy.fr\/index.php?rest_route=%2Fwp%2Fv2%2Fcomments&post=5194"}],"wp:featuredmedia":[{"embeddable":true,"href":"https:\/\/girlyangy.fr\/index.php?rest_route=\/wp\/v2\/media\/5193"}],"wp:attachment":[{"href":"https:\/\/girlyangy.fr\/index.php?rest_route=%2Fwp%2Fv2%2Fmedia&parent=5194"}],"wp:term":[{"taxonomy":"product_brand","embeddable":true,"href":"https:\/\/girlyangy.fr\/index.php?rest_route=%2Fwp%2Fv2%2Fproduct_brand&post=5194"},{"taxonomy":"product_cat","embeddable":true,"href":"https:\/\/girlyangy.fr\/index.php?rest_route=%2Fwp%2Fv2%2Fproduct_cat&post=5194"},{"taxonomy":"product_tag","embeddable":true,"href":"https:\/\/girlyangy.fr\/index.php?rest_route=%2Fwp%2Fv2%2Fproduct_tag&post=5194"}],"curies":[{"name":"wp","href":"https:\/\/api.w.org\/{rel}","templated":true}]}}