{"id":590,"date":"2023-02-07T09:48:32","date_gmt":"2023-02-07T09:48:32","guid":{"rendered":"https:\/\/girlyangy.fr\/?post_type=product&#038;p=590"},"modified":"2024-08-29T09:59:18","modified_gmt":"2024-08-29T09:59:18","slug":"mikados-fleurs","status":"publish","type":"product","link":"https:\/\/girlyangy.fr\/?product=mikados-fleurs","title":{"rendered":"MIKADOS FLEURS"},"content":{"rendered":"<p>Diffuseur de parfum d\u2019int\u00e9rieur de la marque Prady.<\/p>\n<blockquote><p>Composition \u00e0 la fleur de lys, violette et poire avec des notes sucr\u00e9es.<\/p><\/blockquote>\n<ul>\n<li>0% d\u2019alcool,<\/li>\n<li>Dur\u00e9e +30 jours,<\/li>\n<li>Parfum de qualit\u00e9 sup\u00e9rieure.<br \/>\n<blockquote><p>Une odeur de floral de roses et de miel<\/p><\/blockquote>\n<ul>\n<li>0% d\u2019alcool,<\/li>\n<li>Dur\u00e9e +30 jours,<\/li>\n<li>Parfum de qualit\u00e9 sup\u00e9rieure.<br \/>\n<blockquote><p>Hamman :\u00a0m\u00e9lange de la fleur d\u2019oranger et du savon noir.<\/p><\/blockquote>\n<ul>\n<li>0% d\u2019alcool,<\/li>\n<li>Dur\u00e9e +30 jours,<\/li>\n<li>Parfum de qualit\u00e9 sup\u00e9rieure.<br \/>\n<blockquote><p>Parfum aux fruits rouges. Cassis, framboises, groseilles et fraises.<\/p><\/blockquote>\n<ul>\n<li>0% d\u2019alcool,<\/li>\n<li>Dur\u00e9e +30 jours,<\/li>\n<li>Parfum de qualit\u00e9 sup\u00e9rieure<br \/>\n<blockquote><p>Alliance \u00e9pic\u00e9e de la cannelle et de la vanille. M\u00e9lange savoureux.<\/p><\/blockquote>\n<ul>\n<li>0% d\u2019alcool,<\/li>\n<li>Dur\u00e9e +30 jours,<\/li>\n<li>Parfum de qualit\u00e9 sup\u00e9rieure.<\/li>\n<\/ul>\n<\/li>\n<\/ul>\n<\/li>\n<\/ul>\n<\/li>\n<li>La fleur absorbe le parfum tout changeant de couleur au fil des jours. Une magnifique fa\u00e7on de d\u00e9corer et parfumer les int\u00e9rieurs.<\/li>\n<\/ul>\n<\/li>\n<\/ul>\n","protected":false},"excerpt":{"rendered":"<p>Diffuseur de parfum d\u2019int\u00e9rieur de la marque Prady. Composition \u00e0 la fleur de lys, violette et poire avec des notes sucr\u00e9es. 0% d\u2019alcool, Dur\u00e9e +30 jours, Parfum de qualit\u00e9 sup\u00e9rieure. Une odeur de floral de roses et de miel 0% d\u2019alcool, Dur\u00e9e +30 jours, Parfum de qualit\u00e9 sup\u00e9rieure. Hamman :\u00a0m\u00e9lange de la fleur d\u2019oranger et [&hellip;]<\/p>\n","protected":false},"featured_media":925,"comment_status":"open","ping_status":"closed","template":"","meta":[],"product_brand":[],"product_cat":[39],"product_tag":[],"class_list":{"0":"post-590","1":"product","2":"type-product","3":"status-publish","4":"has-post-thumbnail","6":"product_cat-maisons","7":"product_shipping_class-mondial-relay","9":"first","10":"instock","11":"shipping-taxable","12":"purchasable","13":"product-type-variable"},"yoast_head":"<!-- This site is optimized with the Yoast SEO plugin v27.4 - https:\/\/yoast.com\/product\/yoast-seo-wordpress\/ -->\n<title>MIKADOS FLEURS - Girly Angy<\/title>\n<meta name=\"robots\" content=\"index, follow, max-snippet:-1, max-image-preview:large, max-video-preview:-1\" \/>\n<link rel=\"canonical\" href=\"https:\/\/girlyangy.fr\/?product=mikados-fleurs\" \/>\n<meta property=\"og:locale\" content=\"fr_FR\" \/>\n<meta property=\"og:type\" content=\"article\" \/>\n<meta property=\"og:title\" content=\"MIKADOS FLEURS - Girly Angy\" \/>\n<meta property=\"og:description\" content=\"Diffuseur de parfum d\u2019int\u00e9rieur de la marque Prady. Composition \u00e0 la fleur de lys, violette et poire avec des notes sucr\u00e9es. 0% d\u2019alcool, Dur\u00e9e +30 jours, Parfum de qualit\u00e9 sup\u00e9rieure. Une odeur de floral de roses et de miel 0% d\u2019alcool, Dur\u00e9e +30 jours, Parfum de qualit\u00e9 sup\u00e9rieure. Hamman :\u00a0m\u00e9lange de la fleur d\u2019oranger et [&hellip;]\" \/>\n<meta property=\"og:url\" content=\"https:\/\/girlyangy.fr\/?product=mikados-fleurs\" \/>\n<meta property=\"og:site_name\" content=\"Girly Angy\" \/>\n<meta property=\"article:publisher\" content=\"https:\/\/www.facebook.com\/profile.php?id=100070618441117\" \/>\n<meta property=\"article:modified_time\" content=\"2024-08-29T09:59:18+00:00\" \/>\n<meta property=\"og:image\" content=\"https:\/\/i0.wp.com\/girlyangy.fr\/wp-content\/uploads\/2023\/02\/mikados-fleur-hammam-1.jpg?fit=1600%2C1468&ssl=1\" \/>\n\t<meta property=\"og:image:width\" content=\"1600\" \/>\n\t<meta property=\"og:image:height\" content=\"1468\" \/>\n\t<meta property=\"og:image:type\" content=\"image\/jpeg\" \/>\n<meta name=\"twitter:card\" content=\"summary_large_image\" \/>\n<meta name=\"twitter:label1\" content=\"Dur\u00e9e de lecture estim\u00e9e\" \/>\n\t<meta name=\"twitter:data1\" content=\"1 minute\" \/>\n<script type=\"application\/ld+json\" class=\"yoast-schema-graph\">{\"@context\":\"https:\\\/\\\/schema.org\",\"@graph\":[{\"@type\":\"WebPage\",\"@id\":\"https:\\\/\\\/girlyangy.fr\\\/?product=mikados-fleurs\",\"url\":\"https:\\\/\\\/girlyangy.fr\\\/?product=mikados-fleurs\",\"name\":\"MIKADOS FLEURS - Girly Angy\",\"isPartOf\":{\"@id\":\"https:\\\/\\\/girlyangy.fr\\\/#website\"},\"primaryImageOfPage\":{\"@id\":\"https:\\\/\\\/girlyangy.fr\\\/?product=mikados-fleurs#primaryimage\"},\"image\":{\"@id\":\"https:\\\/\\\/girlyangy.fr\\\/?product=mikados-fleurs#primaryimage\"},\"thumbnailUrl\":\"https:\\\/\\\/i0.wp.com\\\/girlyangy.fr\\\/wp-content\\\/uploads\\\/2023\\\/02\\\/mikados-fleur-hammam-1.jpg?fit=1600%2C1468&ssl=1\",\"datePublished\":\"2023-02-07T09:48:32+00:00\",\"dateModified\":\"2024-08-29T09:59:18+00:00\",\"breadcrumb\":{\"@id\":\"https:\\\/\\\/girlyangy.fr\\\/?product=mikados-fleurs#breadcrumb\"},\"inLanguage\":\"fr-FR\",\"potentialAction\":[{\"@type\":\"ReadAction\",\"target\":[\"https:\\\/\\\/girlyangy.fr\\\/?product=mikados-fleurs\"]}]},{\"@type\":\"ImageObject\",\"inLanguage\":\"fr-FR\",\"@id\":\"https:\\\/\\\/girlyangy.fr\\\/?product=mikados-fleurs#primaryimage\",\"url\":\"https:\\\/\\\/i0.wp.com\\\/girlyangy.fr\\\/wp-content\\\/uploads\\\/2023\\\/02\\\/mikados-fleur-hammam-1.jpg?fit=1600%2C1468&ssl=1\",\"contentUrl\":\"https:\\\/\\\/i0.wp.com\\\/girlyangy.fr\\\/wp-content\\\/uploads\\\/2023\\\/02\\\/mikados-fleur-hammam-1.jpg?fit=1600%2C1468&ssl=1\",\"width\":1600,\"height\":1468},{\"@type\":\"BreadcrumbList\",\"@id\":\"https:\\\/\\\/girlyangy.fr\\\/?product=mikados-fleurs#breadcrumb\",\"itemListElement\":[{\"@type\":\"ListItem\",\"position\":1,\"name\":\"Accueil\",\"item\":\"https:\\\/\\\/girlyangy.fr\\\/\"},{\"@type\":\"ListItem\",\"position\":2,\"name\":\"boutique\",\"item\":\"https:\\\/\\\/girlyangy.fr\\\/?page_id=5\"},{\"@type\":\"ListItem\",\"position\":3,\"name\":\"MIKADOS FLEURS\"}]},{\"@type\":\"WebSite\",\"@id\":\"https:\\\/\\\/girlyangy.fr\\\/#website\",\"url\":\"https:\\\/\\\/girlyangy.fr\\\/\",\"name\":\"Girly Angy\",\"description\":\"R\u00e9v\u00e9lez votre f\u00e9minit\u00e9\",\"publisher\":{\"@id\":\"https:\\\/\\\/girlyangy.fr\\\/#organization\"},\"potentialAction\":[{\"@type\":\"SearchAction\",\"target\":{\"@type\":\"EntryPoint\",\"urlTemplate\":\"https:\\\/\\\/girlyangy.fr\\\/?s={search_term_string}\"},\"query-input\":{\"@type\":\"PropertyValueSpecification\",\"valueRequired\":true,\"valueName\":\"search_term_string\"}}],\"inLanguage\":\"fr-FR\"},{\"@type\":\"Organization\",\"@id\":\"https:\\\/\\\/girlyangy.fr\\\/#organization\",\"name\":\"Girly Angy\",\"url\":\"https:\\\/\\\/girlyangy.fr\\\/\",\"logo\":{\"@type\":\"ImageObject\",\"inLanguage\":\"fr-FR\",\"@id\":\"https:\\\/\\\/girlyangy.fr\\\/#\\\/schema\\\/logo\\\/image\\\/\",\"url\":\"https:\\\/\\\/girlyangy.fr\\\/wp-content\\\/uploads\\\/2023\\\/02\\\/cropped-logo-girly-angy.png\",\"contentUrl\":\"https:\\\/\\\/girlyangy.fr\\\/wp-content\\\/uploads\\\/2023\\\/02\\\/cropped-logo-girly-angy.png\",\"width\":512,\"height\":512,\"caption\":\"Girly Angy\"},\"image\":{\"@id\":\"https:\\\/\\\/girlyangy.fr\\\/#\\\/schema\\\/logo\\\/image\\\/\"},\"sameAs\":[\"https:\\\/\\\/www.facebook.com\\\/profile.php?id=100070618441117\",\"https:\\\/\\\/www.instagram.com\\\/girly.shop76\"]}]}<\/script>\n<!-- \/ Yoast SEO plugin. -->","yoast_head_json":{"title":"MIKADOS FLEURS - Girly Angy","robots":{"index":"index","follow":"follow","max-snippet":"max-snippet:-1","max-image-preview":"max-image-preview:large","max-video-preview":"max-video-preview:-1"},"canonical":"https:\/\/girlyangy.fr\/?product=mikados-fleurs","og_locale":"fr_FR","og_type":"article","og_title":"MIKADOS FLEURS - Girly Angy","og_description":"Diffuseur de parfum d\u2019int\u00e9rieur de la marque Prady. Composition \u00e0 la fleur de lys, violette et poire avec des notes sucr\u00e9es. 0% d\u2019alcool, Dur\u00e9e +30 jours, Parfum de qualit\u00e9 sup\u00e9rieure. Une odeur de floral de roses et de miel 0% d\u2019alcool, Dur\u00e9e +30 jours, Parfum de qualit\u00e9 sup\u00e9rieure. Hamman :\u00a0m\u00e9lange de la fleur d\u2019oranger et [&hellip;]","og_url":"https:\/\/girlyangy.fr\/?product=mikados-fleurs","og_site_name":"Girly Angy","article_publisher":"https:\/\/www.facebook.com\/profile.php?id=100070618441117","article_modified_time":"2024-08-29T09:59:18+00:00","og_image":[{"width":1600,"height":1468,"url":"https:\/\/i0.wp.com\/girlyangy.fr\/wp-content\/uploads\/2023\/02\/mikados-fleur-hammam-1.jpg?fit=1600%2C1468&ssl=1","type":"image\/jpeg"}],"twitter_card":"summary_large_image","twitter_misc":{"Dur\u00e9e de lecture estim\u00e9e":"1 minute"},"schema":{"@context":"https:\/\/schema.org","@graph":[{"@type":"WebPage","@id":"https:\/\/girlyangy.fr\/?product=mikados-fleurs","url":"https:\/\/girlyangy.fr\/?product=mikados-fleurs","name":"MIKADOS FLEURS - Girly Angy","isPartOf":{"@id":"https:\/\/girlyangy.fr\/#website"},"primaryImageOfPage":{"@id":"https:\/\/girlyangy.fr\/?product=mikados-fleurs#primaryimage"},"image":{"@id":"https:\/\/girlyangy.fr\/?product=mikados-fleurs#primaryimage"},"thumbnailUrl":"https:\/\/i0.wp.com\/girlyangy.fr\/wp-content\/uploads\/2023\/02\/mikados-fleur-hammam-1.jpg?fit=1600%2C1468&ssl=1","datePublished":"2023-02-07T09:48:32+00:00","dateModified":"2024-08-29T09:59:18+00:00","breadcrumb":{"@id":"https:\/\/girlyangy.fr\/?product=mikados-fleurs#breadcrumb"},"inLanguage":"fr-FR","potentialAction":[{"@type":"ReadAction","target":["https:\/\/girlyangy.fr\/?product=mikados-fleurs"]}]},{"@type":"ImageObject","inLanguage":"fr-FR","@id":"https:\/\/girlyangy.fr\/?product=mikados-fleurs#primaryimage","url":"https:\/\/i0.wp.com\/girlyangy.fr\/wp-content\/uploads\/2023\/02\/mikados-fleur-hammam-1.jpg?fit=1600%2C1468&ssl=1","contentUrl":"https:\/\/i0.wp.com\/girlyangy.fr\/wp-content\/uploads\/2023\/02\/mikados-fleur-hammam-1.jpg?fit=1600%2C1468&ssl=1","width":1600,"height":1468},{"@type":"BreadcrumbList","@id":"https:\/\/girlyangy.fr\/?product=mikados-fleurs#breadcrumb","itemListElement":[{"@type":"ListItem","position":1,"name":"Accueil","item":"https:\/\/girlyangy.fr\/"},{"@type":"ListItem","position":2,"name":"boutique","item":"https:\/\/girlyangy.fr\/?page_id=5"},{"@type":"ListItem","position":3,"name":"MIKADOS FLEURS"}]},{"@type":"WebSite","@id":"https:\/\/girlyangy.fr\/#website","url":"https:\/\/girlyangy.fr\/","name":"Girly Angy","description":"R\u00e9v\u00e9lez votre f\u00e9minit\u00e9","publisher":{"@id":"https:\/\/girlyangy.fr\/#organization"},"potentialAction":[{"@type":"SearchAction","target":{"@type":"EntryPoint","urlTemplate":"https:\/\/girlyangy.fr\/?s={search_term_string}"},"query-input":{"@type":"PropertyValueSpecification","valueRequired":true,"valueName":"search_term_string"}}],"inLanguage":"fr-FR"},{"@type":"Organization","@id":"https:\/\/girlyangy.fr\/#organization","name":"Girly Angy","url":"https:\/\/girlyangy.fr\/","logo":{"@type":"ImageObject","inLanguage":"fr-FR","@id":"https:\/\/girlyangy.fr\/#\/schema\/logo\/image\/","url":"https:\/\/girlyangy.fr\/wp-content\/uploads\/2023\/02\/cropped-logo-girly-angy.png","contentUrl":"https:\/\/girlyangy.fr\/wp-content\/uploads\/2023\/02\/cropped-logo-girly-angy.png","width":512,"height":512,"caption":"Girly Angy"},"image":{"@id":"https:\/\/girlyangy.fr\/#\/schema\/logo\/image\/"},"sameAs":["https:\/\/www.facebook.com\/profile.php?id=100070618441117","https:\/\/www.instagram.com\/girly.shop76"]}]}},"jetpack_sharing_enabled":true,"_links":{"self":[{"href":"https:\/\/girlyangy.fr\/index.php?rest_route=\/wp\/v2\/product\/590","targetHints":{"allow":["GET"]}}],"collection":[{"href":"https:\/\/girlyangy.fr\/index.php?rest_route=\/wp\/v2\/product"}],"about":[{"href":"https:\/\/girlyangy.fr\/index.php?rest_route=\/wp\/v2\/types\/product"}],"replies":[{"embeddable":true,"href":"https:\/\/girlyangy.fr\/index.php?rest_route=%2Fwp%2Fv2%2Fcomments&post=590"}],"wp:featuredmedia":[{"embeddable":true,"href":"https:\/\/girlyangy.fr\/index.php?rest_route=\/wp\/v2\/media\/925"}],"wp:attachment":[{"href":"https:\/\/girlyangy.fr\/index.php?rest_route=%2Fwp%2Fv2%2Fmedia&parent=590"}],"wp:term":[{"taxonomy":"product_brand","embeddable":true,"href":"https:\/\/girlyangy.fr\/index.php?rest_route=%2Fwp%2Fv2%2Fproduct_brand&post=590"},{"taxonomy":"product_cat","embeddable":true,"href":"https:\/\/girlyangy.fr\/index.php?rest_route=%2Fwp%2Fv2%2Fproduct_cat&post=590"},{"taxonomy":"product_tag","embeddable":true,"href":"https:\/\/girlyangy.fr\/index.php?rest_route=%2Fwp%2Fv2%2Fproduct_tag&post=590"}],"curies":[{"name":"wp","href":"https:\/\/api.w.org\/{rel}","templated":true}]}}