{"id":6327,"date":"2024-05-08T11:37:33","date_gmt":"2024-05-08T11:37:33","guid":{"rendered":"https:\/\/girlyangy.fr\/?product=spray-caramel-beurre-sale"},"modified":"2025-01-27T10:27:00","modified_gmt":"2025-01-27T10:27:00","slug":"spray-caramel-beurre-sale","status":"publish","type":"product","link":"https:\/\/girlyangy.fr\/?product=spray-caramel-beurre-sale","title":{"rendered":"Spray caramel beurre sal\u00e9"},"content":{"rendered":"","protected":false},"excerpt":{"rendered":"<p><strong><\/strong><\/p>\n<p style=\"margin-top: 0px;margin-right: 0px;margin-bottom: var(--wd-tags-mb);margin-left: 0px;padding: 0px;border: 0px;vertical-align: baseline;font-style: normal;font-weight: 400;line-height: inherit;font-family: Poppins, Arial, Helvetica, sans-serif;font-size: 14px;letter-spacing: normal;text-align: left;text-indent: 0px;text-transform: none;text-decoration: none\"><strong style=\"margin: 0px;padding: 0px;border: 0px;vertical-align: baseline;font-style: inherit;font-weight: 600;line-height: inherit;font-family: inherit;font-size: 14px\">Description :<\/strong><strong><br \/>\nD\u00e9couvrez le d\u00e9sodorisant en spray maison Prady ! Sa formule exclusive est minutieusement con\u00e7ue pour lib\u00e9rer une brume fine et d\u00e9licate qui se disperse rapidement, remplissant la pi\u00e8ce d\u2019un parfum captivant.<\/strong><\/p>\n<p style=\"margin-top: 0px;margin-right: 0px;margin-bottom: var(--wd-tags-mb);margin-left: 0px;padding: 0px;border: 0px;vertical-align: baseline;font-style: normal;font-weight: 400;line-height: inherit;font-family: Poppins, Arial, Helvetica, sans-serif;font-size: 14px;letter-spacing: normal;text-align: left;text-indent: 0px;text-transform: none;text-decoration: none\"><strong style=\"margin: 0px;padding: 0px;border: 0px;vertical-align: baseline;font-style: inherit;font-weight: 600;line-height: inherit;font-family: inherit;font-size: 14px\">Caract\u00e9ristiques :<\/strong><\/p>\n<ul style=\"margin-top: 0px;margin-right: 0px;margin-bottom: var(--list-mb);margin-left: 0px;padding-top: 0px;padding-right: 0px;padding-bottom: 0px;padding-left: var(--li-pl);border: 0px;vertical-align: baseline;font-style: normal;font-weight: 400;line-height: inherit;font-family: Poppins, Arial, Helvetica, sans-serif;font-size: 14px;--list-mb: 20px;--li-mb: 10px;--li-pl: 17px;letter-spacing: normal;text-align: left;text-indent: 0px;text-transform: none;text-decoration: none\">\n<li style=\"margin-top: 0px;margin-right: 0px;margin-bottom: var(--li-mb);margin-left: 0px;padding: 0px;border: 0px;vertical-align: baseline;font-style: inherit;font-weight: inherit;line-height: inherit;font-family: inherit;font-size: 14px\"><strong style=\"margin: 0px;padding: 0px;border: 0px;vertical-align: baseline;font-style: inherit;font-weight: 600;line-height: inherit;font-family: inherit;font-size: 14px\">Spray Pr\u00e9cis<\/strong><strong><span class=\"Apple-converted-space\">&nbsp;<\/span>: La pr\u00e9sentation en spray facilite son application, vous permettant de contr\u00f4ler avec pr\u00e9cision la quantit\u00e9 de produit que vous souhaitez utiliser.<\/strong><\/li>\n<li style=\"margin-top: 0px;margin-right: 0px;margin-bottom: var(--li-mb);margin-left: 0px;padding: 0px;border: 0px;vertical-align: baseline;font-style: inherit;font-weight: inherit;line-height: inherit;font-family: inherit;font-size: 14px\"><strong style=\"margin: 0px;padding: 0px;border: 0px;vertical-align: baseline;font-style: inherit;font-weight: 600;line-height: inherit;font-family: inherit;font-size: 14px\">Ar\u00f4me Exceptionnel<\/strong><strong><span class=\"Apple-converted-space\">&nbsp;<\/span>: Son parfum unique vous transporte dans une oasis de tranquillit\u00e9 et de bien-\u00eatre \u00e0 chaque pulv\u00e9risation.<\/strong><\/li>\n<li style=\"margin: 0px;padding: 0px;border: 0px;vertical-align: baseline;font-style: inherit;font-weight: inherit;line-height: inherit;font-family: inherit;font-size: 14px\"><strong style=\"margin: 0px;padding: 0px;border: 0px;vertical-align: baseline;font-style: inherit;font-weight: 600;line-height: inherit;font-family: inherit;font-size: 14px\">Longue Durabilit\u00e9<\/strong><strong><span class=\"Apple-converted-space\">&nbsp;<\/span>: Gr\u00e2ce \u00e0 sa concentration de haute qualit\u00e9, quelques pulv\u00e9risations suffisent pour profiter pendant des heures de son agr\u00e9able parfum.<\/strong><\/li>\n<\/ul>\n<p><strong><br \/>\n<\/strong><\/p>\n","protected":false},"featured_media":6324,"comment_status":"open","ping_status":"closed","template":"","meta":[],"product_brand":[],"product_cat":[39,21],"product_tag":[],"class_list":{"0":"post-6327","1":"product","2":"type-product","3":"status-publish","4":"has-post-thumbnail","6":"product_cat-maisons","7":"product_cat-senteurs","8":"product_shipping_class-mondial-relay","10":"first","11":"outofstock","12":"shipping-taxable","13":"purchasable","14":"product-type-simple"},"yoast_head":"<!-- This site is optimized with the Yoast SEO plugin v27.4 - https:\/\/yoast.com\/product\/yoast-seo-wordpress\/ -->\n<title>Spray caramel beurre sal\u00e9 - Girly Angy<\/title>\n<meta name=\"robots\" content=\"index, follow, max-snippet:-1, max-image-preview:large, max-video-preview:-1\" \/>\n<link rel=\"canonical\" href=\"https:\/\/girlyangy.fr\/?product=spray-caramel-beurre-sale\" \/>\n<meta property=\"og:locale\" content=\"fr_FR\" \/>\n<meta property=\"og:type\" content=\"article\" \/>\n<meta property=\"og:title\" content=\"Spray caramel beurre sal\u00e9 - Girly Angy\" \/>\n<meta property=\"og:description\" content=\"Description : D\u00e9couvrez le d\u00e9sodorisant en spray maison Prady ! Sa formule exclusive est minutieusement con\u00e7ue pour lib\u00e9rer une brume fine et d\u00e9licate qui se disperse rapidement, remplissant la pi\u00e8ce d\u2019un parfum captivant. Caract\u00e9ristiques :   Spray Pr\u00e9cis&nbsp;: La pr\u00e9sentation en spray facilite son application, vous permettant de contr\u00f4ler avec pr\u00e9cision la quantit\u00e9 de produit que vous souhaitez utiliser.  Ar\u00f4me Exceptionnel&nbsp;: Son parfum unique vous transporte dans une oasis de tranquillit\u00e9 et de bien-\u00eatre \u00e0 chaque pulv\u00e9risation.  Longue Durabilit\u00e9&nbsp;: Gr\u00e2ce \u00e0 sa concentration de haute qualit\u00e9, quelques pulv\u00e9risations suffisent pour profiter pendant des heures de son agr\u00e9able parfum.\" \/>\n<meta property=\"og:url\" content=\"https:\/\/girlyangy.fr\/?product=spray-caramel-beurre-sale\" \/>\n<meta property=\"og:site_name\" content=\"Girly Angy\" \/>\n<meta property=\"article:publisher\" content=\"https:\/\/www.facebook.com\/profile.php?id=100070618441117\" \/>\n<meta property=\"article:modified_time\" content=\"2025-01-27T10:27:00+00:00\" \/>\n<meta name=\"twitter:card\" content=\"summary_large_image\" \/>\n<script type=\"application\/ld+json\" class=\"yoast-schema-graph\">{\"@context\":\"https:\\\/\\\/schema.org\",\"@graph\":[{\"@type\":\"WebPage\",\"@id\":\"https:\\\/\\\/girlyangy.fr\\\/?product=spray-caramel-beurre-sale\",\"url\":\"https:\\\/\\\/girlyangy.fr\\\/?product=spray-caramel-beurre-sale\",\"name\":\"Spray caramel beurre sal\u00e9 - Girly Angy\",\"isPartOf\":{\"@id\":\"https:\\\/\\\/girlyangy.fr\\\/#website\"},\"primaryImageOfPage\":{\"@id\":\"https:\\\/\\\/girlyangy.fr\\\/?product=spray-caramel-beurre-sale#primaryimage\"},\"image\":{\"@id\":\"https:\\\/\\\/girlyangy.fr\\\/?product=spray-caramel-beurre-sale#primaryimage\"},\"thumbnailUrl\":\"https:\\\/\\\/i0.wp.com\\\/girlyangy.fr\\\/wp-content\\\/uploads\\\/2024\\\/05\\\/img_8934.jpeg?fit=800%2C800&ssl=1\",\"datePublished\":\"2024-05-08T11:37:33+00:00\",\"dateModified\":\"2025-01-27T10:27:00+00:00\",\"breadcrumb\":{\"@id\":\"https:\\\/\\\/girlyangy.fr\\\/?product=spray-caramel-beurre-sale#breadcrumb\"},\"inLanguage\":\"fr-FR\",\"potentialAction\":[{\"@type\":\"ReadAction\",\"target\":[\"https:\\\/\\\/girlyangy.fr\\\/?product=spray-caramel-beurre-sale\"]}]},{\"@type\":\"ImageObject\",\"inLanguage\":\"fr-FR\",\"@id\":\"https:\\\/\\\/girlyangy.fr\\\/?product=spray-caramel-beurre-sale#primaryimage\",\"url\":\"https:\\\/\\\/i0.wp.com\\\/girlyangy.fr\\\/wp-content\\\/uploads\\\/2024\\\/05\\\/img_8934.jpeg?fit=800%2C800&ssl=1\",\"contentUrl\":\"https:\\\/\\\/i0.wp.com\\\/girlyangy.fr\\\/wp-content\\\/uploads\\\/2024\\\/05\\\/img_8934.jpeg?fit=800%2C800&ssl=1\",\"width\":800,\"height\":800},{\"@type\":\"BreadcrumbList\",\"@id\":\"https:\\\/\\\/girlyangy.fr\\\/?product=spray-caramel-beurre-sale#breadcrumb\",\"itemListElement\":[{\"@type\":\"ListItem\",\"position\":1,\"name\":\"Accueil\",\"item\":\"https:\\\/\\\/girlyangy.fr\\\/\"},{\"@type\":\"ListItem\",\"position\":2,\"name\":\"boutique\",\"item\":\"https:\\\/\\\/girlyangy.fr\\\/?page_id=5\"},{\"@type\":\"ListItem\",\"position\":3,\"name\":\"Spray caramel beurre sal\u00e9\"}]},{\"@type\":\"WebSite\",\"@id\":\"https:\\\/\\\/girlyangy.fr\\\/#website\",\"url\":\"https:\\\/\\\/girlyangy.fr\\\/\",\"name\":\"Girly Angy\",\"description\":\"R\u00e9v\u00e9lez votre f\u00e9minit\u00e9\",\"publisher\":{\"@id\":\"https:\\\/\\\/girlyangy.fr\\\/#organization\"},\"potentialAction\":[{\"@type\":\"SearchAction\",\"target\":{\"@type\":\"EntryPoint\",\"urlTemplate\":\"https:\\\/\\\/girlyangy.fr\\\/?s={search_term_string}\"},\"query-input\":{\"@type\":\"PropertyValueSpecification\",\"valueRequired\":true,\"valueName\":\"search_term_string\"}}],\"inLanguage\":\"fr-FR\"},{\"@type\":\"Organization\",\"@id\":\"https:\\\/\\\/girlyangy.fr\\\/#organization\",\"name\":\"Girly Angy\",\"url\":\"https:\\\/\\\/girlyangy.fr\\\/\",\"logo\":{\"@type\":\"ImageObject\",\"inLanguage\":\"fr-FR\",\"@id\":\"https:\\\/\\\/girlyangy.fr\\\/#\\\/schema\\\/logo\\\/image\\\/\",\"url\":\"https:\\\/\\\/girlyangy.fr\\\/wp-content\\\/uploads\\\/2023\\\/02\\\/cropped-logo-girly-angy.png\",\"contentUrl\":\"https:\\\/\\\/girlyangy.fr\\\/wp-content\\\/uploads\\\/2023\\\/02\\\/cropped-logo-girly-angy.png\",\"width\":512,\"height\":512,\"caption\":\"Girly Angy\"},\"image\":{\"@id\":\"https:\\\/\\\/girlyangy.fr\\\/#\\\/schema\\\/logo\\\/image\\\/\"},\"sameAs\":[\"https:\\\/\\\/www.facebook.com\\\/profile.php?id=100070618441117\",\"https:\\\/\\\/www.instagram.com\\\/girly.shop76\"]}]}<\/script>\n<!-- \/ Yoast SEO plugin. -->","yoast_head_json":{"title":"Spray caramel beurre sal\u00e9 - Girly Angy","robots":{"index":"index","follow":"follow","max-snippet":"max-snippet:-1","max-image-preview":"max-image-preview:large","max-video-preview":"max-video-preview:-1"},"canonical":"https:\/\/girlyangy.fr\/?product=spray-caramel-beurre-sale","og_locale":"fr_FR","og_type":"article","og_title":"Spray caramel beurre sal\u00e9 - Girly Angy","og_description":"Description : D\u00e9couvrez le d\u00e9sodorisant en spray maison Prady ! Sa formule exclusive est minutieusement con\u00e7ue pour lib\u00e9rer une brume fine et d\u00e9licate qui se disperse rapidement, remplissant la pi\u00e8ce d\u2019un parfum captivant. Caract\u00e9ristiques :   Spray Pr\u00e9cis&nbsp;: La pr\u00e9sentation en spray facilite son application, vous permettant de contr\u00f4ler avec pr\u00e9cision la quantit\u00e9 de produit que vous souhaitez utiliser.  Ar\u00f4me Exceptionnel&nbsp;: Son parfum unique vous transporte dans une oasis de tranquillit\u00e9 et de bien-\u00eatre \u00e0 chaque pulv\u00e9risation.  Longue Durabilit\u00e9&nbsp;: Gr\u00e2ce \u00e0 sa concentration de haute qualit\u00e9, quelques pulv\u00e9risations suffisent pour profiter pendant des heures de son agr\u00e9able parfum.","og_url":"https:\/\/girlyangy.fr\/?product=spray-caramel-beurre-sale","og_site_name":"Girly Angy","article_publisher":"https:\/\/www.facebook.com\/profile.php?id=100070618441117","article_modified_time":"2025-01-27T10:27:00+00:00","twitter_card":"summary_large_image","schema":{"@context":"https:\/\/schema.org","@graph":[{"@type":"WebPage","@id":"https:\/\/girlyangy.fr\/?product=spray-caramel-beurre-sale","url":"https:\/\/girlyangy.fr\/?product=spray-caramel-beurre-sale","name":"Spray caramel beurre sal\u00e9 - Girly Angy","isPartOf":{"@id":"https:\/\/girlyangy.fr\/#website"},"primaryImageOfPage":{"@id":"https:\/\/girlyangy.fr\/?product=spray-caramel-beurre-sale#primaryimage"},"image":{"@id":"https:\/\/girlyangy.fr\/?product=spray-caramel-beurre-sale#primaryimage"},"thumbnailUrl":"https:\/\/i0.wp.com\/girlyangy.fr\/wp-content\/uploads\/2024\/05\/img_8934.jpeg?fit=800%2C800&ssl=1","datePublished":"2024-05-08T11:37:33+00:00","dateModified":"2025-01-27T10:27:00+00:00","breadcrumb":{"@id":"https:\/\/girlyangy.fr\/?product=spray-caramel-beurre-sale#breadcrumb"},"inLanguage":"fr-FR","potentialAction":[{"@type":"ReadAction","target":["https:\/\/girlyangy.fr\/?product=spray-caramel-beurre-sale"]}]},{"@type":"ImageObject","inLanguage":"fr-FR","@id":"https:\/\/girlyangy.fr\/?product=spray-caramel-beurre-sale#primaryimage","url":"https:\/\/i0.wp.com\/girlyangy.fr\/wp-content\/uploads\/2024\/05\/img_8934.jpeg?fit=800%2C800&ssl=1","contentUrl":"https:\/\/i0.wp.com\/girlyangy.fr\/wp-content\/uploads\/2024\/05\/img_8934.jpeg?fit=800%2C800&ssl=1","width":800,"height":800},{"@type":"BreadcrumbList","@id":"https:\/\/girlyangy.fr\/?product=spray-caramel-beurre-sale#breadcrumb","itemListElement":[{"@type":"ListItem","position":1,"name":"Accueil","item":"https:\/\/girlyangy.fr\/"},{"@type":"ListItem","position":2,"name":"boutique","item":"https:\/\/girlyangy.fr\/?page_id=5"},{"@type":"ListItem","position":3,"name":"Spray caramel beurre sal\u00e9"}]},{"@type":"WebSite","@id":"https:\/\/girlyangy.fr\/#website","url":"https:\/\/girlyangy.fr\/","name":"Girly Angy","description":"R\u00e9v\u00e9lez votre f\u00e9minit\u00e9","publisher":{"@id":"https:\/\/girlyangy.fr\/#organization"},"potentialAction":[{"@type":"SearchAction","target":{"@type":"EntryPoint","urlTemplate":"https:\/\/girlyangy.fr\/?s={search_term_string}"},"query-input":{"@type":"PropertyValueSpecification","valueRequired":true,"valueName":"search_term_string"}}],"inLanguage":"fr-FR"},{"@type":"Organization","@id":"https:\/\/girlyangy.fr\/#organization","name":"Girly Angy","url":"https:\/\/girlyangy.fr\/","logo":{"@type":"ImageObject","inLanguage":"fr-FR","@id":"https:\/\/girlyangy.fr\/#\/schema\/logo\/image\/","url":"https:\/\/girlyangy.fr\/wp-content\/uploads\/2023\/02\/cropped-logo-girly-angy.png","contentUrl":"https:\/\/girlyangy.fr\/wp-content\/uploads\/2023\/02\/cropped-logo-girly-angy.png","width":512,"height":512,"caption":"Girly Angy"},"image":{"@id":"https:\/\/girlyangy.fr\/#\/schema\/logo\/image\/"},"sameAs":["https:\/\/www.facebook.com\/profile.php?id=100070618441117","https:\/\/www.instagram.com\/girly.shop76"]}]}},"jetpack_sharing_enabled":true,"_links":{"self":[{"href":"https:\/\/girlyangy.fr\/index.php?rest_route=\/wp\/v2\/product\/6327","targetHints":{"allow":["GET"]}}],"collection":[{"href":"https:\/\/girlyangy.fr\/index.php?rest_route=\/wp\/v2\/product"}],"about":[{"href":"https:\/\/girlyangy.fr\/index.php?rest_route=\/wp\/v2\/types\/product"}],"replies":[{"embeddable":true,"href":"https:\/\/girlyangy.fr\/index.php?rest_route=%2Fwp%2Fv2%2Fcomments&post=6327"}],"wp:featuredmedia":[{"embeddable":true,"href":"https:\/\/girlyangy.fr\/index.php?rest_route=\/wp\/v2\/media\/6324"}],"wp:attachment":[{"href":"https:\/\/girlyangy.fr\/index.php?rest_route=%2Fwp%2Fv2%2Fmedia&parent=6327"}],"wp:term":[{"taxonomy":"product_brand","embeddable":true,"href":"https:\/\/girlyangy.fr\/index.php?rest_route=%2Fwp%2Fv2%2Fproduct_brand&post=6327"},{"taxonomy":"product_cat","embeddable":true,"href":"https:\/\/girlyangy.fr\/index.php?rest_route=%2Fwp%2Fv2%2Fproduct_cat&post=6327"},{"taxonomy":"product_tag","embeddable":true,"href":"https:\/\/girlyangy.fr\/index.php?rest_route=%2Fwp%2Fv2%2Fproduct_tag&post=6327"}],"curies":[{"name":"wp","href":"https:\/\/api.w.org\/{rel}","templated":true}]}}