{"id":6346,"date":"2024-05-08T12:00:26","date_gmt":"2024-05-08T12:00:26","guid":{"rendered":"https:\/\/girlyangy.fr\/?post_type=product&#038;p=6346"},"modified":"2024-09-26T18:44:36","modified_gmt":"2024-09-26T18:44:36","slug":"desodorisant-pour-voiture","status":"publish","type":"product","link":"https:\/\/girlyangy.fr\/?product=desodorisant-pour-voiture","title":{"rendered":"D\u00e9sodorisant pour voiture\nPlusieurs senteurs au choix"},"content":{"rendered":"","protected":false},"excerpt":{"rendered":"<p><strong><\/strong><\/p>\n<p style=\"margin: 0px;padding: 0px;font-family: todayshop-regularregular;font-size: 16px;font-style: normal;font-weight: 400;letter-spacing: normal;text-align: start;text-indent: 0px;text-transform: none;text-decoration: none\"><strong>D\u00e9sodorisant pour voiture avec un d\u00e9licieux parfum de m\u00fbre.<\/strong><\/p>\n<div style=\"margin: 0px;padding: 0px;font-family: todayshop-regularregular;font-size: 16px;font-style: normal;font-weight: 400;letter-spacing: normal;text-align: start;text-indent: 0px;text-transform: none;text-decoration: none\"><strong>Cet assainisseur d&rsquo;air est con\u00e7u pour que vous puissiez facilement le placer dans votre voiture.<\/strong><\/div>\n<div style=\"margin: 0px;padding: 0px;font-family: todayshop-regularregular;font-size: 16px;font-style: normal;font-weight: 400;letter-spacing: normal;text-align: start;text-indent: 0px;text-transform: none;text-decoration: none\"><strong>&nbsp;<\/strong><\/div>\n<div style=\"margin: 0px;padding: 0px;font-family: todayshop-regularregular;font-size: 16px;font-style: normal;font-weight: 400;letter-spacing: normal;text-align: start;text-indent: 0px;text-transform: none;text-decoration: none\"><strong>De plus, son ar\u00f4me durera plus de 45 jours.<\/strong><\/div>\n<div style=\"margin: 0px;padding: 0px;font-family: todayshop-regularregular;font-size: 16px;font-style: normal;font-weight: 400;letter-spacing: normal;text-align: start;text-indent: 0px;text-transform: none;text-decoration: none\"><strong>&nbsp;<\/strong><\/div>\n<div style=\"margin: 0px;padding: 0px;font-family: todayshop-regularregular;font-size: 16px;font-style: normal;font-weight: 400;letter-spacing: normal;text-align: start;text-indent: 0px;text-transform: none;text-decoration: none\"><strong>Il est formul\u00e9 avec des extraits naturels et 0% d&rsquo;alcool.<\/strong><\/div>\n<div style=\"margin: 0px;padding: 0px;font-family: todayshop-regularregular;font-size: 16px;font-style: normal;font-weight: 400;letter-spacing: normal;text-align: start;text-indent: 0px;text-transform: none;text-decoration: none\"><strong>&nbsp;<\/strong><\/div>\n<div style=\"margin: 0px;padding: 0px;font-family: todayshop-regularregular;font-size: 16px;font-style: normal;font-weight: 400;letter-spacing: normal;text-align: start;text-indent: 0px;text-transform: none;text-decoration: none\"><strong>Cet assainisseur d&rsquo;air de voiture a un design amusant \u00ab\u00a0Je t&rsquo;aime un peu plus chaque jour\u00a0\u00bb.<\/strong><\/div>\n<div style=\"margin: 0px;padding: 0px;font-family: todayshop-regularregular;font-size: 16px;font-style: normal;font-weight: 400;letter-spacing: normal;text-align: start;text-indent: 0px;text-transform: none;text-decoration: none\"><strong>&nbsp;<\/strong><\/div>\n<div style=\"margin: 0px;padding: 0px;font-family: todayshop-regularregular;font-size: 16px;font-style: normal;font-weight: 400;letter-spacing: normal;text-align: start;text-indent: 0px;text-transform: none;text-decoration: none\"><strong>Description olfactive: Sortie o\u00f9 pr\u00e9dominent les notes rafra\u00eechissantes de fraises et de framboises avec une touche d&rsquo;agrumes m\u00e9diterran\u00e9ens. Cette fragrance r\u00e9v\u00e8le un c\u0153ur extraordinaire, o\u00f9 m\u00fbres et framboises se m\u00ealent aux notes florales de violette. Un fond doux, grill\u00e9 et musqu\u00e9 enrichit ce parfum.<\/strong><\/div>\n","protected":false},"featured_media":6344,"comment_status":"open","ping_status":"closed","template":"","meta":[],"product_brand":[],"product_cat":[21,38],"product_tag":[],"class_list":{"0":"post-6346","1":"product","2":"type-product","3":"status-publish","4":"has-post-thumbnail","6":"product_cat-senteurs","7":"product_cat-voitures","8":"product_shipping_class-mondial-relay","10":"first","11":"instock","12":"shipping-taxable","13":"purchasable","14":"product-type-variable"},"yoast_head":"<!-- This site is optimized with the Yoast SEO plugin v27.4 - https:\/\/yoast.com\/product\/yoast-seo-wordpress\/ -->\n<title>D\u00e9sodorisant pour voiture Plusieurs senteurs au choix - Girly Angy<\/title>\n<meta name=\"robots\" content=\"index, follow, max-snippet:-1, max-image-preview:large, max-video-preview:-1\" \/>\n<link rel=\"canonical\" href=\"https:\/\/girlyangy.fr\/?product=desodorisant-pour-voiture\" \/>\n<meta property=\"og:locale\" content=\"fr_FR\" \/>\n<meta property=\"og:type\" content=\"article\" \/>\n<meta property=\"og:title\" content=\"D\u00e9sodorisant pour voiture Plusieurs senteurs au choix - Girly Angy\" \/>\n<meta property=\"og:description\" content=\"D\u00e9sodorisant pour voiture avec un d\u00e9licieux parfum de m\u00fbre. Cet assainisseur d&#039;air est con\u00e7u pour que vous puissiez facilement le placer dans votre voiture. &nbsp; De plus, son ar\u00f4me durera plus de 45 jours. &nbsp; Il est formul\u00e9 avec des extraits naturels et 0% d&#039;alcool. &nbsp; Cet assainisseur d&#039;air de voiture a un design amusant &quot;Je t&#039;aime un peu plus chaque jour&quot;. &nbsp; Description olfactive: Sortie o\u00f9 pr\u00e9dominent les notes rafra\u00eechissantes de fraises et de framboises avec une touche d&#039;agrumes m\u00e9diterran\u00e9ens. Cette fragrance r\u00e9v\u00e8le un c\u0153ur extraordinaire, o\u00f9 m\u00fbres et framboises se m\u00ealent aux notes florales de violette. Un fond doux, grill\u00e9 et musqu\u00e9 enrichit ce parfum.\" \/>\n<meta property=\"og:url\" content=\"https:\/\/girlyangy.fr\/?product=desodorisant-pour-voiture\" \/>\n<meta property=\"og:site_name\" content=\"Girly Angy\" \/>\n<meta property=\"article:publisher\" content=\"https:\/\/www.facebook.com\/profile.php?id=100070618441117\" \/>\n<meta property=\"article:modified_time\" content=\"2024-09-26T18:44:36+00:00\" \/>\n<meta property=\"og:image\" content=\"https:\/\/i0.wp.com\/girlyangy.fr\/wp-content\/uploads\/2024\/05\/img_8943-scaled.jpeg?fit=2560%2C2560&ssl=1\" \/>\n\t<meta property=\"og:image:width\" content=\"2560\" \/>\n\t<meta property=\"og:image:height\" content=\"2560\" \/>\n\t<meta property=\"og:image:type\" content=\"image\/jpeg\" \/>\n<meta name=\"twitter:card\" content=\"summary_large_image\" \/>\n<script type=\"application\/ld+json\" class=\"yoast-schema-graph\">{\"@context\":\"https:\\\/\\\/schema.org\",\"@graph\":[{\"@type\":\"WebPage\",\"@id\":\"https:\\\/\\\/girlyangy.fr\\\/?product=desodorisant-pour-voiture\",\"url\":\"https:\\\/\\\/girlyangy.fr\\\/?product=desodorisant-pour-voiture\",\"name\":\"D\u00e9sodorisant pour voiture Plusieurs senteurs au choix - Girly Angy\",\"isPartOf\":{\"@id\":\"https:\\\/\\\/girlyangy.fr\\\/#website\"},\"primaryImageOfPage\":{\"@id\":\"https:\\\/\\\/girlyangy.fr\\\/?product=desodorisant-pour-voiture#primaryimage\"},\"image\":{\"@id\":\"https:\\\/\\\/girlyangy.fr\\\/?product=desodorisant-pour-voiture#primaryimage\"},\"thumbnailUrl\":\"https:\\\/\\\/i0.wp.com\\\/girlyangy.fr\\\/wp-content\\\/uploads\\\/2024\\\/05\\\/img_8943-scaled.jpeg?fit=2560%2C2560&ssl=1\",\"datePublished\":\"2024-05-08T12:00:26+00:00\",\"dateModified\":\"2024-09-26T18:44:36+00:00\",\"breadcrumb\":{\"@id\":\"https:\\\/\\\/girlyangy.fr\\\/?product=desodorisant-pour-voiture#breadcrumb\"},\"inLanguage\":\"fr-FR\",\"potentialAction\":[{\"@type\":\"ReadAction\",\"target\":[\"https:\\\/\\\/girlyangy.fr\\\/?product=desodorisant-pour-voiture\"]}]},{\"@type\":\"ImageObject\",\"inLanguage\":\"fr-FR\",\"@id\":\"https:\\\/\\\/girlyangy.fr\\\/?product=desodorisant-pour-voiture#primaryimage\",\"url\":\"https:\\\/\\\/i0.wp.com\\\/girlyangy.fr\\\/wp-content\\\/uploads\\\/2024\\\/05\\\/img_8943-scaled.jpeg?fit=2560%2C2560&ssl=1\",\"contentUrl\":\"https:\\\/\\\/i0.wp.com\\\/girlyangy.fr\\\/wp-content\\\/uploads\\\/2024\\\/05\\\/img_8943-scaled.jpeg?fit=2560%2C2560&ssl=1\",\"width\":2560,\"height\":2560},{\"@type\":\"BreadcrumbList\",\"@id\":\"https:\\\/\\\/girlyangy.fr\\\/?product=desodorisant-pour-voiture#breadcrumb\",\"itemListElement\":[{\"@type\":\"ListItem\",\"position\":1,\"name\":\"Accueil\",\"item\":\"https:\\\/\\\/girlyangy.fr\\\/\"},{\"@type\":\"ListItem\",\"position\":2,\"name\":\"boutique\",\"item\":\"https:\\\/\\\/girlyangy.fr\\\/?page_id=5\"},{\"@type\":\"ListItem\",\"position\":3,\"name\":\"D\u00e9sodorisant pour voiture Plusieurs senteurs au choix\"}]},{\"@type\":\"WebSite\",\"@id\":\"https:\\\/\\\/girlyangy.fr\\\/#website\",\"url\":\"https:\\\/\\\/girlyangy.fr\\\/\",\"name\":\"Girly Angy\",\"description\":\"R\u00e9v\u00e9lez votre f\u00e9minit\u00e9\",\"publisher\":{\"@id\":\"https:\\\/\\\/girlyangy.fr\\\/#organization\"},\"potentialAction\":[{\"@type\":\"SearchAction\",\"target\":{\"@type\":\"EntryPoint\",\"urlTemplate\":\"https:\\\/\\\/girlyangy.fr\\\/?s={search_term_string}\"},\"query-input\":{\"@type\":\"PropertyValueSpecification\",\"valueRequired\":true,\"valueName\":\"search_term_string\"}}],\"inLanguage\":\"fr-FR\"},{\"@type\":\"Organization\",\"@id\":\"https:\\\/\\\/girlyangy.fr\\\/#organization\",\"name\":\"Girly Angy\",\"url\":\"https:\\\/\\\/girlyangy.fr\\\/\",\"logo\":{\"@type\":\"ImageObject\",\"inLanguage\":\"fr-FR\",\"@id\":\"https:\\\/\\\/girlyangy.fr\\\/#\\\/schema\\\/logo\\\/image\\\/\",\"url\":\"https:\\\/\\\/girlyangy.fr\\\/wp-content\\\/uploads\\\/2023\\\/02\\\/cropped-logo-girly-angy.png\",\"contentUrl\":\"https:\\\/\\\/girlyangy.fr\\\/wp-content\\\/uploads\\\/2023\\\/02\\\/cropped-logo-girly-angy.png\",\"width\":512,\"height\":512,\"caption\":\"Girly Angy\"},\"image\":{\"@id\":\"https:\\\/\\\/girlyangy.fr\\\/#\\\/schema\\\/logo\\\/image\\\/\"},\"sameAs\":[\"https:\\\/\\\/www.facebook.com\\\/profile.php?id=100070618441117\",\"https:\\\/\\\/www.instagram.com\\\/girly.shop76\"]}]}<\/script>\n<!-- \/ Yoast SEO plugin. -->","yoast_head_json":{"title":"D\u00e9sodorisant pour voiture Plusieurs senteurs au choix - Girly Angy","robots":{"index":"index","follow":"follow","max-snippet":"max-snippet:-1","max-image-preview":"max-image-preview:large","max-video-preview":"max-video-preview:-1"},"canonical":"https:\/\/girlyangy.fr\/?product=desodorisant-pour-voiture","og_locale":"fr_FR","og_type":"article","og_title":"D\u00e9sodorisant pour voiture Plusieurs senteurs au choix - Girly Angy","og_description":"D\u00e9sodorisant pour voiture avec un d\u00e9licieux parfum de m\u00fbre. Cet assainisseur d'air est con\u00e7u pour que vous puissiez facilement le placer dans votre voiture. &nbsp; De plus, son ar\u00f4me durera plus de 45 jours. &nbsp; Il est formul\u00e9 avec des extraits naturels et 0% d'alcool. &nbsp; Cet assainisseur d'air de voiture a un design amusant \"Je t'aime un peu plus chaque jour\". &nbsp; Description olfactive: Sortie o\u00f9 pr\u00e9dominent les notes rafra\u00eechissantes de fraises et de framboises avec une touche d'agrumes m\u00e9diterran\u00e9ens. Cette fragrance r\u00e9v\u00e8le un c\u0153ur extraordinaire, o\u00f9 m\u00fbres et framboises se m\u00ealent aux notes florales de violette. Un fond doux, grill\u00e9 et musqu\u00e9 enrichit ce parfum.","og_url":"https:\/\/girlyangy.fr\/?product=desodorisant-pour-voiture","og_site_name":"Girly Angy","article_publisher":"https:\/\/www.facebook.com\/profile.php?id=100070618441117","article_modified_time":"2024-09-26T18:44:36+00:00","og_image":[{"width":2560,"height":2560,"url":"https:\/\/i0.wp.com\/girlyangy.fr\/wp-content\/uploads\/2024\/05\/img_8943-scaled.jpeg?fit=2560%2C2560&ssl=1","type":"image\/jpeg"}],"twitter_card":"summary_large_image","schema":{"@context":"https:\/\/schema.org","@graph":[{"@type":"WebPage","@id":"https:\/\/girlyangy.fr\/?product=desodorisant-pour-voiture","url":"https:\/\/girlyangy.fr\/?product=desodorisant-pour-voiture","name":"D\u00e9sodorisant pour voiture Plusieurs senteurs au choix - Girly Angy","isPartOf":{"@id":"https:\/\/girlyangy.fr\/#website"},"primaryImageOfPage":{"@id":"https:\/\/girlyangy.fr\/?product=desodorisant-pour-voiture#primaryimage"},"image":{"@id":"https:\/\/girlyangy.fr\/?product=desodorisant-pour-voiture#primaryimage"},"thumbnailUrl":"https:\/\/i0.wp.com\/girlyangy.fr\/wp-content\/uploads\/2024\/05\/img_8943-scaled.jpeg?fit=2560%2C2560&ssl=1","datePublished":"2024-05-08T12:00:26+00:00","dateModified":"2024-09-26T18:44:36+00:00","breadcrumb":{"@id":"https:\/\/girlyangy.fr\/?product=desodorisant-pour-voiture#breadcrumb"},"inLanguage":"fr-FR","potentialAction":[{"@type":"ReadAction","target":["https:\/\/girlyangy.fr\/?product=desodorisant-pour-voiture"]}]},{"@type":"ImageObject","inLanguage":"fr-FR","@id":"https:\/\/girlyangy.fr\/?product=desodorisant-pour-voiture#primaryimage","url":"https:\/\/i0.wp.com\/girlyangy.fr\/wp-content\/uploads\/2024\/05\/img_8943-scaled.jpeg?fit=2560%2C2560&ssl=1","contentUrl":"https:\/\/i0.wp.com\/girlyangy.fr\/wp-content\/uploads\/2024\/05\/img_8943-scaled.jpeg?fit=2560%2C2560&ssl=1","width":2560,"height":2560},{"@type":"BreadcrumbList","@id":"https:\/\/girlyangy.fr\/?product=desodorisant-pour-voiture#breadcrumb","itemListElement":[{"@type":"ListItem","position":1,"name":"Accueil","item":"https:\/\/girlyangy.fr\/"},{"@type":"ListItem","position":2,"name":"boutique","item":"https:\/\/girlyangy.fr\/?page_id=5"},{"@type":"ListItem","position":3,"name":"D\u00e9sodorisant pour voiture Plusieurs senteurs au choix"}]},{"@type":"WebSite","@id":"https:\/\/girlyangy.fr\/#website","url":"https:\/\/girlyangy.fr\/","name":"Girly Angy","description":"R\u00e9v\u00e9lez votre f\u00e9minit\u00e9","publisher":{"@id":"https:\/\/girlyangy.fr\/#organization"},"potentialAction":[{"@type":"SearchAction","target":{"@type":"EntryPoint","urlTemplate":"https:\/\/girlyangy.fr\/?s={search_term_string}"},"query-input":{"@type":"PropertyValueSpecification","valueRequired":true,"valueName":"search_term_string"}}],"inLanguage":"fr-FR"},{"@type":"Organization","@id":"https:\/\/girlyangy.fr\/#organization","name":"Girly Angy","url":"https:\/\/girlyangy.fr\/","logo":{"@type":"ImageObject","inLanguage":"fr-FR","@id":"https:\/\/girlyangy.fr\/#\/schema\/logo\/image\/","url":"https:\/\/girlyangy.fr\/wp-content\/uploads\/2023\/02\/cropped-logo-girly-angy.png","contentUrl":"https:\/\/girlyangy.fr\/wp-content\/uploads\/2023\/02\/cropped-logo-girly-angy.png","width":512,"height":512,"caption":"Girly Angy"},"image":{"@id":"https:\/\/girlyangy.fr\/#\/schema\/logo\/image\/"},"sameAs":["https:\/\/www.facebook.com\/profile.php?id=100070618441117","https:\/\/www.instagram.com\/girly.shop76"]}]}},"jetpack_sharing_enabled":true,"_links":{"self":[{"href":"https:\/\/girlyangy.fr\/index.php?rest_route=\/wp\/v2\/product\/6346","targetHints":{"allow":["GET"]}}],"collection":[{"href":"https:\/\/girlyangy.fr\/index.php?rest_route=\/wp\/v2\/product"}],"about":[{"href":"https:\/\/girlyangy.fr\/index.php?rest_route=\/wp\/v2\/types\/product"}],"replies":[{"embeddable":true,"href":"https:\/\/girlyangy.fr\/index.php?rest_route=%2Fwp%2Fv2%2Fcomments&post=6346"}],"wp:featuredmedia":[{"embeddable":true,"href":"https:\/\/girlyangy.fr\/index.php?rest_route=\/wp\/v2\/media\/6344"}],"wp:attachment":[{"href":"https:\/\/girlyangy.fr\/index.php?rest_route=%2Fwp%2Fv2%2Fmedia&parent=6346"}],"wp:term":[{"taxonomy":"product_brand","embeddable":true,"href":"https:\/\/girlyangy.fr\/index.php?rest_route=%2Fwp%2Fv2%2Fproduct_brand&post=6346"},{"taxonomy":"product_cat","embeddable":true,"href":"https:\/\/girlyangy.fr\/index.php?rest_route=%2Fwp%2Fv2%2Fproduct_cat&post=6346"},{"taxonomy":"product_tag","embeddable":true,"href":"https:\/\/girlyangy.fr\/index.php?rest_route=%2Fwp%2Fv2%2Fproduct_tag&post=6346"}],"curies":[{"name":"wp","href":"https:\/\/api.w.org\/{rel}","templated":true}]}}