{"id":6361,"date":"2024-05-08T12:06:45","date_gmt":"2024-05-08T12:06:45","guid":{"rendered":"https:\/\/girlyangy.fr\/?product=mikado-%f0%9f%a5%a2-gamme-safari-orange-ambre-100ml"},"modified":"2024-11-26T13:23:19","modified_gmt":"2024-11-26T13:23:19","slug":"mikado-%f0%9f%a5%a2-gamme-safari-orange-ambre-100ml","status":"publish","type":"product","link":"https:\/\/girlyangy.fr\/?product=mikado-%f0%9f%a5%a2-gamme-safari-orange-ambre-100ml","title":{"rendered":"Mikado \ud83e\udd62 gamme Safari \u2013 Orange &amp; Ambre 100ml"},"content":{"rendered":"<p>Mikado de la nouvelle gamme Wild Safari de chez La Casa de Los Aromas.<\/p>\n<div class=\"woocommerce-product-details__short-description\" style=\"margin:0px0px20px;padding:0px;border:0px;vertical-align:baseline;font-style:normal;font-weight:400;line-height:inherit;font-family:Poppins,Arial,Helvetica,sans-serif;font-size:14px;letter-spacing:normal;text-transform:none;text-align:left\">\n<ul style=\"margin-top:0px;margin-right:0px;margin-bottom:var(--list-mb);margin-left:0px;padding-top:0px;padding-right:0px;padding-bottom:0px;padding-left:var(--li-pl);border:0px;vertical-align:baseline;font-style:inherit;font-variant:inherit;font-weight:inherit;line-height:inherit;font-family:inherit;font-size:14px;--list-mb:20px;--li-mb:10px;--li-pl:17px\">\n<li style=\"margin-top:0px;margin-right:0px;margin-bottom:var(--li-mb);margin-left:0px;padding:0px;border:0px;vertical-align:baseline;font-style:inherit;font-variant:inherit;font-weight:inherit;line-height:inherit;font-family:inherit;font-size:14px\">Parfum \u00ab Real Attractive \u00bb : Orange et ambre<\/li>\n<li style=\"margin-top:0px;margin-right:0px;margin-bottom:var(--li-mb);margin-left:0px;padding:0px;border:0px;vertical-align:baseline;font-style:inherit;font-variant:inherit;font-weight:inherit;line-height:inherit;font-family:inherit;font-size:14px\">Ar\u00f4me unique, intense et longue dur\u00e9e<\/li>\n<li style=\"margin:0px;padding:0px;border:0px;vertical-align:baseline;font-style:inherit;font-variant:inherit;font-weight:inherit;line-height:inherit;font-family:inherit;font-size:14px\">Avec huiles essentielles naturelles<\/li>\n<\/ul>\n<p style=\"margin-top:0px;margin-right:0px;margin-bottom:var(--wd-tags-mb);margin-left:0px;padding:0px;border:0px;vertical-align:baseline;font-style:inherit;font-variant:inherit;font-weight:inherit;line-height:inherit;font-family:inherit;font-size:14px\">Notes de t\u00eate : orange, notes vertes<br \/>\nNotes de corps : rose, muguet, notes solaires<br \/>\nNotes de fond : bois de santal, mousse, ch\u00eane, ambre, vanille.<\/p>\n<p style=\"margin:0px;padding:0px;border:0px;vertical-align:baseline;font-style:inherit;font-variant:inherit;font-weight:inherit;line-height:inherit;font-family:inherit;font-size:14px\"><em style=\"margin: 0px;padding: 0px;border: 0px;vertical-align: baseline;font-style: italic;font-variant: inherit;font-weight: inherit;line-height: inherit;font-family: inherit;font-size: 14px\">100 ml \u2013 Fabriqu\u00e9 en Espagne <\/em><\/p>\n<\/div>\n","protected":false},"excerpt":{"rendered":"<p>Mikado de la nouvelle gamme Wild Safari de chez La Casa de Los Aromas. Parfum \u00ab Real Attractive \u00bb : Orange et ambre Ar\u00f4me unique, intense et longue dur\u00e9e Avec huiles essentielles naturelles Notes de t\u00eate : orange, notes vertes Notes de corps : rose, muguet, notes solaires Notes de fond : bois de santal, [&hellip;]<\/p>\n","protected":false},"featured_media":6360,"comment_status":"open","ping_status":"closed","template":"","meta":[],"product_brand":[],"product_cat":[39,21],"product_tag":[],"class_list":{"0":"post-6361","1":"product","2":"type-product","3":"status-publish","4":"has-post-thumbnail","6":"product_cat-maisons","7":"product_cat-senteurs","8":"product_shipping_class-mondial-relay","10":"first","11":"outofstock","12":"shipping-taxable","13":"purchasable","14":"product-type-simple"},"yoast_head":"<!-- This site is optimized with the Yoast SEO plugin v27.4 - https:\/\/yoast.com\/product\/yoast-seo-wordpress\/ -->\n<title>Mikado \ud83e\udd62 gamme Safari \u2013 Orange &amp; Ambre 100ml - Girly Angy<\/title>\n<meta name=\"robots\" content=\"index, follow, max-snippet:-1, max-image-preview:large, max-video-preview:-1\" \/>\n<link rel=\"canonical\" href=\"https:\/\/girlyangy.fr\/?product=mikado-\ud83e\udd62-gamme-safari-orange-ambre-100ml\" \/>\n<meta property=\"og:locale\" content=\"fr_FR\" \/>\n<meta property=\"og:type\" content=\"article\" \/>\n<meta property=\"og:title\" content=\"Mikado \ud83e\udd62 gamme Safari \u2013 Orange &amp; Ambre 100ml - Girly Angy\" \/>\n<meta property=\"og:description\" content=\"Mikado de la nouvelle gamme Wild Safari de chez La Casa de Los Aromas. Parfum \u00ab Real Attractive \u00bb : Orange et ambre Ar\u00f4me unique, intense et longue dur\u00e9e Avec huiles essentielles naturelles Notes de t\u00eate : orange, notes vertes Notes de corps : rose, muguet, notes solaires Notes de fond : bois de santal, [&hellip;]\" \/>\n<meta property=\"og:url\" content=\"https:\/\/girlyangy.fr\/?product=mikado-\ud83e\udd62-gamme-safari-orange-ambre-100ml\" \/>\n<meta property=\"og:site_name\" content=\"Girly Angy\" \/>\n<meta property=\"article:publisher\" content=\"https:\/\/www.facebook.com\/profile.php?id=100070618441117\" \/>\n<meta property=\"article:modified_time\" content=\"2024-11-26T13:23:19+00:00\" \/>\n<meta name=\"twitter:card\" content=\"summary_large_image\" \/>\n<script type=\"application\/ld+json\" class=\"yoast-schema-graph\">{\"@context\":\"https:\\\/\\\/schema.org\",\"@graph\":[{\"@type\":\"WebPage\",\"@id\":\"https:\\\/\\\/girlyangy.fr\\\/?product=mikado-%f0%9f%a5%a2-gamme-safari-orange-ambre-100ml\",\"url\":\"https:\\\/\\\/girlyangy.fr\\\/?product=mikado-%f0%9f%a5%a2-gamme-safari-orange-ambre-100ml\",\"name\":\"Mikado \ud83e\udd62 gamme Safari \u2013 Orange &amp; Ambre 100ml - Girly Angy\",\"isPartOf\":{\"@id\":\"https:\\\/\\\/girlyangy.fr\\\/#website\"},\"primaryImageOfPage\":{\"@id\":\"https:\\\/\\\/girlyangy.fr\\\/?product=mikado-%f0%9f%a5%a2-gamme-safari-orange-ambre-100ml#primaryimage\"},\"image\":{\"@id\":\"https:\\\/\\\/girlyangy.fr\\\/?product=mikado-%f0%9f%a5%a2-gamme-safari-orange-ambre-100ml#primaryimage\"},\"thumbnailUrl\":\"https:\\\/\\\/i0.wp.com\\\/girlyangy.fr\\\/wp-content\\\/uploads\\\/2024\\\/05\\\/1000022729.jpg?fit=1204%2C1214&ssl=1\",\"datePublished\":\"2024-05-08T12:06:45+00:00\",\"dateModified\":\"2024-11-26T13:23:19+00:00\",\"breadcrumb\":{\"@id\":\"https:\\\/\\\/girlyangy.fr\\\/?product=mikado-%f0%9f%a5%a2-gamme-safari-orange-ambre-100ml#breadcrumb\"},\"inLanguage\":\"fr-FR\",\"potentialAction\":[{\"@type\":\"ReadAction\",\"target\":[\"https:\\\/\\\/girlyangy.fr\\\/?product=mikado-%f0%9f%a5%a2-gamme-safari-orange-ambre-100ml\"]}]},{\"@type\":\"ImageObject\",\"inLanguage\":\"fr-FR\",\"@id\":\"https:\\\/\\\/girlyangy.fr\\\/?product=mikado-%f0%9f%a5%a2-gamme-safari-orange-ambre-100ml#primaryimage\",\"url\":\"https:\\\/\\\/i0.wp.com\\\/girlyangy.fr\\\/wp-content\\\/uploads\\\/2024\\\/05\\\/1000022729.jpg?fit=1204%2C1214&ssl=1\",\"contentUrl\":\"https:\\\/\\\/i0.wp.com\\\/girlyangy.fr\\\/wp-content\\\/uploads\\\/2024\\\/05\\\/1000022729.jpg?fit=1204%2C1214&ssl=1\",\"width\":1204,\"height\":1214},{\"@type\":\"BreadcrumbList\",\"@id\":\"https:\\\/\\\/girlyangy.fr\\\/?product=mikado-%f0%9f%a5%a2-gamme-safari-orange-ambre-100ml#breadcrumb\",\"itemListElement\":[{\"@type\":\"ListItem\",\"position\":1,\"name\":\"Accueil\",\"item\":\"https:\\\/\\\/girlyangy.fr\\\/\"},{\"@type\":\"ListItem\",\"position\":2,\"name\":\"boutique\",\"item\":\"https:\\\/\\\/girlyangy.fr\\\/?page_id=5\"},{\"@type\":\"ListItem\",\"position\":3,\"name\":\"Mikado \ud83e\udd62 gamme Safari \u2013 Orange &amp; Ambre 100ml\"}]},{\"@type\":\"WebSite\",\"@id\":\"https:\\\/\\\/girlyangy.fr\\\/#website\",\"url\":\"https:\\\/\\\/girlyangy.fr\\\/\",\"name\":\"Girly Angy\",\"description\":\"R\u00e9v\u00e9lez votre f\u00e9minit\u00e9\",\"publisher\":{\"@id\":\"https:\\\/\\\/girlyangy.fr\\\/#organization\"},\"potentialAction\":[{\"@type\":\"SearchAction\",\"target\":{\"@type\":\"EntryPoint\",\"urlTemplate\":\"https:\\\/\\\/girlyangy.fr\\\/?s={search_term_string}\"},\"query-input\":{\"@type\":\"PropertyValueSpecification\",\"valueRequired\":true,\"valueName\":\"search_term_string\"}}],\"inLanguage\":\"fr-FR\"},{\"@type\":\"Organization\",\"@id\":\"https:\\\/\\\/girlyangy.fr\\\/#organization\",\"name\":\"Girly Angy\",\"url\":\"https:\\\/\\\/girlyangy.fr\\\/\",\"logo\":{\"@type\":\"ImageObject\",\"inLanguage\":\"fr-FR\",\"@id\":\"https:\\\/\\\/girlyangy.fr\\\/#\\\/schema\\\/logo\\\/image\\\/\",\"url\":\"https:\\\/\\\/girlyangy.fr\\\/wp-content\\\/uploads\\\/2023\\\/02\\\/cropped-logo-girly-angy.png\",\"contentUrl\":\"https:\\\/\\\/girlyangy.fr\\\/wp-content\\\/uploads\\\/2023\\\/02\\\/cropped-logo-girly-angy.png\",\"width\":512,\"height\":512,\"caption\":\"Girly Angy\"},\"image\":{\"@id\":\"https:\\\/\\\/girlyangy.fr\\\/#\\\/schema\\\/logo\\\/image\\\/\"},\"sameAs\":[\"https:\\\/\\\/www.facebook.com\\\/profile.php?id=100070618441117\",\"https:\\\/\\\/www.instagram.com\\\/girly.shop76\"]}]}<\/script>\n<!-- \/ Yoast SEO plugin. -->","yoast_head_json":{"title":"Mikado \ud83e\udd62 gamme Safari \u2013 Orange &amp; Ambre 100ml - Girly Angy","robots":{"index":"index","follow":"follow","max-snippet":"max-snippet:-1","max-image-preview":"max-image-preview:large","max-video-preview":"max-video-preview:-1"},"canonical":"https:\/\/girlyangy.fr\/?product=mikado-\ud83e\udd62-gamme-safari-orange-ambre-100ml","og_locale":"fr_FR","og_type":"article","og_title":"Mikado \ud83e\udd62 gamme Safari \u2013 Orange &amp; Ambre 100ml - Girly Angy","og_description":"Mikado de la nouvelle gamme Wild Safari de chez La Casa de Los Aromas. Parfum \u00ab Real Attractive \u00bb : Orange et ambre Ar\u00f4me unique, intense et longue dur\u00e9e Avec huiles essentielles naturelles Notes de t\u00eate : orange, notes vertes Notes de corps : rose, muguet, notes solaires Notes de fond : bois de santal, [&hellip;]","og_url":"https:\/\/girlyangy.fr\/?product=mikado-\ud83e\udd62-gamme-safari-orange-ambre-100ml","og_site_name":"Girly Angy","article_publisher":"https:\/\/www.facebook.com\/profile.php?id=100070618441117","article_modified_time":"2024-11-26T13:23:19+00:00","twitter_card":"summary_large_image","schema":{"@context":"https:\/\/schema.org","@graph":[{"@type":"WebPage","@id":"https:\/\/girlyangy.fr\/?product=mikado-%f0%9f%a5%a2-gamme-safari-orange-ambre-100ml","url":"https:\/\/girlyangy.fr\/?product=mikado-%f0%9f%a5%a2-gamme-safari-orange-ambre-100ml","name":"Mikado \ud83e\udd62 gamme Safari \u2013 Orange &amp; Ambre 100ml - Girly Angy","isPartOf":{"@id":"https:\/\/girlyangy.fr\/#website"},"primaryImageOfPage":{"@id":"https:\/\/girlyangy.fr\/?product=mikado-%f0%9f%a5%a2-gamme-safari-orange-ambre-100ml#primaryimage"},"image":{"@id":"https:\/\/girlyangy.fr\/?product=mikado-%f0%9f%a5%a2-gamme-safari-orange-ambre-100ml#primaryimage"},"thumbnailUrl":"https:\/\/i0.wp.com\/girlyangy.fr\/wp-content\/uploads\/2024\/05\/1000022729.jpg?fit=1204%2C1214&ssl=1","datePublished":"2024-05-08T12:06:45+00:00","dateModified":"2024-11-26T13:23:19+00:00","breadcrumb":{"@id":"https:\/\/girlyangy.fr\/?product=mikado-%f0%9f%a5%a2-gamme-safari-orange-ambre-100ml#breadcrumb"},"inLanguage":"fr-FR","potentialAction":[{"@type":"ReadAction","target":["https:\/\/girlyangy.fr\/?product=mikado-%f0%9f%a5%a2-gamme-safari-orange-ambre-100ml"]}]},{"@type":"ImageObject","inLanguage":"fr-FR","@id":"https:\/\/girlyangy.fr\/?product=mikado-%f0%9f%a5%a2-gamme-safari-orange-ambre-100ml#primaryimage","url":"https:\/\/i0.wp.com\/girlyangy.fr\/wp-content\/uploads\/2024\/05\/1000022729.jpg?fit=1204%2C1214&ssl=1","contentUrl":"https:\/\/i0.wp.com\/girlyangy.fr\/wp-content\/uploads\/2024\/05\/1000022729.jpg?fit=1204%2C1214&ssl=1","width":1204,"height":1214},{"@type":"BreadcrumbList","@id":"https:\/\/girlyangy.fr\/?product=mikado-%f0%9f%a5%a2-gamme-safari-orange-ambre-100ml#breadcrumb","itemListElement":[{"@type":"ListItem","position":1,"name":"Accueil","item":"https:\/\/girlyangy.fr\/"},{"@type":"ListItem","position":2,"name":"boutique","item":"https:\/\/girlyangy.fr\/?page_id=5"},{"@type":"ListItem","position":3,"name":"Mikado \ud83e\udd62 gamme Safari \u2013 Orange &amp; Ambre 100ml"}]},{"@type":"WebSite","@id":"https:\/\/girlyangy.fr\/#website","url":"https:\/\/girlyangy.fr\/","name":"Girly Angy","description":"R\u00e9v\u00e9lez votre f\u00e9minit\u00e9","publisher":{"@id":"https:\/\/girlyangy.fr\/#organization"},"potentialAction":[{"@type":"SearchAction","target":{"@type":"EntryPoint","urlTemplate":"https:\/\/girlyangy.fr\/?s={search_term_string}"},"query-input":{"@type":"PropertyValueSpecification","valueRequired":true,"valueName":"search_term_string"}}],"inLanguage":"fr-FR"},{"@type":"Organization","@id":"https:\/\/girlyangy.fr\/#organization","name":"Girly Angy","url":"https:\/\/girlyangy.fr\/","logo":{"@type":"ImageObject","inLanguage":"fr-FR","@id":"https:\/\/girlyangy.fr\/#\/schema\/logo\/image\/","url":"https:\/\/girlyangy.fr\/wp-content\/uploads\/2023\/02\/cropped-logo-girly-angy.png","contentUrl":"https:\/\/girlyangy.fr\/wp-content\/uploads\/2023\/02\/cropped-logo-girly-angy.png","width":512,"height":512,"caption":"Girly Angy"},"image":{"@id":"https:\/\/girlyangy.fr\/#\/schema\/logo\/image\/"},"sameAs":["https:\/\/www.facebook.com\/profile.php?id=100070618441117","https:\/\/www.instagram.com\/girly.shop76"]}]}},"jetpack_sharing_enabled":true,"_links":{"self":[{"href":"https:\/\/girlyangy.fr\/index.php?rest_route=\/wp\/v2\/product\/6361","targetHints":{"allow":["GET"]}}],"collection":[{"href":"https:\/\/girlyangy.fr\/index.php?rest_route=\/wp\/v2\/product"}],"about":[{"href":"https:\/\/girlyangy.fr\/index.php?rest_route=\/wp\/v2\/types\/product"}],"replies":[{"embeddable":true,"href":"https:\/\/girlyangy.fr\/index.php?rest_route=%2Fwp%2Fv2%2Fcomments&post=6361"}],"wp:featuredmedia":[{"embeddable":true,"href":"https:\/\/girlyangy.fr\/index.php?rest_route=\/wp\/v2\/media\/6360"}],"wp:attachment":[{"href":"https:\/\/girlyangy.fr\/index.php?rest_route=%2Fwp%2Fv2%2Fmedia&parent=6361"}],"wp:term":[{"taxonomy":"product_brand","embeddable":true,"href":"https:\/\/girlyangy.fr\/index.php?rest_route=%2Fwp%2Fv2%2Fproduct_brand&post=6361"},{"taxonomy":"product_cat","embeddable":true,"href":"https:\/\/girlyangy.fr\/index.php?rest_route=%2Fwp%2Fv2%2Fproduct_cat&post=6361"},{"taxonomy":"product_tag","embeddable":true,"href":"https:\/\/girlyangy.fr\/index.php?rest_route=%2Fwp%2Fv2%2Fproduct_tag&post=6361"}],"curies":[{"name":"wp","href":"https:\/\/api.w.org\/{rel}","templated":true}]}}