{"id":6363,"date":"2024-05-08T12:11:17","date_gmt":"2024-05-08T12:11:17","guid":{"rendered":"https:\/\/girlyangy.fr\/?product=nouvelle-fleur-parfumee-papaye-des-tropiques%e3%80%8b"},"modified":"2024-08-29T09:58:23","modified_gmt":"2024-08-29T09:58:23","slug":"nouvelle-fleur-parfumee-papaye-des-tropiques%e3%80%8b","status":"publish","type":"product","link":"https:\/\/girlyangy.fr\/?product=nouvelle-fleur-parfumee-papaye-des-tropiques%e3%80%8b","title":{"rendered":"Nouvelle fleur parfum\u00e9e \u00ab\u00a0Papaye des tropiques\u300b"},"content":{"rendered":"<p><span lang=\"fr\" style=\"margin:0px;padding:0px;border:0px;vertical-align:baseline;font-style:inherit;font-variant:inherit;font-weight:inherit;line-height:inherit;font-family:inherit;font-size:14px\">Parfum d\u2019ambiance. Fleur parfum\u00e9e de la marque Prady.<\/span><\/p>\n<div class=\"woocommerce-product-details__short-description\" style=\"margin:0px0px20px;padding:0px;border:0px;vertical-align:baseline;font-style:normal;font-weight:400;line-height:inherit;font-family:Poppins,Arial,Helvetica,sans-serif;font-size:14px;letter-spacing:normal;text-transform:none;text-align:left\">\n<p style=\"margin-top:0px;margin-right:0px;margin-bottom:var(--wd-tags-mb);margin-left:0px;padding:0px;border:0px;vertical-align:baseline;font-style:inherit;font-variant:inherit;font-weight:inherit;line-height:inherit;font-family:inherit;font-size:14px\">Une fleur de mikado d\u00e9corative qui s\u2019impr\u00e8gne de la couleur du parfum tout en diffusant une odeur parfum\u00e9e dans votre maison ou votre bureau.<\/p>\n<ul style=\"margin-top:0px;margin-right:0px;margin-bottom:var(--list-mb);margin-left:0px;padding-top:0px;padding-right:0px;padding-bottom:0px;padding-left:var(--li-pl);border:0px;vertical-align:baseline;font-style:inherit;font-variant:inherit;font-weight:inherit;line-height:inherit;font-family:inherit;font-size:14px;--list-mb:20px;--li-mb:10px;--li-pl:17px\">\n<li style=\"margin-top:0px;margin-right:0px;margin-bottom:var(--li-mb);margin-left:0px;padding:0px;border:0px;vertical-align:baseline;font-style:inherit;font-variant:inherit;font-weight:inherit;line-height:inherit;font-family:inherit;font-size:14px\"><span lang=\"fr\" style=\"margin:0px;padding:0px;border:0px;vertical-align:baseline;font-style:inherit;font-variant:inherit;font-weight:inherit;line-height:inherit;font-family:inherit;font-size:14px\">0% d\u2019alcool. <\/span><\/li>\n<li style=\"margin-top:0px;margin-right:0px;margin-bottom:var(--li-mb);margin-left:0px;padding:0px;border:0px;vertical-align:baseline;font-style:inherit;font-variant:inherit;font-weight:inherit;line-height:inherit;font-family:inherit;font-size:14px\">Dur\u00e9e +30 jours.<\/li>\n<li style=\"margin-top:0px;margin-right:0px;margin-bottom:var(--li-mb);margin-left:0px;padding:0px;border:0px;vertical-align:baseline;font-style:inherit;font-variant:inherit;font-weight:inherit;line-height:inherit;font-family:inherit;font-size:14px\"><span lang=\"fr\" style=\"margin:0px;padding:0px;border:0px;vertical-align:baseline;font-style:inherit;font-variant:inherit;font-weight:inherit;line-height:inherit;font-family:inherit;font-size:14px\">Parfum de qualit\u00e9 sup\u00e9rieure. <\/span><\/li>\n<li style=\"margin:0px;padding:0px;border:0px;vertical-align:baseline;font-style:inherit;font-variant:inherit;font-weight:inherit;line-height:inherit;font-family:inherit;font-size:14px\">Marque Prady.<\/li>\n<\/ul>\n<p style=\"margin-top:0px;margin-right:0px;margin-bottom:var(--wd-tags-mb);margin-left:0px;padding:0px;border:0px;vertical-align:baseline;font-style:inherit;font-variant:inherit;font-weight:inherit;line-height:inherit;font-family:inherit;font-size:14px\"><span lang=\"fr\" style=\"margin:0px;padding:0px;border:0px;vertical-align:baseline;font-style:inherit;font-variant:inherit;font-weight:inherit;line-height:inherit;font-family:inherit;font-size:14px\">La fleur absorbe le parfum en changeant de couleur.<\/span><\/p>\n<\/div>\n","protected":false},"excerpt":{"rendered":"<p>Parfum d\u2019ambiance. Fleur parfum\u00e9e de la marque Prady. Une fleur de mikado d\u00e9corative qui s\u2019impr\u00e8gne de la couleur du parfum tout en diffusant une odeur parfum\u00e9e dans votre maison ou votre bureau. 0% d\u2019alcool. Dur\u00e9e +30 jours. Parfum de qualit\u00e9 sup\u00e9rieure. Marque Prady. La fleur absorbe le parfum en changeant de couleur.<\/p>\n","protected":false},"featured_media":6362,"comment_status":"open","ping_status":"closed","template":"","meta":[],"product_brand":[],"product_cat":[39,21],"product_tag":[],"class_list":{"0":"post-6363","1":"product","2":"type-product","3":"status-publish","4":"has-post-thumbnail","6":"product_cat-maisons","7":"product_cat-senteurs","8":"product_shipping_class-mondial-relay","10":"first","11":"outofstock","12":"shipping-taxable","13":"purchasable","14":"product-type-simple"},"yoast_head":"<!-- This site is optimized with the Yoast SEO plugin v27.4 - https:\/\/yoast.com\/product\/yoast-seo-wordpress\/ -->\n<title>Nouvelle fleur parfum\u00e9e \u00ab\u00a0Papaye des tropiques\u300b - Girly Angy<\/title>\n<meta name=\"robots\" content=\"index, follow, max-snippet:-1, max-image-preview:large, max-video-preview:-1\" \/>\n<link rel=\"canonical\" href=\"https:\/\/girlyangy.fr\/?product=nouvelle-fleur-parfumee-papaye-des-tropiques\u300b\" \/>\n<meta property=\"og:locale\" content=\"fr_FR\" \/>\n<meta property=\"og:type\" content=\"article\" \/>\n<meta property=\"og:title\" content=\"Nouvelle fleur parfum\u00e9e \u00ab\u00a0Papaye des tropiques\u300b - Girly Angy\" \/>\n<meta property=\"og:description\" content=\"Parfum d\u2019ambiance. Fleur parfum\u00e9e de la marque Prady. Une fleur de mikado d\u00e9corative qui s\u2019impr\u00e8gne de la couleur du parfum tout en diffusant une odeur parfum\u00e9e dans votre maison ou votre bureau. 0% d\u2019alcool. Dur\u00e9e +30 jours. Parfum de qualit\u00e9 sup\u00e9rieure. Marque Prady. La fleur absorbe le parfum en changeant de couleur.\" \/>\n<meta property=\"og:url\" content=\"https:\/\/girlyangy.fr\/?product=nouvelle-fleur-parfumee-papaye-des-tropiques\u300b\" \/>\n<meta property=\"og:site_name\" content=\"Girly Angy\" \/>\n<meta property=\"article:publisher\" content=\"https:\/\/www.facebook.com\/profile.php?id=100070618441117\" \/>\n<meta property=\"article:modified_time\" content=\"2024-08-29T09:58:23+00:00\" \/>\n<meta property=\"og:image\" content=\"https:\/\/i0.wp.com\/girlyangy.fr\/wp-content\/uploads\/2024\/05\/1000022730.jpg?fit=1323%2C1245&ssl=1\" \/>\n\t<meta property=\"og:image:width\" content=\"1323\" \/>\n\t<meta property=\"og:image:height\" content=\"1245\" \/>\n\t<meta property=\"og:image:type\" content=\"image\/jpeg\" \/>\n<meta name=\"twitter:card\" content=\"summary_large_image\" \/>\n<script type=\"application\/ld+json\" class=\"yoast-schema-graph\">{\"@context\":\"https:\\\/\\\/schema.org\",\"@graph\":[{\"@type\":\"WebPage\",\"@id\":\"https:\\\/\\\/girlyangy.fr\\\/?product=nouvelle-fleur-parfumee-papaye-des-tropiques%e3%80%8b\",\"url\":\"https:\\\/\\\/girlyangy.fr\\\/?product=nouvelle-fleur-parfumee-papaye-des-tropiques%e3%80%8b\",\"name\":\"Nouvelle fleur parfum\u00e9e \u00ab\u00a0Papaye des tropiques\u300b - Girly Angy\",\"isPartOf\":{\"@id\":\"https:\\\/\\\/girlyangy.fr\\\/#website\"},\"primaryImageOfPage\":{\"@id\":\"https:\\\/\\\/girlyangy.fr\\\/?product=nouvelle-fleur-parfumee-papaye-des-tropiques%e3%80%8b#primaryimage\"},\"image\":{\"@id\":\"https:\\\/\\\/girlyangy.fr\\\/?product=nouvelle-fleur-parfumee-papaye-des-tropiques%e3%80%8b#primaryimage\"},\"thumbnailUrl\":\"https:\\\/\\\/i0.wp.com\\\/girlyangy.fr\\\/wp-content\\\/uploads\\\/2024\\\/05\\\/1000022730.jpg?fit=1323%2C1245&ssl=1\",\"datePublished\":\"2024-05-08T12:11:17+00:00\",\"dateModified\":\"2024-08-29T09:58:23+00:00\",\"breadcrumb\":{\"@id\":\"https:\\\/\\\/girlyangy.fr\\\/?product=nouvelle-fleur-parfumee-papaye-des-tropiques%e3%80%8b#breadcrumb\"},\"inLanguage\":\"fr-FR\",\"potentialAction\":[{\"@type\":\"ReadAction\",\"target\":[\"https:\\\/\\\/girlyangy.fr\\\/?product=nouvelle-fleur-parfumee-papaye-des-tropiques%e3%80%8b\"]}]},{\"@type\":\"ImageObject\",\"inLanguage\":\"fr-FR\",\"@id\":\"https:\\\/\\\/girlyangy.fr\\\/?product=nouvelle-fleur-parfumee-papaye-des-tropiques%e3%80%8b#primaryimage\",\"url\":\"https:\\\/\\\/i0.wp.com\\\/girlyangy.fr\\\/wp-content\\\/uploads\\\/2024\\\/05\\\/1000022730.jpg?fit=1323%2C1245&ssl=1\",\"contentUrl\":\"https:\\\/\\\/i0.wp.com\\\/girlyangy.fr\\\/wp-content\\\/uploads\\\/2024\\\/05\\\/1000022730.jpg?fit=1323%2C1245&ssl=1\",\"width\":1323,\"height\":1245},{\"@type\":\"BreadcrumbList\",\"@id\":\"https:\\\/\\\/girlyangy.fr\\\/?product=nouvelle-fleur-parfumee-papaye-des-tropiques%e3%80%8b#breadcrumb\",\"itemListElement\":[{\"@type\":\"ListItem\",\"position\":1,\"name\":\"Accueil\",\"item\":\"https:\\\/\\\/girlyangy.fr\\\/\"},{\"@type\":\"ListItem\",\"position\":2,\"name\":\"boutique\",\"item\":\"https:\\\/\\\/girlyangy.fr\\\/?page_id=5\"},{\"@type\":\"ListItem\",\"position\":3,\"name\":\"Nouvelle fleur parfum\u00e9e \u00ab\u00a0Papaye des tropiques\u300b\"}]},{\"@type\":\"WebSite\",\"@id\":\"https:\\\/\\\/girlyangy.fr\\\/#website\",\"url\":\"https:\\\/\\\/girlyangy.fr\\\/\",\"name\":\"Girly Angy\",\"description\":\"R\u00e9v\u00e9lez votre f\u00e9minit\u00e9\",\"publisher\":{\"@id\":\"https:\\\/\\\/girlyangy.fr\\\/#organization\"},\"potentialAction\":[{\"@type\":\"SearchAction\",\"target\":{\"@type\":\"EntryPoint\",\"urlTemplate\":\"https:\\\/\\\/girlyangy.fr\\\/?s={search_term_string}\"},\"query-input\":{\"@type\":\"PropertyValueSpecification\",\"valueRequired\":true,\"valueName\":\"search_term_string\"}}],\"inLanguage\":\"fr-FR\"},{\"@type\":\"Organization\",\"@id\":\"https:\\\/\\\/girlyangy.fr\\\/#organization\",\"name\":\"Girly Angy\",\"url\":\"https:\\\/\\\/girlyangy.fr\\\/\",\"logo\":{\"@type\":\"ImageObject\",\"inLanguage\":\"fr-FR\",\"@id\":\"https:\\\/\\\/girlyangy.fr\\\/#\\\/schema\\\/logo\\\/image\\\/\",\"url\":\"https:\\\/\\\/girlyangy.fr\\\/wp-content\\\/uploads\\\/2023\\\/02\\\/cropped-logo-girly-angy.png\",\"contentUrl\":\"https:\\\/\\\/girlyangy.fr\\\/wp-content\\\/uploads\\\/2023\\\/02\\\/cropped-logo-girly-angy.png\",\"width\":512,\"height\":512,\"caption\":\"Girly Angy\"},\"image\":{\"@id\":\"https:\\\/\\\/girlyangy.fr\\\/#\\\/schema\\\/logo\\\/image\\\/\"},\"sameAs\":[\"https:\\\/\\\/www.facebook.com\\\/profile.php?id=100070618441117\",\"https:\\\/\\\/www.instagram.com\\\/girly.shop76\"]}]}<\/script>\n<!-- \/ Yoast SEO plugin. -->","yoast_head_json":{"title":"Nouvelle fleur parfum\u00e9e \u00ab\u00a0Papaye des tropiques\u300b - Girly Angy","robots":{"index":"index","follow":"follow","max-snippet":"max-snippet:-1","max-image-preview":"max-image-preview:large","max-video-preview":"max-video-preview:-1"},"canonical":"https:\/\/girlyangy.fr\/?product=nouvelle-fleur-parfumee-papaye-des-tropiques\u300b","og_locale":"fr_FR","og_type":"article","og_title":"Nouvelle fleur parfum\u00e9e \u00ab\u00a0Papaye des tropiques\u300b - Girly Angy","og_description":"Parfum d\u2019ambiance. Fleur parfum\u00e9e de la marque Prady. Une fleur de mikado d\u00e9corative qui s\u2019impr\u00e8gne de la couleur du parfum tout en diffusant une odeur parfum\u00e9e dans votre maison ou votre bureau. 0% d\u2019alcool. Dur\u00e9e +30 jours. Parfum de qualit\u00e9 sup\u00e9rieure. Marque Prady. La fleur absorbe le parfum en changeant de couleur.","og_url":"https:\/\/girlyangy.fr\/?product=nouvelle-fleur-parfumee-papaye-des-tropiques\u300b","og_site_name":"Girly Angy","article_publisher":"https:\/\/www.facebook.com\/profile.php?id=100070618441117","article_modified_time":"2024-08-29T09:58:23+00:00","og_image":[{"width":1323,"height":1245,"url":"https:\/\/i0.wp.com\/girlyangy.fr\/wp-content\/uploads\/2024\/05\/1000022730.jpg?fit=1323%2C1245&ssl=1","type":"image\/jpeg"}],"twitter_card":"summary_large_image","schema":{"@context":"https:\/\/schema.org","@graph":[{"@type":"WebPage","@id":"https:\/\/girlyangy.fr\/?product=nouvelle-fleur-parfumee-papaye-des-tropiques%e3%80%8b","url":"https:\/\/girlyangy.fr\/?product=nouvelle-fleur-parfumee-papaye-des-tropiques%e3%80%8b","name":"Nouvelle fleur parfum\u00e9e \u00ab\u00a0Papaye des tropiques\u300b - Girly Angy","isPartOf":{"@id":"https:\/\/girlyangy.fr\/#website"},"primaryImageOfPage":{"@id":"https:\/\/girlyangy.fr\/?product=nouvelle-fleur-parfumee-papaye-des-tropiques%e3%80%8b#primaryimage"},"image":{"@id":"https:\/\/girlyangy.fr\/?product=nouvelle-fleur-parfumee-papaye-des-tropiques%e3%80%8b#primaryimage"},"thumbnailUrl":"https:\/\/i0.wp.com\/girlyangy.fr\/wp-content\/uploads\/2024\/05\/1000022730.jpg?fit=1323%2C1245&ssl=1","datePublished":"2024-05-08T12:11:17+00:00","dateModified":"2024-08-29T09:58:23+00:00","breadcrumb":{"@id":"https:\/\/girlyangy.fr\/?product=nouvelle-fleur-parfumee-papaye-des-tropiques%e3%80%8b#breadcrumb"},"inLanguage":"fr-FR","potentialAction":[{"@type":"ReadAction","target":["https:\/\/girlyangy.fr\/?product=nouvelle-fleur-parfumee-papaye-des-tropiques%e3%80%8b"]}]},{"@type":"ImageObject","inLanguage":"fr-FR","@id":"https:\/\/girlyangy.fr\/?product=nouvelle-fleur-parfumee-papaye-des-tropiques%e3%80%8b#primaryimage","url":"https:\/\/i0.wp.com\/girlyangy.fr\/wp-content\/uploads\/2024\/05\/1000022730.jpg?fit=1323%2C1245&ssl=1","contentUrl":"https:\/\/i0.wp.com\/girlyangy.fr\/wp-content\/uploads\/2024\/05\/1000022730.jpg?fit=1323%2C1245&ssl=1","width":1323,"height":1245},{"@type":"BreadcrumbList","@id":"https:\/\/girlyangy.fr\/?product=nouvelle-fleur-parfumee-papaye-des-tropiques%e3%80%8b#breadcrumb","itemListElement":[{"@type":"ListItem","position":1,"name":"Accueil","item":"https:\/\/girlyangy.fr\/"},{"@type":"ListItem","position":2,"name":"boutique","item":"https:\/\/girlyangy.fr\/?page_id=5"},{"@type":"ListItem","position":3,"name":"Nouvelle fleur parfum\u00e9e \u00ab\u00a0Papaye des tropiques\u300b"}]},{"@type":"WebSite","@id":"https:\/\/girlyangy.fr\/#website","url":"https:\/\/girlyangy.fr\/","name":"Girly Angy","description":"R\u00e9v\u00e9lez votre f\u00e9minit\u00e9","publisher":{"@id":"https:\/\/girlyangy.fr\/#organization"},"potentialAction":[{"@type":"SearchAction","target":{"@type":"EntryPoint","urlTemplate":"https:\/\/girlyangy.fr\/?s={search_term_string}"},"query-input":{"@type":"PropertyValueSpecification","valueRequired":true,"valueName":"search_term_string"}}],"inLanguage":"fr-FR"},{"@type":"Organization","@id":"https:\/\/girlyangy.fr\/#organization","name":"Girly Angy","url":"https:\/\/girlyangy.fr\/","logo":{"@type":"ImageObject","inLanguage":"fr-FR","@id":"https:\/\/girlyangy.fr\/#\/schema\/logo\/image\/","url":"https:\/\/girlyangy.fr\/wp-content\/uploads\/2023\/02\/cropped-logo-girly-angy.png","contentUrl":"https:\/\/girlyangy.fr\/wp-content\/uploads\/2023\/02\/cropped-logo-girly-angy.png","width":512,"height":512,"caption":"Girly Angy"},"image":{"@id":"https:\/\/girlyangy.fr\/#\/schema\/logo\/image\/"},"sameAs":["https:\/\/www.facebook.com\/profile.php?id=100070618441117","https:\/\/www.instagram.com\/girly.shop76"]}]}},"jetpack_sharing_enabled":true,"_links":{"self":[{"href":"https:\/\/girlyangy.fr\/index.php?rest_route=\/wp\/v2\/product\/6363","targetHints":{"allow":["GET"]}}],"collection":[{"href":"https:\/\/girlyangy.fr\/index.php?rest_route=\/wp\/v2\/product"}],"about":[{"href":"https:\/\/girlyangy.fr\/index.php?rest_route=\/wp\/v2\/types\/product"}],"replies":[{"embeddable":true,"href":"https:\/\/girlyangy.fr\/index.php?rest_route=%2Fwp%2Fv2%2Fcomments&post=6363"}],"wp:featuredmedia":[{"embeddable":true,"href":"https:\/\/girlyangy.fr\/index.php?rest_route=\/wp\/v2\/media\/6362"}],"wp:attachment":[{"href":"https:\/\/girlyangy.fr\/index.php?rest_route=%2Fwp%2Fv2%2Fmedia&parent=6363"}],"wp:term":[{"taxonomy":"product_brand","embeddable":true,"href":"https:\/\/girlyangy.fr\/index.php?rest_route=%2Fwp%2Fv2%2Fproduct_brand&post=6363"},{"taxonomy":"product_cat","embeddable":true,"href":"https:\/\/girlyangy.fr\/index.php?rest_route=%2Fwp%2Fv2%2Fproduct_cat&post=6363"},{"taxonomy":"product_tag","embeddable":true,"href":"https:\/\/girlyangy.fr\/index.php?rest_route=%2Fwp%2Fv2%2Fproduct_tag&post=6363"}],"curies":[{"name":"wp","href":"https:\/\/api.w.org\/{rel}","templated":true}]}}