{"id":6371,"date":"2024-05-08T12:15:54","date_gmt":"2024-05-08T12:15:54","guid":{"rendered":"https:\/\/girlyangy.fr\/?post_type=product&#038;p=6371"},"modified":"2024-09-28T07:11:26","modified_gmt":"2024-09-28T07:11:26","slug":"senteur-aspirateur","status":"publish","type":"product","link":"https:\/\/girlyangy.fr\/?product=senteur-aspirateur","title":{"rendered":"Senteur aspirateur"},"content":{"rendered":"","protected":false},"excerpt":{"rendered":"<p><strong><\/strong><\/p>\n<h2><strong>Description<\/strong><\/h2>\n<div class=\"product-description\">\n<p style=\"min-height: 0px;min-width: 0px;margin-top: 0px;margin-bottom: 1rem\"><strong style=\"min-height: 0px;min-width: 0px;font-weight: bolder\">AMBAR Perfums<\/strong><strong><span class=\"Apple-converted-space\">&nbsp;<\/span>propose une gamme compl\u00e8te de senteurs pour la voiture, les locaux professionnels ou l&rsquo;habitat.<\/strong><\/p>\n<p style=\"min-height: 0px;min-width: 0px;margin-top: 0px;margin-bottom: 1rem\"><strong>Ce produit est parfait pour toutes celles et ceux qui en ont marre des mauvaises odeurs stagnantes dans la cuve de leur aspirateur au bout de quelques jours.<\/strong><\/p>\n<p style=\"min-height: 0px;min-width: 0px;margin-top: 0px;margin-bottom: 1rem\"><strong>Le principe est tr\u00e8s simple: d\u00e9posez une petite quantit\u00e9 de produit au sol, aspirez le et laissez le ensuite diffuser une odeur d&rsquo;air propre et pur lorsque vous utiliserez votre aspirateur.<\/strong><\/p>\n<p style=\"min-height: 0px;min-width: 0px;margin-top: 0px;margin-bottom: 1rem\"><strong>Dans cette version<span class=\"Apple-converted-space\">&nbsp;<\/span>, il diffusera des notes rafra\u00eechissantes qui stimulent et oxyg\u00e8nent les sens.<\/strong><\/p>\n<\/div>\n","protected":false},"featured_media":6366,"comment_status":"open","ping_status":"closed","template":"","meta":[],"product_brand":[],"product_cat":[39,21],"product_tag":[],"class_list":{"0":"post-6371","1":"product","2":"type-product","3":"status-publish","4":"has-post-thumbnail","6":"product_cat-maisons","7":"product_cat-senteurs","8":"product_shipping_class-mondial-relay","10":"first","11":"instock","12":"shipping-taxable","13":"purchasable","14":"product-type-variable"},"yoast_head":"<!-- This site is optimized with the Yoast SEO plugin v27.4 - https:\/\/yoast.com\/product\/yoast-seo-wordpress\/ -->\n<title>Senteur aspirateur - Girly Angy<\/title>\n<meta name=\"robots\" content=\"index, follow, max-snippet:-1, max-image-preview:large, max-video-preview:-1\" \/>\n<link rel=\"canonical\" href=\"https:\/\/girlyangy.fr\/?product=senteur-aspirateur\" \/>\n<meta property=\"og:locale\" content=\"fr_FR\" \/>\n<meta property=\"og:type\" content=\"article\" \/>\n<meta property=\"og:title\" content=\"Senteur aspirateur - Girly Angy\" \/>\n<meta property=\"og:description\" content=\"Description AMBAR Perfums&nbsp;propose une gamme compl\u00e8te de senteurs pour la voiture, les locaux professionnels ou l&#039;habitat. Ce produit est parfait pour toutes celles et ceux qui en ont marre des mauvaises odeurs stagnantes dans la cuve de leur aspirateur au bout de quelques jours. Le principe est tr\u00e8s simple: d\u00e9posez une petite quantit\u00e9 de produit au sol, aspirez le et laissez le ensuite diffuser une odeur d&#039;air propre et pur lorsque vous utiliserez votre aspirateur. Dans cette version&nbsp;, il diffusera des notes rafra\u00eechissantes qui stimulent et oxyg\u00e8nent les sens.\" \/>\n<meta property=\"og:url\" content=\"https:\/\/girlyangy.fr\/?product=senteur-aspirateur\" \/>\n<meta property=\"og:site_name\" content=\"Girly Angy\" \/>\n<meta property=\"article:publisher\" content=\"https:\/\/www.facebook.com\/profile.php?id=100070618441117\" \/>\n<meta property=\"article:modified_time\" content=\"2024-09-28T07:11:26+00:00\" \/>\n<meta property=\"og:image\" content=\"https:\/\/i0.wp.com\/girlyangy.fr\/wp-content\/uploads\/2024\/05\/photoroom_20240508_141204.jpeg?fit=799%2C709&ssl=1\" \/>\n\t<meta property=\"og:image:width\" content=\"799\" \/>\n\t<meta property=\"og:image:height\" content=\"709\" \/>\n\t<meta property=\"og:image:type\" content=\"image\/jpeg\" \/>\n<meta name=\"twitter:card\" content=\"summary_large_image\" \/>\n<script type=\"application\/ld+json\" class=\"yoast-schema-graph\">{\"@context\":\"https:\\\/\\\/schema.org\",\"@graph\":[{\"@type\":\"WebPage\",\"@id\":\"https:\\\/\\\/girlyangy.fr\\\/?product=senteur-aspirateur\",\"url\":\"https:\\\/\\\/girlyangy.fr\\\/?product=senteur-aspirateur\",\"name\":\"Senteur aspirateur - Girly Angy\",\"isPartOf\":{\"@id\":\"https:\\\/\\\/girlyangy.fr\\\/#website\"},\"primaryImageOfPage\":{\"@id\":\"https:\\\/\\\/girlyangy.fr\\\/?product=senteur-aspirateur#primaryimage\"},\"image\":{\"@id\":\"https:\\\/\\\/girlyangy.fr\\\/?product=senteur-aspirateur#primaryimage\"},\"thumbnailUrl\":\"https:\\\/\\\/i0.wp.com\\\/girlyangy.fr\\\/wp-content\\\/uploads\\\/2024\\\/05\\\/photoroom_20240508_141204.jpeg?fit=799%2C709&ssl=1\",\"datePublished\":\"2024-05-08T12:15:54+00:00\",\"dateModified\":\"2024-09-28T07:11:26+00:00\",\"breadcrumb\":{\"@id\":\"https:\\\/\\\/girlyangy.fr\\\/?product=senteur-aspirateur#breadcrumb\"},\"inLanguage\":\"fr-FR\",\"potentialAction\":[{\"@type\":\"ReadAction\",\"target\":[\"https:\\\/\\\/girlyangy.fr\\\/?product=senteur-aspirateur\"]}]},{\"@type\":\"ImageObject\",\"inLanguage\":\"fr-FR\",\"@id\":\"https:\\\/\\\/girlyangy.fr\\\/?product=senteur-aspirateur#primaryimage\",\"url\":\"https:\\\/\\\/i0.wp.com\\\/girlyangy.fr\\\/wp-content\\\/uploads\\\/2024\\\/05\\\/photoroom_20240508_141204.jpeg?fit=799%2C709&ssl=1\",\"contentUrl\":\"https:\\\/\\\/i0.wp.com\\\/girlyangy.fr\\\/wp-content\\\/uploads\\\/2024\\\/05\\\/photoroom_20240508_141204.jpeg?fit=799%2C709&ssl=1\",\"width\":799,\"height\":709},{\"@type\":\"BreadcrumbList\",\"@id\":\"https:\\\/\\\/girlyangy.fr\\\/?product=senteur-aspirateur#breadcrumb\",\"itemListElement\":[{\"@type\":\"ListItem\",\"position\":1,\"name\":\"Accueil\",\"item\":\"https:\\\/\\\/girlyangy.fr\\\/\"},{\"@type\":\"ListItem\",\"position\":2,\"name\":\"boutique\",\"item\":\"https:\\\/\\\/girlyangy.fr\\\/?page_id=5\"},{\"@type\":\"ListItem\",\"position\":3,\"name\":\"Senteur aspirateur\"}]},{\"@type\":\"WebSite\",\"@id\":\"https:\\\/\\\/girlyangy.fr\\\/#website\",\"url\":\"https:\\\/\\\/girlyangy.fr\\\/\",\"name\":\"Girly Angy\",\"description\":\"R\u00e9v\u00e9lez votre f\u00e9minit\u00e9\",\"publisher\":{\"@id\":\"https:\\\/\\\/girlyangy.fr\\\/#organization\"},\"potentialAction\":[{\"@type\":\"SearchAction\",\"target\":{\"@type\":\"EntryPoint\",\"urlTemplate\":\"https:\\\/\\\/girlyangy.fr\\\/?s={search_term_string}\"},\"query-input\":{\"@type\":\"PropertyValueSpecification\",\"valueRequired\":true,\"valueName\":\"search_term_string\"}}],\"inLanguage\":\"fr-FR\"},{\"@type\":\"Organization\",\"@id\":\"https:\\\/\\\/girlyangy.fr\\\/#organization\",\"name\":\"Girly Angy\",\"url\":\"https:\\\/\\\/girlyangy.fr\\\/\",\"logo\":{\"@type\":\"ImageObject\",\"inLanguage\":\"fr-FR\",\"@id\":\"https:\\\/\\\/girlyangy.fr\\\/#\\\/schema\\\/logo\\\/image\\\/\",\"url\":\"https:\\\/\\\/girlyangy.fr\\\/wp-content\\\/uploads\\\/2023\\\/02\\\/cropped-logo-girly-angy.png\",\"contentUrl\":\"https:\\\/\\\/girlyangy.fr\\\/wp-content\\\/uploads\\\/2023\\\/02\\\/cropped-logo-girly-angy.png\",\"width\":512,\"height\":512,\"caption\":\"Girly Angy\"},\"image\":{\"@id\":\"https:\\\/\\\/girlyangy.fr\\\/#\\\/schema\\\/logo\\\/image\\\/\"},\"sameAs\":[\"https:\\\/\\\/www.facebook.com\\\/profile.php?id=100070618441117\",\"https:\\\/\\\/www.instagram.com\\\/girly.shop76\"]}]}<\/script>\n<!-- \/ Yoast SEO plugin. -->","yoast_head_json":{"title":"Senteur aspirateur - Girly Angy","robots":{"index":"index","follow":"follow","max-snippet":"max-snippet:-1","max-image-preview":"max-image-preview:large","max-video-preview":"max-video-preview:-1"},"canonical":"https:\/\/girlyangy.fr\/?product=senteur-aspirateur","og_locale":"fr_FR","og_type":"article","og_title":"Senteur aspirateur - Girly Angy","og_description":"Description AMBAR Perfums&nbsp;propose une gamme compl\u00e8te de senteurs pour la voiture, les locaux professionnels ou l'habitat. Ce produit est parfait pour toutes celles et ceux qui en ont marre des mauvaises odeurs stagnantes dans la cuve de leur aspirateur au bout de quelques jours. Le principe est tr\u00e8s simple: d\u00e9posez une petite quantit\u00e9 de produit au sol, aspirez le et laissez le ensuite diffuser une odeur d'air propre et pur lorsque vous utiliserez votre aspirateur. Dans cette version&nbsp;, il diffusera des notes rafra\u00eechissantes qui stimulent et oxyg\u00e8nent les sens.","og_url":"https:\/\/girlyangy.fr\/?product=senteur-aspirateur","og_site_name":"Girly Angy","article_publisher":"https:\/\/www.facebook.com\/profile.php?id=100070618441117","article_modified_time":"2024-09-28T07:11:26+00:00","og_image":[{"width":799,"height":709,"url":"https:\/\/i0.wp.com\/girlyangy.fr\/wp-content\/uploads\/2024\/05\/photoroom_20240508_141204.jpeg?fit=799%2C709&ssl=1","type":"image\/jpeg"}],"twitter_card":"summary_large_image","schema":{"@context":"https:\/\/schema.org","@graph":[{"@type":"WebPage","@id":"https:\/\/girlyangy.fr\/?product=senteur-aspirateur","url":"https:\/\/girlyangy.fr\/?product=senteur-aspirateur","name":"Senteur aspirateur - Girly Angy","isPartOf":{"@id":"https:\/\/girlyangy.fr\/#website"},"primaryImageOfPage":{"@id":"https:\/\/girlyangy.fr\/?product=senteur-aspirateur#primaryimage"},"image":{"@id":"https:\/\/girlyangy.fr\/?product=senteur-aspirateur#primaryimage"},"thumbnailUrl":"https:\/\/i0.wp.com\/girlyangy.fr\/wp-content\/uploads\/2024\/05\/photoroom_20240508_141204.jpeg?fit=799%2C709&ssl=1","datePublished":"2024-05-08T12:15:54+00:00","dateModified":"2024-09-28T07:11:26+00:00","breadcrumb":{"@id":"https:\/\/girlyangy.fr\/?product=senteur-aspirateur#breadcrumb"},"inLanguage":"fr-FR","potentialAction":[{"@type":"ReadAction","target":["https:\/\/girlyangy.fr\/?product=senteur-aspirateur"]}]},{"@type":"ImageObject","inLanguage":"fr-FR","@id":"https:\/\/girlyangy.fr\/?product=senteur-aspirateur#primaryimage","url":"https:\/\/i0.wp.com\/girlyangy.fr\/wp-content\/uploads\/2024\/05\/photoroom_20240508_141204.jpeg?fit=799%2C709&ssl=1","contentUrl":"https:\/\/i0.wp.com\/girlyangy.fr\/wp-content\/uploads\/2024\/05\/photoroom_20240508_141204.jpeg?fit=799%2C709&ssl=1","width":799,"height":709},{"@type":"BreadcrumbList","@id":"https:\/\/girlyangy.fr\/?product=senteur-aspirateur#breadcrumb","itemListElement":[{"@type":"ListItem","position":1,"name":"Accueil","item":"https:\/\/girlyangy.fr\/"},{"@type":"ListItem","position":2,"name":"boutique","item":"https:\/\/girlyangy.fr\/?page_id=5"},{"@type":"ListItem","position":3,"name":"Senteur aspirateur"}]},{"@type":"WebSite","@id":"https:\/\/girlyangy.fr\/#website","url":"https:\/\/girlyangy.fr\/","name":"Girly Angy","description":"R\u00e9v\u00e9lez votre f\u00e9minit\u00e9","publisher":{"@id":"https:\/\/girlyangy.fr\/#organization"},"potentialAction":[{"@type":"SearchAction","target":{"@type":"EntryPoint","urlTemplate":"https:\/\/girlyangy.fr\/?s={search_term_string}"},"query-input":{"@type":"PropertyValueSpecification","valueRequired":true,"valueName":"search_term_string"}}],"inLanguage":"fr-FR"},{"@type":"Organization","@id":"https:\/\/girlyangy.fr\/#organization","name":"Girly Angy","url":"https:\/\/girlyangy.fr\/","logo":{"@type":"ImageObject","inLanguage":"fr-FR","@id":"https:\/\/girlyangy.fr\/#\/schema\/logo\/image\/","url":"https:\/\/girlyangy.fr\/wp-content\/uploads\/2023\/02\/cropped-logo-girly-angy.png","contentUrl":"https:\/\/girlyangy.fr\/wp-content\/uploads\/2023\/02\/cropped-logo-girly-angy.png","width":512,"height":512,"caption":"Girly Angy"},"image":{"@id":"https:\/\/girlyangy.fr\/#\/schema\/logo\/image\/"},"sameAs":["https:\/\/www.facebook.com\/profile.php?id=100070618441117","https:\/\/www.instagram.com\/girly.shop76"]}]}},"jetpack_sharing_enabled":true,"_links":{"self":[{"href":"https:\/\/girlyangy.fr\/index.php?rest_route=\/wp\/v2\/product\/6371","targetHints":{"allow":["GET"]}}],"collection":[{"href":"https:\/\/girlyangy.fr\/index.php?rest_route=\/wp\/v2\/product"}],"about":[{"href":"https:\/\/girlyangy.fr\/index.php?rest_route=\/wp\/v2\/types\/product"}],"replies":[{"embeddable":true,"href":"https:\/\/girlyangy.fr\/index.php?rest_route=%2Fwp%2Fv2%2Fcomments&post=6371"}],"wp:featuredmedia":[{"embeddable":true,"href":"https:\/\/girlyangy.fr\/index.php?rest_route=\/wp\/v2\/media\/6366"}],"wp:attachment":[{"href":"https:\/\/girlyangy.fr\/index.php?rest_route=%2Fwp%2Fv2%2Fmedia&parent=6371"}],"wp:term":[{"taxonomy":"product_brand","embeddable":true,"href":"https:\/\/girlyangy.fr\/index.php?rest_route=%2Fwp%2Fv2%2Fproduct_brand&post=6371"},{"taxonomy":"product_cat","embeddable":true,"href":"https:\/\/girlyangy.fr\/index.php?rest_route=%2Fwp%2Fv2%2Fproduct_cat&post=6371"},{"taxonomy":"product_tag","embeddable":true,"href":"https:\/\/girlyangy.fr\/index.php?rest_route=%2Fwp%2Fv2%2Fproduct_tag&post=6371"}],"curies":[{"name":"wp","href":"https:\/\/api.w.org\/{rel}","templated":true}]}}