{"id":6380,"date":"2024-05-08T12:28:57","date_gmt":"2024-05-08T12:28:57","guid":{"rendered":"https:\/\/girlyangy.fr\/?post_type=product&#038;p=6380"},"modified":"2024-05-08T12:31:28","modified_gmt":"2024-05-08T12:31:28","slug":"lingettes-hydroalcooliques","status":"publish","type":"product","link":"https:\/\/girlyangy.fr\/?product=lingettes-hydroalcooliques","title":{"rendered":"Lingettes Hydroalcooliques"},"content":{"rendered":"<p><span style=\"font-family:\">Lingettes hydroalcooliques \u00e0 70% d&rsquo;alcool. Nettoyez soigneusement vos mains en enlevant la salet\u00e9.<\/span><br \/>\n<span style=\"font-family:\">Formul\u00e9 avec de l&rsquo;Aloe Vera et de la Provitamine B5 pour prendre soin et dorloter vos mains tout en les d\u00e9sinfectant. Biod\u00e9gradable.<\/span><\/p>\n","protected":false},"excerpt":{"rendered":"<p>Lingettes hydroalcooliques \u00e0 70% d&rsquo;alcool. Nettoyez soigneusement vos mains en enlevant la salet\u00e9. Formul\u00e9 avec de l&rsquo;Aloe Vera et de la Provitamine B5 pour prendre soin et dorloter vos mains tout en les d\u00e9sinfectant. Biod\u00e9gradable.<\/p>\n","protected":false},"featured_media":6378,"comment_status":"open","ping_status":"closed","template":"","meta":[],"product_brand":[],"product_cat":[169,43],"product_tag":[],"class_list":{"0":"post-6380","1":"product","2":"type-product","3":"status-publish","4":"has-post-thumbnail","6":"product_cat-bien-etre","7":"product_cat-soins-du-corps","8":"product_shipping_class-mondial-relay","10":"first","11":"instock","12":"shipping-taxable","13":"purchasable","14":"product-type-variable"},"yoast_head":"<!-- This site is optimized with the Yoast SEO plugin v27.4 - https:\/\/yoast.com\/product\/yoast-seo-wordpress\/ -->\n<title>Lingettes Hydroalcooliques - Girly Angy<\/title>\n<meta name=\"robots\" content=\"index, follow, max-snippet:-1, max-image-preview:large, max-video-preview:-1\" \/>\n<link rel=\"canonical\" href=\"https:\/\/girlyangy.fr\/?product=lingettes-hydroalcooliques\" \/>\n<meta property=\"og:locale\" content=\"fr_FR\" \/>\n<meta property=\"og:type\" content=\"article\" \/>\n<meta property=\"og:title\" content=\"Lingettes Hydroalcooliques - Girly Angy\" \/>\n<meta property=\"og:description\" content=\"Lingettes hydroalcooliques \u00e0 70% d&rsquo;alcool. Nettoyez soigneusement vos mains en enlevant la salet\u00e9. Formul\u00e9 avec de l&rsquo;Aloe Vera et de la Provitamine B5 pour prendre soin et dorloter vos mains tout en les d\u00e9sinfectant. Biod\u00e9gradable.\" \/>\n<meta property=\"og:url\" content=\"https:\/\/girlyangy.fr\/?product=lingettes-hydroalcooliques\" \/>\n<meta property=\"og:site_name\" content=\"Girly Angy\" \/>\n<meta property=\"article:publisher\" content=\"https:\/\/www.facebook.com\/profile.php?id=100070618441117\" \/>\n<meta property=\"article:modified_time\" content=\"2024-05-08T12:31:28+00:00\" \/>\n<meta property=\"og:image\" content=\"https:\/\/i0.wp.com\/girlyangy.fr\/wp-content\/uploads\/2024\/05\/1000022733.jpg?fit=1200%2C1200&ssl=1\" \/>\n\t<meta property=\"og:image:width\" content=\"1200\" \/>\n\t<meta property=\"og:image:height\" content=\"1200\" \/>\n\t<meta property=\"og:image:type\" content=\"image\/jpeg\" \/>\n<meta name=\"twitter:card\" content=\"summary_large_image\" \/>\n<script type=\"application\/ld+json\" class=\"yoast-schema-graph\">{\"@context\":\"https:\\\/\\\/schema.org\",\"@graph\":[{\"@type\":\"WebPage\",\"@id\":\"https:\\\/\\\/girlyangy.fr\\\/?product=lingettes-hydroalcooliques\",\"url\":\"https:\\\/\\\/girlyangy.fr\\\/?product=lingettes-hydroalcooliques\",\"name\":\"Lingettes Hydroalcooliques - Girly Angy\",\"isPartOf\":{\"@id\":\"https:\\\/\\\/girlyangy.fr\\\/#website\"},\"primaryImageOfPage\":{\"@id\":\"https:\\\/\\\/girlyangy.fr\\\/?product=lingettes-hydroalcooliques#primaryimage\"},\"image\":{\"@id\":\"https:\\\/\\\/girlyangy.fr\\\/?product=lingettes-hydroalcooliques#primaryimage\"},\"thumbnailUrl\":\"https:\\\/\\\/i0.wp.com\\\/girlyangy.fr\\\/wp-content\\\/uploads\\\/2024\\\/05\\\/1000022733.jpg?fit=1200%2C1200&ssl=1\",\"datePublished\":\"2024-05-08T12:28:57+00:00\",\"dateModified\":\"2024-05-08T12:31:28+00:00\",\"breadcrumb\":{\"@id\":\"https:\\\/\\\/girlyangy.fr\\\/?product=lingettes-hydroalcooliques#breadcrumb\"},\"inLanguage\":\"fr-FR\",\"potentialAction\":[{\"@type\":\"ReadAction\",\"target\":[\"https:\\\/\\\/girlyangy.fr\\\/?product=lingettes-hydroalcooliques\"]}]},{\"@type\":\"ImageObject\",\"inLanguage\":\"fr-FR\",\"@id\":\"https:\\\/\\\/girlyangy.fr\\\/?product=lingettes-hydroalcooliques#primaryimage\",\"url\":\"https:\\\/\\\/i0.wp.com\\\/girlyangy.fr\\\/wp-content\\\/uploads\\\/2024\\\/05\\\/1000022733.jpg?fit=1200%2C1200&ssl=1\",\"contentUrl\":\"https:\\\/\\\/i0.wp.com\\\/girlyangy.fr\\\/wp-content\\\/uploads\\\/2024\\\/05\\\/1000022733.jpg?fit=1200%2C1200&ssl=1\",\"width\":1200,\"height\":1200},{\"@type\":\"BreadcrumbList\",\"@id\":\"https:\\\/\\\/girlyangy.fr\\\/?product=lingettes-hydroalcooliques#breadcrumb\",\"itemListElement\":[{\"@type\":\"ListItem\",\"position\":1,\"name\":\"Accueil\",\"item\":\"https:\\\/\\\/girlyangy.fr\\\/\"},{\"@type\":\"ListItem\",\"position\":2,\"name\":\"boutique\",\"item\":\"https:\\\/\\\/girlyangy.fr\\\/?page_id=5\"},{\"@type\":\"ListItem\",\"position\":3,\"name\":\"Lingettes Hydroalcooliques\"}]},{\"@type\":\"WebSite\",\"@id\":\"https:\\\/\\\/girlyangy.fr\\\/#website\",\"url\":\"https:\\\/\\\/girlyangy.fr\\\/\",\"name\":\"Girly Angy\",\"description\":\"R\u00e9v\u00e9lez votre f\u00e9minit\u00e9\",\"publisher\":{\"@id\":\"https:\\\/\\\/girlyangy.fr\\\/#organization\"},\"potentialAction\":[{\"@type\":\"SearchAction\",\"target\":{\"@type\":\"EntryPoint\",\"urlTemplate\":\"https:\\\/\\\/girlyangy.fr\\\/?s={search_term_string}\"},\"query-input\":{\"@type\":\"PropertyValueSpecification\",\"valueRequired\":true,\"valueName\":\"search_term_string\"}}],\"inLanguage\":\"fr-FR\"},{\"@type\":\"Organization\",\"@id\":\"https:\\\/\\\/girlyangy.fr\\\/#organization\",\"name\":\"Girly Angy\",\"url\":\"https:\\\/\\\/girlyangy.fr\\\/\",\"logo\":{\"@type\":\"ImageObject\",\"inLanguage\":\"fr-FR\",\"@id\":\"https:\\\/\\\/girlyangy.fr\\\/#\\\/schema\\\/logo\\\/image\\\/\",\"url\":\"https:\\\/\\\/girlyangy.fr\\\/wp-content\\\/uploads\\\/2023\\\/02\\\/cropped-logo-girly-angy.png\",\"contentUrl\":\"https:\\\/\\\/girlyangy.fr\\\/wp-content\\\/uploads\\\/2023\\\/02\\\/cropped-logo-girly-angy.png\",\"width\":512,\"height\":512,\"caption\":\"Girly Angy\"},\"image\":{\"@id\":\"https:\\\/\\\/girlyangy.fr\\\/#\\\/schema\\\/logo\\\/image\\\/\"},\"sameAs\":[\"https:\\\/\\\/www.facebook.com\\\/profile.php?id=100070618441117\",\"https:\\\/\\\/www.instagram.com\\\/girly.shop76\"]}]}<\/script>\n<!-- \/ Yoast SEO plugin. -->","yoast_head_json":{"title":"Lingettes Hydroalcooliques - Girly Angy","robots":{"index":"index","follow":"follow","max-snippet":"max-snippet:-1","max-image-preview":"max-image-preview:large","max-video-preview":"max-video-preview:-1"},"canonical":"https:\/\/girlyangy.fr\/?product=lingettes-hydroalcooliques","og_locale":"fr_FR","og_type":"article","og_title":"Lingettes Hydroalcooliques - Girly Angy","og_description":"Lingettes hydroalcooliques \u00e0 70% d&rsquo;alcool. Nettoyez soigneusement vos mains en enlevant la salet\u00e9. Formul\u00e9 avec de l&rsquo;Aloe Vera et de la Provitamine B5 pour prendre soin et dorloter vos mains tout en les d\u00e9sinfectant. Biod\u00e9gradable.","og_url":"https:\/\/girlyangy.fr\/?product=lingettes-hydroalcooliques","og_site_name":"Girly Angy","article_publisher":"https:\/\/www.facebook.com\/profile.php?id=100070618441117","article_modified_time":"2024-05-08T12:31:28+00:00","og_image":[{"width":1200,"height":1200,"url":"https:\/\/i0.wp.com\/girlyangy.fr\/wp-content\/uploads\/2024\/05\/1000022733.jpg?fit=1200%2C1200&ssl=1","type":"image\/jpeg"}],"twitter_card":"summary_large_image","schema":{"@context":"https:\/\/schema.org","@graph":[{"@type":"WebPage","@id":"https:\/\/girlyangy.fr\/?product=lingettes-hydroalcooliques","url":"https:\/\/girlyangy.fr\/?product=lingettes-hydroalcooliques","name":"Lingettes Hydroalcooliques - Girly Angy","isPartOf":{"@id":"https:\/\/girlyangy.fr\/#website"},"primaryImageOfPage":{"@id":"https:\/\/girlyangy.fr\/?product=lingettes-hydroalcooliques#primaryimage"},"image":{"@id":"https:\/\/girlyangy.fr\/?product=lingettes-hydroalcooliques#primaryimage"},"thumbnailUrl":"https:\/\/i0.wp.com\/girlyangy.fr\/wp-content\/uploads\/2024\/05\/1000022733.jpg?fit=1200%2C1200&ssl=1","datePublished":"2024-05-08T12:28:57+00:00","dateModified":"2024-05-08T12:31:28+00:00","breadcrumb":{"@id":"https:\/\/girlyangy.fr\/?product=lingettes-hydroalcooliques#breadcrumb"},"inLanguage":"fr-FR","potentialAction":[{"@type":"ReadAction","target":["https:\/\/girlyangy.fr\/?product=lingettes-hydroalcooliques"]}]},{"@type":"ImageObject","inLanguage":"fr-FR","@id":"https:\/\/girlyangy.fr\/?product=lingettes-hydroalcooliques#primaryimage","url":"https:\/\/i0.wp.com\/girlyangy.fr\/wp-content\/uploads\/2024\/05\/1000022733.jpg?fit=1200%2C1200&ssl=1","contentUrl":"https:\/\/i0.wp.com\/girlyangy.fr\/wp-content\/uploads\/2024\/05\/1000022733.jpg?fit=1200%2C1200&ssl=1","width":1200,"height":1200},{"@type":"BreadcrumbList","@id":"https:\/\/girlyangy.fr\/?product=lingettes-hydroalcooliques#breadcrumb","itemListElement":[{"@type":"ListItem","position":1,"name":"Accueil","item":"https:\/\/girlyangy.fr\/"},{"@type":"ListItem","position":2,"name":"boutique","item":"https:\/\/girlyangy.fr\/?page_id=5"},{"@type":"ListItem","position":3,"name":"Lingettes Hydroalcooliques"}]},{"@type":"WebSite","@id":"https:\/\/girlyangy.fr\/#website","url":"https:\/\/girlyangy.fr\/","name":"Girly Angy","description":"R\u00e9v\u00e9lez votre f\u00e9minit\u00e9","publisher":{"@id":"https:\/\/girlyangy.fr\/#organization"},"potentialAction":[{"@type":"SearchAction","target":{"@type":"EntryPoint","urlTemplate":"https:\/\/girlyangy.fr\/?s={search_term_string}"},"query-input":{"@type":"PropertyValueSpecification","valueRequired":true,"valueName":"search_term_string"}}],"inLanguage":"fr-FR"},{"@type":"Organization","@id":"https:\/\/girlyangy.fr\/#organization","name":"Girly Angy","url":"https:\/\/girlyangy.fr\/","logo":{"@type":"ImageObject","inLanguage":"fr-FR","@id":"https:\/\/girlyangy.fr\/#\/schema\/logo\/image\/","url":"https:\/\/girlyangy.fr\/wp-content\/uploads\/2023\/02\/cropped-logo-girly-angy.png","contentUrl":"https:\/\/girlyangy.fr\/wp-content\/uploads\/2023\/02\/cropped-logo-girly-angy.png","width":512,"height":512,"caption":"Girly Angy"},"image":{"@id":"https:\/\/girlyangy.fr\/#\/schema\/logo\/image\/"},"sameAs":["https:\/\/www.facebook.com\/profile.php?id=100070618441117","https:\/\/www.instagram.com\/girly.shop76"]}]}},"jetpack_sharing_enabled":true,"_links":{"self":[{"href":"https:\/\/girlyangy.fr\/index.php?rest_route=\/wp\/v2\/product\/6380","targetHints":{"allow":["GET"]}}],"collection":[{"href":"https:\/\/girlyangy.fr\/index.php?rest_route=\/wp\/v2\/product"}],"about":[{"href":"https:\/\/girlyangy.fr\/index.php?rest_route=\/wp\/v2\/types\/product"}],"replies":[{"embeddable":true,"href":"https:\/\/girlyangy.fr\/index.php?rest_route=%2Fwp%2Fv2%2Fcomments&post=6380"}],"wp:featuredmedia":[{"embeddable":true,"href":"https:\/\/girlyangy.fr\/index.php?rest_route=\/wp\/v2\/media\/6378"}],"wp:attachment":[{"href":"https:\/\/girlyangy.fr\/index.php?rest_route=%2Fwp%2Fv2%2Fmedia&parent=6380"}],"wp:term":[{"taxonomy":"product_brand","embeddable":true,"href":"https:\/\/girlyangy.fr\/index.php?rest_route=%2Fwp%2Fv2%2Fproduct_brand&post=6380"},{"taxonomy":"product_cat","embeddable":true,"href":"https:\/\/girlyangy.fr\/index.php?rest_route=%2Fwp%2Fv2%2Fproduct_cat&post=6380"},{"taxonomy":"product_tag","embeddable":true,"href":"https:\/\/girlyangy.fr\/index.php?rest_route=%2Fwp%2Fv2%2Fproduct_tag&post=6380"}],"curies":[{"name":"wp","href":"https:\/\/api.w.org\/{rel}","templated":true}]}}