{"id":641,"date":"2023-02-07T11:35:30","date_gmt":"2023-02-07T11:35:30","guid":{"rendered":"https:\/\/girlyangy.fr\/?post_type=product&#038;p=641"},"modified":"2024-05-21T05:53:12","modified_gmt":"2024-05-21T05:53:12","slug":"parfum-dinterieur-voiture","status":"publish","type":"product","link":"https:\/\/girlyangy.fr\/?product=parfum-dinterieur-voiture","title":{"rendered":"PARFUM D&rsquo;INT\u00c9RIEUR VOITURE"},"content":{"rendered":"<p>D\u00e9sodorisant pour voiture en format spray de la marque La Casa de Los Aromas.<\/p>\n<blockquote><p><i>Sweet Fun, fraise chantilly\u00a0<\/i>: Un parfum fruit\u00e9 intense, parfait pour les gourmands. Il rappelle l\u2019odeur des nuages de coton avec une touche gourmande. Le parfum a un fond d\u2019accords cr\u00e9meux, intenses et sucr\u00e9s.<\/p>\n<p><i>Glam chic, bois de santal et v\u00e9tiver :\u00a0<\/i>D\u00e9couvrez la fra\u00eecheur authentique du v\u00e9tiver exotique d\u2019Ha\u00efti et la chaleur du bois de santal d\u2019Australie. Une combinaison parfaite qui surprend les sens. Un parfum avec des notes de base \u00e9l\u00e9gantes de bois de c\u00e8dre, qui en combinaison cr\u00e9ent un parfum sophistiqu\u00e9 qui remplit n\u2019importe quelle pi\u00e8ce d\u2019\u00e9nergie positive<\/p>\n<p>Clean Air :\u00a0\u00a0effusion de notes rafra\u00eechissantes qui stimulent et oxyg\u00e8nent nos sens, pour ensuite les submerger de notes velout\u00e9es de fleurs de jasmin blanc, d\u2019orchid\u00e9e et de muguet.\u00a0Le fond de bois chauds et doux de patchouli, de santal et de benjoin s\u2019accompagne de la douceur de l\u2019ambre et des muscs.<\/p><\/blockquote>\n<ul>\n<li>Parfum intense et durable avec ingr\u00e9dients naturels<\/li>\n<li>Format spray pratique et facile \u00e0 utiliser<\/li>\n<\/ul>\n<p><em>100 ml<\/em> \u2013 <strong>FABRIQU\u00c9 EN ESPAGNE.\u00a0<\/strong><\/p>\n","protected":false},"excerpt":{"rendered":"<p>D\u00e9sodorisant pour voiture en format spray de la marque La Casa de Los Aromas. Sweet Fun, fraise chantilly\u00a0: Un parfum fruit\u00e9 intense, parfait pour les gourmands. Il rappelle l\u2019odeur des nuages de coton avec une touche gourmande. Le parfum a un fond d\u2019accords cr\u00e9meux, intenses et sucr\u00e9s. Glam chic, bois de santal et v\u00e9tiver :\u00a0D\u00e9couvrez [&hellip;]<\/p>\n","protected":false},"featured_media":704,"comment_status":"open","ping_status":"closed","template":"","meta":[],"product_brand":[],"product_cat":[38],"product_tag":[],"class_list":{"0":"post-641","1":"product","2":"type-product","3":"status-publish","4":"has-post-thumbnail","6":"product_cat-voitures","7":"product_shipping_class-mondial-relay","9":"first","10":"instock","11":"shipping-taxable","12":"purchasable","13":"product-type-variable"},"yoast_head":"<!-- This site is optimized with the Yoast SEO plugin v27.4 - https:\/\/yoast.com\/product\/yoast-seo-wordpress\/ -->\n<title>PARFUM D&#039;INT\u00c9RIEUR VOITURE - Girly Angy<\/title>\n<meta name=\"robots\" content=\"index, follow, max-snippet:-1, max-image-preview:large, max-video-preview:-1\" \/>\n<link rel=\"canonical\" href=\"https:\/\/girlyangy.fr\/?product=parfum-dinterieur-voiture\" \/>\n<meta property=\"og:locale\" content=\"fr_FR\" \/>\n<meta property=\"og:type\" content=\"article\" \/>\n<meta property=\"og:title\" content=\"PARFUM D&#039;INT\u00c9RIEUR VOITURE - Girly Angy\" \/>\n<meta property=\"og:description\" content=\"D\u00e9sodorisant pour voiture en format spray de la marque La Casa de Los Aromas. Sweet Fun, fraise chantilly\u00a0: Un parfum fruit\u00e9 intense, parfait pour les gourmands. Il rappelle l\u2019odeur des nuages de coton avec une touche gourmande. Le parfum a un fond d\u2019accords cr\u00e9meux, intenses et sucr\u00e9s. Glam chic, bois de santal et v\u00e9tiver :\u00a0D\u00e9couvrez [&hellip;]\" \/>\n<meta property=\"og:url\" content=\"https:\/\/girlyangy.fr\/?product=parfum-dinterieur-voiture\" \/>\n<meta property=\"og:site_name\" content=\"Girly Angy\" \/>\n<meta property=\"article:publisher\" content=\"https:\/\/www.facebook.com\/profile.php?id=100070618441117\" \/>\n<meta property=\"article:modified_time\" content=\"2024-05-21T05:53:12+00:00\" \/>\n<meta property=\"og:image\" content=\"https:\/\/girlyangy.fr\/wp-content\/uploads\/2023\/02\/fraise-et-creme-parfum-voiture.jpg\" \/>\n\t<meta property=\"og:image:width\" content=\"1600\" \/>\n\t<meta property=\"og:image:height\" content=\"1314\" \/>\n\t<meta property=\"og:image:type\" content=\"image\/jpeg\" \/>\n<meta name=\"twitter:card\" content=\"summary_large_image\" \/>\n<meta name=\"twitter:label1\" content=\"Dur\u00e9e de lecture estim\u00e9e\" \/>\n\t<meta name=\"twitter:data1\" content=\"1 minute\" \/>\n<script type=\"application\/ld+json\" class=\"yoast-schema-graph\">{\"@context\":\"https:\\\/\\\/schema.org\",\"@graph\":[{\"@type\":\"WebPage\",\"@id\":\"https:\\\/\\\/girlyangy.fr\\\/?product=parfum-dinterieur-voiture\",\"url\":\"https:\\\/\\\/girlyangy.fr\\\/?product=parfum-dinterieur-voiture\",\"name\":\"PARFUM D'INT\u00c9RIEUR VOITURE - Girly Angy\",\"isPartOf\":{\"@id\":\"https:\\\/\\\/girlyangy.fr\\\/#website\"},\"primaryImageOfPage\":{\"@id\":\"https:\\\/\\\/girlyangy.fr\\\/?product=parfum-dinterieur-voiture#primaryimage\"},\"image\":{\"@id\":\"https:\\\/\\\/girlyangy.fr\\\/?product=parfum-dinterieur-voiture#primaryimage\"},\"thumbnailUrl\":\"https:\\\/\\\/i0.wp.com\\\/girlyangy.fr\\\/wp-content\\\/uploads\\\/2023\\\/02\\\/fraise-et-creme-parfum-voiture.jpg?fit=1600%2C1314&ssl=1\",\"datePublished\":\"2023-02-07T11:35:30+00:00\",\"dateModified\":\"2024-05-21T05:53:12+00:00\",\"breadcrumb\":{\"@id\":\"https:\\\/\\\/girlyangy.fr\\\/?product=parfum-dinterieur-voiture#breadcrumb\"},\"inLanguage\":\"fr-FR\",\"potentialAction\":[{\"@type\":\"ReadAction\",\"target\":[\"https:\\\/\\\/girlyangy.fr\\\/?product=parfum-dinterieur-voiture\"]}]},{\"@type\":\"ImageObject\",\"inLanguage\":\"fr-FR\",\"@id\":\"https:\\\/\\\/girlyangy.fr\\\/?product=parfum-dinterieur-voiture#primaryimage\",\"url\":\"https:\\\/\\\/i0.wp.com\\\/girlyangy.fr\\\/wp-content\\\/uploads\\\/2023\\\/02\\\/fraise-et-creme-parfum-voiture.jpg?fit=1600%2C1314&ssl=1\",\"contentUrl\":\"https:\\\/\\\/i0.wp.com\\\/girlyangy.fr\\\/wp-content\\\/uploads\\\/2023\\\/02\\\/fraise-et-creme-parfum-voiture.jpg?fit=1600%2C1314&ssl=1\",\"width\":1600,\"height\":1314},{\"@type\":\"BreadcrumbList\",\"@id\":\"https:\\\/\\\/girlyangy.fr\\\/?product=parfum-dinterieur-voiture#breadcrumb\",\"itemListElement\":[{\"@type\":\"ListItem\",\"position\":1,\"name\":\"Accueil\",\"item\":\"https:\\\/\\\/girlyangy.fr\\\/\"},{\"@type\":\"ListItem\",\"position\":2,\"name\":\"boutique\",\"item\":\"https:\\\/\\\/girlyangy.fr\\\/?page_id=5\"},{\"@type\":\"ListItem\",\"position\":3,\"name\":\"PARFUM D&#8217;INT\u00c9RIEUR VOITURE\"}]},{\"@type\":\"WebSite\",\"@id\":\"https:\\\/\\\/girlyangy.fr\\\/#website\",\"url\":\"https:\\\/\\\/girlyangy.fr\\\/\",\"name\":\"Girly Angy\",\"description\":\"R\u00e9v\u00e9lez votre f\u00e9minit\u00e9\",\"publisher\":{\"@id\":\"https:\\\/\\\/girlyangy.fr\\\/#organization\"},\"potentialAction\":[{\"@type\":\"SearchAction\",\"target\":{\"@type\":\"EntryPoint\",\"urlTemplate\":\"https:\\\/\\\/girlyangy.fr\\\/?s={search_term_string}\"},\"query-input\":{\"@type\":\"PropertyValueSpecification\",\"valueRequired\":true,\"valueName\":\"search_term_string\"}}],\"inLanguage\":\"fr-FR\"},{\"@type\":\"Organization\",\"@id\":\"https:\\\/\\\/girlyangy.fr\\\/#organization\",\"name\":\"Girly Angy\",\"url\":\"https:\\\/\\\/girlyangy.fr\\\/\",\"logo\":{\"@type\":\"ImageObject\",\"inLanguage\":\"fr-FR\",\"@id\":\"https:\\\/\\\/girlyangy.fr\\\/#\\\/schema\\\/logo\\\/image\\\/\",\"url\":\"https:\\\/\\\/girlyangy.fr\\\/wp-content\\\/uploads\\\/2023\\\/02\\\/cropped-logo-girly-angy.png\",\"contentUrl\":\"https:\\\/\\\/girlyangy.fr\\\/wp-content\\\/uploads\\\/2023\\\/02\\\/cropped-logo-girly-angy.png\",\"width\":512,\"height\":512,\"caption\":\"Girly Angy\"},\"image\":{\"@id\":\"https:\\\/\\\/girlyangy.fr\\\/#\\\/schema\\\/logo\\\/image\\\/\"},\"sameAs\":[\"https:\\\/\\\/www.facebook.com\\\/profile.php?id=100070618441117\",\"https:\\\/\\\/www.instagram.com\\\/girly.shop76\"]}]}<\/script>\n<!-- \/ Yoast SEO plugin. -->","yoast_head_json":{"title":"PARFUM D'INT\u00c9RIEUR VOITURE - Girly Angy","robots":{"index":"index","follow":"follow","max-snippet":"max-snippet:-1","max-image-preview":"max-image-preview:large","max-video-preview":"max-video-preview:-1"},"canonical":"https:\/\/girlyangy.fr\/?product=parfum-dinterieur-voiture","og_locale":"fr_FR","og_type":"article","og_title":"PARFUM D'INT\u00c9RIEUR VOITURE - Girly Angy","og_description":"D\u00e9sodorisant pour voiture en format spray de la marque La Casa de Los Aromas. Sweet Fun, fraise chantilly\u00a0: Un parfum fruit\u00e9 intense, parfait pour les gourmands. Il rappelle l\u2019odeur des nuages de coton avec une touche gourmande. Le parfum a un fond d\u2019accords cr\u00e9meux, intenses et sucr\u00e9s. Glam chic, bois de santal et v\u00e9tiver :\u00a0D\u00e9couvrez [&hellip;]","og_url":"https:\/\/girlyangy.fr\/?product=parfum-dinterieur-voiture","og_site_name":"Girly Angy","article_publisher":"https:\/\/www.facebook.com\/profile.php?id=100070618441117","article_modified_time":"2024-05-21T05:53:12+00:00","og_image":[{"width":1600,"height":1314,"url":"https:\/\/girlyangy.fr\/wp-content\/uploads\/2023\/02\/fraise-et-creme-parfum-voiture.jpg","type":"image\/jpeg"}],"twitter_card":"summary_large_image","twitter_misc":{"Dur\u00e9e de lecture estim\u00e9e":"1 minute"},"schema":{"@context":"https:\/\/schema.org","@graph":[{"@type":"WebPage","@id":"https:\/\/girlyangy.fr\/?product=parfum-dinterieur-voiture","url":"https:\/\/girlyangy.fr\/?product=parfum-dinterieur-voiture","name":"PARFUM D'INT\u00c9RIEUR VOITURE - Girly Angy","isPartOf":{"@id":"https:\/\/girlyangy.fr\/#website"},"primaryImageOfPage":{"@id":"https:\/\/girlyangy.fr\/?product=parfum-dinterieur-voiture#primaryimage"},"image":{"@id":"https:\/\/girlyangy.fr\/?product=parfum-dinterieur-voiture#primaryimage"},"thumbnailUrl":"https:\/\/i0.wp.com\/girlyangy.fr\/wp-content\/uploads\/2023\/02\/fraise-et-creme-parfum-voiture.jpg?fit=1600%2C1314&ssl=1","datePublished":"2023-02-07T11:35:30+00:00","dateModified":"2024-05-21T05:53:12+00:00","breadcrumb":{"@id":"https:\/\/girlyangy.fr\/?product=parfum-dinterieur-voiture#breadcrumb"},"inLanguage":"fr-FR","potentialAction":[{"@type":"ReadAction","target":["https:\/\/girlyangy.fr\/?product=parfum-dinterieur-voiture"]}]},{"@type":"ImageObject","inLanguage":"fr-FR","@id":"https:\/\/girlyangy.fr\/?product=parfum-dinterieur-voiture#primaryimage","url":"https:\/\/i0.wp.com\/girlyangy.fr\/wp-content\/uploads\/2023\/02\/fraise-et-creme-parfum-voiture.jpg?fit=1600%2C1314&ssl=1","contentUrl":"https:\/\/i0.wp.com\/girlyangy.fr\/wp-content\/uploads\/2023\/02\/fraise-et-creme-parfum-voiture.jpg?fit=1600%2C1314&ssl=1","width":1600,"height":1314},{"@type":"BreadcrumbList","@id":"https:\/\/girlyangy.fr\/?product=parfum-dinterieur-voiture#breadcrumb","itemListElement":[{"@type":"ListItem","position":1,"name":"Accueil","item":"https:\/\/girlyangy.fr\/"},{"@type":"ListItem","position":2,"name":"boutique","item":"https:\/\/girlyangy.fr\/?page_id=5"},{"@type":"ListItem","position":3,"name":"PARFUM D&#8217;INT\u00c9RIEUR VOITURE"}]},{"@type":"WebSite","@id":"https:\/\/girlyangy.fr\/#website","url":"https:\/\/girlyangy.fr\/","name":"Girly Angy","description":"R\u00e9v\u00e9lez votre f\u00e9minit\u00e9","publisher":{"@id":"https:\/\/girlyangy.fr\/#organization"},"potentialAction":[{"@type":"SearchAction","target":{"@type":"EntryPoint","urlTemplate":"https:\/\/girlyangy.fr\/?s={search_term_string}"},"query-input":{"@type":"PropertyValueSpecification","valueRequired":true,"valueName":"search_term_string"}}],"inLanguage":"fr-FR"},{"@type":"Organization","@id":"https:\/\/girlyangy.fr\/#organization","name":"Girly Angy","url":"https:\/\/girlyangy.fr\/","logo":{"@type":"ImageObject","inLanguage":"fr-FR","@id":"https:\/\/girlyangy.fr\/#\/schema\/logo\/image\/","url":"https:\/\/girlyangy.fr\/wp-content\/uploads\/2023\/02\/cropped-logo-girly-angy.png","contentUrl":"https:\/\/girlyangy.fr\/wp-content\/uploads\/2023\/02\/cropped-logo-girly-angy.png","width":512,"height":512,"caption":"Girly Angy"},"image":{"@id":"https:\/\/girlyangy.fr\/#\/schema\/logo\/image\/"},"sameAs":["https:\/\/www.facebook.com\/profile.php?id=100070618441117","https:\/\/www.instagram.com\/girly.shop76"]}]}},"jetpack_sharing_enabled":true,"_links":{"self":[{"href":"https:\/\/girlyangy.fr\/index.php?rest_route=\/wp\/v2\/product\/641","targetHints":{"allow":["GET"]}}],"collection":[{"href":"https:\/\/girlyangy.fr\/index.php?rest_route=\/wp\/v2\/product"}],"about":[{"href":"https:\/\/girlyangy.fr\/index.php?rest_route=\/wp\/v2\/types\/product"}],"replies":[{"embeddable":true,"href":"https:\/\/girlyangy.fr\/index.php?rest_route=%2Fwp%2Fv2%2Fcomments&post=641"}],"wp:featuredmedia":[{"embeddable":true,"href":"https:\/\/girlyangy.fr\/index.php?rest_route=\/wp\/v2\/media\/704"}],"wp:attachment":[{"href":"https:\/\/girlyangy.fr\/index.php?rest_route=%2Fwp%2Fv2%2Fmedia&parent=641"}],"wp:term":[{"taxonomy":"product_brand","embeddable":true,"href":"https:\/\/girlyangy.fr\/index.php?rest_route=%2Fwp%2Fv2%2Fproduct_brand&post=641"},{"taxonomy":"product_cat","embeddable":true,"href":"https:\/\/girlyangy.fr\/index.php?rest_route=%2Fwp%2Fv2%2Fproduct_cat&post=641"},{"taxonomy":"product_tag","embeddable":true,"href":"https:\/\/girlyangy.fr\/index.php?rest_route=%2Fwp%2Fv2%2Fproduct_tag&post=641"}],"curies":[{"name":"wp","href":"https:\/\/api.w.org\/{rel}","templated":true}]}}