{"id":741,"date":"2023-02-07T14:18:41","date_gmt":"2023-02-07T14:18:41","guid":{"rendered":"https:\/\/girlyangy.fr\/?post_type=product&#038;p=741"},"modified":"2024-05-07T22:01:53","modified_gmt":"2024-05-07T22:01:53","slug":"spray-245-ml","status":"publish","type":"product","link":"https:\/\/girlyangy.fr\/?product=spray-245-ml","title":{"rendered":"SPRAY 245 ml"},"content":{"rendered":"<p>Spray d\u00e9sodorisant avec un ar\u00f4me fruit\u00e9 de melon ou fraise chantilly , de chez The Fruit Compagny.<\/p>\n<ul>\n<li>Formul\u00e9 avec des extraits naturels<\/li>\n<li>base hydroalcoolique<\/li>\n<\/ul>\n<p>Le spray convient aux tissus, absorbe les odeurs et\u2026 Ne tache pas !\u00a0Il est formul\u00e9 avec une mol\u00e9cule capable d\u2019\u00e9liminer les particules g\u00e9n\u00e9ratrices de mauvaises odeurs. Id\u00e9al pour les espaces avec animaux, salle de bain, tissus, odeur de tabac ou encore la cuisine.<\/p>\n<p><em>250 ml\u00a0<\/em><\/p>\n<p>D\u00e9sodorisant en spray pistolet de Ecohappy.<\/p>\n<blockquote><p>Parfum fra\u00eecheur m\u00e9diterran\u00e9enne, inspir\u00e9 de la brise marine.<\/p><\/blockquote>\n<ul>\n<li>Ar\u00f4mes et essences naturelles,<\/li>\n<li>Parfum de longue dur\u00e9e,<\/li>\n<li>Mat\u00e9riaux durables.<\/li>\n<\/ul>\n<p>Parfume d\u00e9licatement chaque recoin d\u2019une maison ainsi que les tissus et les textiles d\u2019int\u00e9rieurs (coussins, v\u00eatements, rideaux, couvertures\u2026).<\/p>\n<p><em>245 ml\u00a0<\/em><\/p>\n","protected":false},"excerpt":{"rendered":"<p>Spray d\u00e9sodorisant avec un ar\u00f4me fruit\u00e9 de melon ou fraise chantilly , de chez The Fruit Compagny. Formul\u00e9 avec des extraits naturels base hydroalcoolique Le spray convient aux tissus, absorbe les odeurs et\u2026 Ne tache pas !\u00a0Il est formul\u00e9 avec une mol\u00e9cule capable d\u2019\u00e9liminer les particules g\u00e9n\u00e9ratrices de mauvaises odeurs. Id\u00e9al pour les espaces avec [&hellip;]<\/p>\n","protected":false},"featured_media":744,"comment_status":"open","ping_status":"closed","template":"","meta":[],"product_brand":[],"product_cat":[39],"product_tag":[],"class_list":{"0":"post-741","1":"product","2":"type-product","3":"status-publish","4":"has-post-thumbnail","6":"product_cat-maisons","7":"product_shipping_class-mondial-relay","9":"first","10":"instock","11":"shipping-taxable","12":"purchasable","13":"product-type-variable"},"yoast_head":"<!-- This site is optimized with the Yoast SEO plugin v27.4 - https:\/\/yoast.com\/product\/yoast-seo-wordpress\/ -->\n<title>SPRAY 245 ml - Girly Angy<\/title>\n<meta name=\"robots\" content=\"index, follow, max-snippet:-1, max-image-preview:large, max-video-preview:-1\" \/>\n<link rel=\"canonical\" href=\"https:\/\/girlyangy.fr\/?product=spray-245-ml\" \/>\n<meta property=\"og:locale\" content=\"fr_FR\" \/>\n<meta property=\"og:type\" content=\"article\" \/>\n<meta property=\"og:title\" content=\"SPRAY 245 ml - Girly Angy\" \/>\n<meta property=\"og:description\" content=\"Spray d\u00e9sodorisant avec un ar\u00f4me fruit\u00e9 de melon ou fraise chantilly , de chez The Fruit Compagny. Formul\u00e9 avec des extraits naturels base hydroalcoolique Le spray convient aux tissus, absorbe les odeurs et\u2026 Ne tache pas !\u00a0Il est formul\u00e9 avec une mol\u00e9cule capable d\u2019\u00e9liminer les particules g\u00e9n\u00e9ratrices de mauvaises odeurs. Id\u00e9al pour les espaces avec [&hellip;]\" \/>\n<meta property=\"og:url\" content=\"https:\/\/girlyangy.fr\/?product=spray-245-ml\" \/>\n<meta property=\"og:site_name\" content=\"Girly Angy\" \/>\n<meta property=\"article:publisher\" content=\"https:\/\/www.facebook.com\/profile.php?id=100070618441117\" \/>\n<meta property=\"article:modified_time\" content=\"2024-05-07T22:01:53+00:00\" \/>\n<meta property=\"og:image\" content=\"https:\/\/girlyangy.fr\/wp-content\/uploads\/2023\/02\/spray-245ml-fraise-chantilly.jpg\" \/>\n\t<meta property=\"og:image:width\" content=\"1600\" \/>\n\t<meta property=\"og:image:height\" content=\"1474\" \/>\n\t<meta property=\"og:image:type\" content=\"image\/jpeg\" \/>\n<meta name=\"twitter:card\" content=\"summary_large_image\" \/>\n<meta name=\"twitter:label1\" content=\"Dur\u00e9e de lecture estim\u00e9e\" \/>\n\t<meta name=\"twitter:data1\" content=\"1 minute\" \/>\n<script type=\"application\/ld+json\" class=\"yoast-schema-graph\">{\"@context\":\"https:\\\/\\\/schema.org\",\"@graph\":[{\"@type\":\"WebPage\",\"@id\":\"https:\\\/\\\/girlyangy.fr\\\/?product=spray-245-ml\",\"url\":\"https:\\\/\\\/girlyangy.fr\\\/?product=spray-245-ml\",\"name\":\"SPRAY 245 ml - Girly Angy\",\"isPartOf\":{\"@id\":\"https:\\\/\\\/girlyangy.fr\\\/#website\"},\"primaryImageOfPage\":{\"@id\":\"https:\\\/\\\/girlyangy.fr\\\/?product=spray-245-ml#primaryimage\"},\"image\":{\"@id\":\"https:\\\/\\\/girlyangy.fr\\\/?product=spray-245-ml#primaryimage\"},\"thumbnailUrl\":\"https:\\\/\\\/i0.wp.com\\\/girlyangy.fr\\\/wp-content\\\/uploads\\\/2023\\\/02\\\/spray-245ml-fraise-chantilly.jpg?fit=1600%2C1474&ssl=1\",\"datePublished\":\"2023-02-07T14:18:41+00:00\",\"dateModified\":\"2024-05-07T22:01:53+00:00\",\"breadcrumb\":{\"@id\":\"https:\\\/\\\/girlyangy.fr\\\/?product=spray-245-ml#breadcrumb\"},\"inLanguage\":\"fr-FR\",\"potentialAction\":[{\"@type\":\"ReadAction\",\"target\":[\"https:\\\/\\\/girlyangy.fr\\\/?product=spray-245-ml\"]}]},{\"@type\":\"ImageObject\",\"inLanguage\":\"fr-FR\",\"@id\":\"https:\\\/\\\/girlyangy.fr\\\/?product=spray-245-ml#primaryimage\",\"url\":\"https:\\\/\\\/i0.wp.com\\\/girlyangy.fr\\\/wp-content\\\/uploads\\\/2023\\\/02\\\/spray-245ml-fraise-chantilly.jpg?fit=1600%2C1474&ssl=1\",\"contentUrl\":\"https:\\\/\\\/i0.wp.com\\\/girlyangy.fr\\\/wp-content\\\/uploads\\\/2023\\\/02\\\/spray-245ml-fraise-chantilly.jpg?fit=1600%2C1474&ssl=1\",\"width\":1600,\"height\":1474},{\"@type\":\"BreadcrumbList\",\"@id\":\"https:\\\/\\\/girlyangy.fr\\\/?product=spray-245-ml#breadcrumb\",\"itemListElement\":[{\"@type\":\"ListItem\",\"position\":1,\"name\":\"Accueil\",\"item\":\"https:\\\/\\\/girlyangy.fr\\\/\"},{\"@type\":\"ListItem\",\"position\":2,\"name\":\"boutique\",\"item\":\"https:\\\/\\\/girlyangy.fr\\\/?page_id=5\"},{\"@type\":\"ListItem\",\"position\":3,\"name\":\"SPRAY 245 ml\"}]},{\"@type\":\"WebSite\",\"@id\":\"https:\\\/\\\/girlyangy.fr\\\/#website\",\"url\":\"https:\\\/\\\/girlyangy.fr\\\/\",\"name\":\"Girly Angy\",\"description\":\"R\u00e9v\u00e9lez votre f\u00e9minit\u00e9\",\"publisher\":{\"@id\":\"https:\\\/\\\/girlyangy.fr\\\/#organization\"},\"potentialAction\":[{\"@type\":\"SearchAction\",\"target\":{\"@type\":\"EntryPoint\",\"urlTemplate\":\"https:\\\/\\\/girlyangy.fr\\\/?s={search_term_string}\"},\"query-input\":{\"@type\":\"PropertyValueSpecification\",\"valueRequired\":true,\"valueName\":\"search_term_string\"}}],\"inLanguage\":\"fr-FR\"},{\"@type\":\"Organization\",\"@id\":\"https:\\\/\\\/girlyangy.fr\\\/#organization\",\"name\":\"Girly Angy\",\"url\":\"https:\\\/\\\/girlyangy.fr\\\/\",\"logo\":{\"@type\":\"ImageObject\",\"inLanguage\":\"fr-FR\",\"@id\":\"https:\\\/\\\/girlyangy.fr\\\/#\\\/schema\\\/logo\\\/image\\\/\",\"url\":\"https:\\\/\\\/girlyangy.fr\\\/wp-content\\\/uploads\\\/2023\\\/02\\\/cropped-logo-girly-angy.png\",\"contentUrl\":\"https:\\\/\\\/girlyangy.fr\\\/wp-content\\\/uploads\\\/2023\\\/02\\\/cropped-logo-girly-angy.png\",\"width\":512,\"height\":512,\"caption\":\"Girly Angy\"},\"image\":{\"@id\":\"https:\\\/\\\/girlyangy.fr\\\/#\\\/schema\\\/logo\\\/image\\\/\"},\"sameAs\":[\"https:\\\/\\\/www.facebook.com\\\/profile.php?id=100070618441117\",\"https:\\\/\\\/www.instagram.com\\\/girly.shop76\"]}]}<\/script>\n<!-- \/ Yoast SEO plugin. -->","yoast_head_json":{"title":"SPRAY 245 ml - Girly Angy","robots":{"index":"index","follow":"follow","max-snippet":"max-snippet:-1","max-image-preview":"max-image-preview:large","max-video-preview":"max-video-preview:-1"},"canonical":"https:\/\/girlyangy.fr\/?product=spray-245-ml","og_locale":"fr_FR","og_type":"article","og_title":"SPRAY 245 ml - Girly Angy","og_description":"Spray d\u00e9sodorisant avec un ar\u00f4me fruit\u00e9 de melon ou fraise chantilly , de chez The Fruit Compagny. Formul\u00e9 avec des extraits naturels base hydroalcoolique Le spray convient aux tissus, absorbe les odeurs et\u2026 Ne tache pas !\u00a0Il est formul\u00e9 avec une mol\u00e9cule capable d\u2019\u00e9liminer les particules g\u00e9n\u00e9ratrices de mauvaises odeurs. Id\u00e9al pour les espaces avec [&hellip;]","og_url":"https:\/\/girlyangy.fr\/?product=spray-245-ml","og_site_name":"Girly Angy","article_publisher":"https:\/\/www.facebook.com\/profile.php?id=100070618441117","article_modified_time":"2024-05-07T22:01:53+00:00","og_image":[{"width":1600,"height":1474,"url":"https:\/\/girlyangy.fr\/wp-content\/uploads\/2023\/02\/spray-245ml-fraise-chantilly.jpg","type":"image\/jpeg"}],"twitter_card":"summary_large_image","twitter_misc":{"Dur\u00e9e de lecture estim\u00e9e":"1 minute"},"schema":{"@context":"https:\/\/schema.org","@graph":[{"@type":"WebPage","@id":"https:\/\/girlyangy.fr\/?product=spray-245-ml","url":"https:\/\/girlyangy.fr\/?product=spray-245-ml","name":"SPRAY 245 ml - Girly Angy","isPartOf":{"@id":"https:\/\/girlyangy.fr\/#website"},"primaryImageOfPage":{"@id":"https:\/\/girlyangy.fr\/?product=spray-245-ml#primaryimage"},"image":{"@id":"https:\/\/girlyangy.fr\/?product=spray-245-ml#primaryimage"},"thumbnailUrl":"https:\/\/i0.wp.com\/girlyangy.fr\/wp-content\/uploads\/2023\/02\/spray-245ml-fraise-chantilly.jpg?fit=1600%2C1474&ssl=1","datePublished":"2023-02-07T14:18:41+00:00","dateModified":"2024-05-07T22:01:53+00:00","breadcrumb":{"@id":"https:\/\/girlyangy.fr\/?product=spray-245-ml#breadcrumb"},"inLanguage":"fr-FR","potentialAction":[{"@type":"ReadAction","target":["https:\/\/girlyangy.fr\/?product=spray-245-ml"]}]},{"@type":"ImageObject","inLanguage":"fr-FR","@id":"https:\/\/girlyangy.fr\/?product=spray-245-ml#primaryimage","url":"https:\/\/i0.wp.com\/girlyangy.fr\/wp-content\/uploads\/2023\/02\/spray-245ml-fraise-chantilly.jpg?fit=1600%2C1474&ssl=1","contentUrl":"https:\/\/i0.wp.com\/girlyangy.fr\/wp-content\/uploads\/2023\/02\/spray-245ml-fraise-chantilly.jpg?fit=1600%2C1474&ssl=1","width":1600,"height":1474},{"@type":"BreadcrumbList","@id":"https:\/\/girlyangy.fr\/?product=spray-245-ml#breadcrumb","itemListElement":[{"@type":"ListItem","position":1,"name":"Accueil","item":"https:\/\/girlyangy.fr\/"},{"@type":"ListItem","position":2,"name":"boutique","item":"https:\/\/girlyangy.fr\/?page_id=5"},{"@type":"ListItem","position":3,"name":"SPRAY 245 ml"}]},{"@type":"WebSite","@id":"https:\/\/girlyangy.fr\/#website","url":"https:\/\/girlyangy.fr\/","name":"Girly Angy","description":"R\u00e9v\u00e9lez votre f\u00e9minit\u00e9","publisher":{"@id":"https:\/\/girlyangy.fr\/#organization"},"potentialAction":[{"@type":"SearchAction","target":{"@type":"EntryPoint","urlTemplate":"https:\/\/girlyangy.fr\/?s={search_term_string}"},"query-input":{"@type":"PropertyValueSpecification","valueRequired":true,"valueName":"search_term_string"}}],"inLanguage":"fr-FR"},{"@type":"Organization","@id":"https:\/\/girlyangy.fr\/#organization","name":"Girly Angy","url":"https:\/\/girlyangy.fr\/","logo":{"@type":"ImageObject","inLanguage":"fr-FR","@id":"https:\/\/girlyangy.fr\/#\/schema\/logo\/image\/","url":"https:\/\/girlyangy.fr\/wp-content\/uploads\/2023\/02\/cropped-logo-girly-angy.png","contentUrl":"https:\/\/girlyangy.fr\/wp-content\/uploads\/2023\/02\/cropped-logo-girly-angy.png","width":512,"height":512,"caption":"Girly Angy"},"image":{"@id":"https:\/\/girlyangy.fr\/#\/schema\/logo\/image\/"},"sameAs":["https:\/\/www.facebook.com\/profile.php?id=100070618441117","https:\/\/www.instagram.com\/girly.shop76"]}]}},"jetpack_sharing_enabled":true,"_links":{"self":[{"href":"https:\/\/girlyangy.fr\/index.php?rest_route=\/wp\/v2\/product\/741","targetHints":{"allow":["GET"]}}],"collection":[{"href":"https:\/\/girlyangy.fr\/index.php?rest_route=\/wp\/v2\/product"}],"about":[{"href":"https:\/\/girlyangy.fr\/index.php?rest_route=\/wp\/v2\/types\/product"}],"replies":[{"embeddable":true,"href":"https:\/\/girlyangy.fr\/index.php?rest_route=%2Fwp%2Fv2%2Fcomments&post=741"}],"wp:featuredmedia":[{"embeddable":true,"href":"https:\/\/girlyangy.fr\/index.php?rest_route=\/wp\/v2\/media\/744"}],"wp:attachment":[{"href":"https:\/\/girlyangy.fr\/index.php?rest_route=%2Fwp%2Fv2%2Fmedia&parent=741"}],"wp:term":[{"taxonomy":"product_brand","embeddable":true,"href":"https:\/\/girlyangy.fr\/index.php?rest_route=%2Fwp%2Fv2%2Fproduct_brand&post=741"},{"taxonomy":"product_cat","embeddable":true,"href":"https:\/\/girlyangy.fr\/index.php?rest_route=%2Fwp%2Fv2%2Fproduct_cat&post=741"},{"taxonomy":"product_tag","embeddable":true,"href":"https:\/\/girlyangy.fr\/index.php?rest_route=%2Fwp%2Fv2%2Fproduct_tag&post=741"}],"curies":[{"name":"wp","href":"https:\/\/api.w.org\/{rel}","templated":true}]}}